{"id":6365,"date":"2024-06-09T06:35:02","date_gmt":"2024-06-09T04:35:02","guid":{"rendered":"https:\/\/www.labourdaisiere.com\/politica-de-privacidade\/"},"modified":"2024-07-23T10:44:07","modified_gmt":"2024-07-23T08:44:07","slug":"politica-de-privacidade","status":"publish","type":"page","link":"https:\/\/www.labourdaisiere.com\/pt-br\/politica-de-privacidade\/","title":{"rendered":"Pol\u00edtica de privacidade"},"content":{"rendered":"\n<h2 class=\"wp-block-heading\">Quem somos n\u00f3s?<\/h2>\n\n<p><strong class=\"privacy-policy-tutorial\">Texto sugerido: <\/strong>O endere\u00e7o de nosso site \u00e9: http:\/\/new.labourdaisiere.com.<\/p>\n\n<h2 class=\"wp-block-heading\">Coment\u00e1rios<\/h2>\n\n<p><strong class=\"privacy-policy-tutorial\">Texto sugerido: <\/strong>Quando voc\u00ea deixa um coment\u00e1rio em nosso site, os dados inseridos no formul\u00e1rio de coment\u00e1rio, bem como seu endere\u00e7o IP e o agente de usu\u00e1rio do seu navegador, s\u00e3o coletados para nos ajudar a detectar coment\u00e1rios indesej\u00e1veis.<\/p>\n\n<p>Uma cadeia an\u00f4nima criada a partir do seu endere\u00e7o de e-mail (tamb\u00e9m conhecida como hash) pode ser enviada ao servi\u00e7o Gravatar para verificar se voc\u00ea o est\u00e1 usando. A pol\u00edtica de privacidade do Gravatar est\u00e1 dispon\u00edvel aqui: https:\/\/automattic.com\/privacy\/. Quando seu coment\u00e1rio for validado, sua foto de perfil ficar\u00e1 vis\u00edvel publicamente ao lado do seu coment\u00e1rio.<\/p>\n\n<h2 class=\"wp-block-heading\">M\u00eddia<\/h2>\n\n<p><strong class=\"privacy-policy-tutorial\">Texto sugerido: <\/strong>Se voc\u00ea fizer upload de imagens para o site, recomendamos que evite fazer upload de imagens que contenham dados EXIF de coordenadas de GPS. As pessoas que visitam seu site podem fazer download e extrair dados de localiza\u00e7\u00e3o dessas imagens.<\/p>\n\n<h2 class=\"wp-block-heading\">Cookies<\/h2>\n\n<p><strong class=\"privacy-policy-tutorial\">Texto sugerido: <\/strong>Se voc\u00ea deixar um coment\u00e1rio em nosso site, voc\u00ea ser\u00e1 solicitado a salvar seu nome, endere\u00e7o de e-mail e site nos cookies. Isso \u00e9 apenas para sua conveni\u00eancia, para que voc\u00ea n\u00e3o tenha que inserir essas informa\u00e7\u00f5es se postar outro coment\u00e1rio posteriormente. Esses cookies expiram ap\u00f3s um ano.<\/p>\n\n<p>Se voc\u00ea acessar a p\u00e1gina de login, ser\u00e1 criado um cookie tempor\u00e1rio para determinar se o seu navegador aceita cookies. Ele n\u00e3o cont\u00e9m nenhum dado pessoal e ser\u00e1 exclu\u00eddo automaticamente quando voc\u00ea fechar o navegador.<\/p>\n\n<p>Quando voc\u00ea fizer login, definiremos v\u00e1rios cookies para registrar seus detalhes de login e prefer\u00eancias de tela. A vida \u00fatil de um cookie de conex\u00e3o \u00e9 de dois dias e a de um cookie de op\u00e7\u00e3o de tela \u00e9 de um ano. Se voc\u00ea marcar &#8220;Remember me&#8221;, seu cookie de conex\u00e3o ser\u00e1 armazenado por quinze dias. Se voc\u00ea sair da sua conta, o cookie de conex\u00e3o ser\u00e1 exclu\u00eddo.<\/p>\n\n<p>Ao modificar ou publicar uma publica\u00e7\u00e3o, um cookie adicional ser\u00e1 armazenado em seu navegador. Esse cookie n\u00e3o cont\u00e9m nenhum dado pessoal. Ele simplesmente indica o ID da publica\u00e7\u00e3o que voc\u00ea acabou de modificar. Ele expira ap\u00f3s um dia.<\/p>\n\n<h2 class=\"wp-block-heading\">Conte\u00fado incorporado de outros sites<\/h2>\n\n<p><strong class=\"privacy-policy-tutorial\">Texto sugerido: <\/strong>Os artigos deste site podem incluir conte\u00fado incorporado (por exemplo, v\u00eddeos, imagens, artigos, etc.). O conte\u00fado integrado de outros sites se comporta da mesma forma como se o visitante estivesse visitando esse outro site.<\/p>\n\n<p>Esses sites podem coletar dados sobre voc\u00ea, usar cookies, incorporar ferramentas de rastreamento de terceiros e rastrear suas intera\u00e7\u00f5es com esse conte\u00fado incorporado se voc\u00ea tiver uma conta conectada no site deles.<\/p>\n\n<h2 class=\"wp-block-heading\">Uso e transmiss\u00e3o de seus dados pessoais<\/h2>\n\n<p><strong class=\"privacy-policy-tutorial\">Texto sugerido: <\/strong>Se voc\u00ea solicitar uma redefini\u00e7\u00e3o de senha, seu endere\u00e7o IP ser\u00e1 inclu\u00eddo no e-mail de redefini\u00e7\u00e3o.<\/p>\n\n<h2 class=\"wp-block-heading\">Per\u00edodos de armazenamento de seus dados<\/h2>\n\n<p><strong class=\"privacy-policy-tutorial\">Texto sugerido: <\/strong>Se voc\u00ea deixar um coment\u00e1rio, o coment\u00e1rio e seus metadados ser\u00e3o mantidos indefinidamente. Isso permite que os coment\u00e1rios subsequentes sejam reconhecidos e aprovados automaticamente, em vez de ficarem na fila de modera\u00e7\u00e3o.<\/p>\n\n<p>Para contas que se registram em nosso site (quando aplic\u00e1vel), tamb\u00e9m armazenamos os dados pessoais indicados em seu perfil. Todas as contas podem visualizar, modificar ou excluir suas informa\u00e7\u00f5es pessoais a qualquer momento (com exce\u00e7\u00e3o do login). Os gerentes do site tamb\u00e9m podem visualizar e modificar essas informa\u00e7\u00f5es.<\/p>\n\n<h2 class=\"wp-block-heading\">Os direitos que voc\u00ea tem sobre seus dados<\/h2>\n\n<p><strong class=\"privacy-policy-tutorial\">Texto sugerido: <\/strong>Se voc\u00ea tiver uma conta ou tiver deixado coment\u00e1rios no site, poder\u00e1 solicitar o recebimento de um arquivo contendo todos os dados pessoais que mantemos sobre voc\u00ea, inclusive aqueles que voc\u00ea nos forneceu. Voc\u00ea tamb\u00e9m pode solicitar a exclus\u00e3o de seus dados pessoais. Isso n\u00e3o inclui dados armazenados para fins administrativos, legais ou de seguran\u00e7a.<\/p>\n\n<h2 class=\"wp-block-heading\">Para onde seus dados s\u00e3o enviados<\/h2>\n\n<p><strong class=\"privacy-policy-tutorial\">Texto sugerido: <\/strong>Os coment\u00e1rios dos visitantes podem ser verificados usando um servi\u00e7o automatizado para detectar coment\u00e1rios indesej\u00e1veis.<\/p>\n","protected":false},"excerpt":{"rendered":"<p>Quem somos n\u00f3s? Texto sugerido: O endere\u00e7o de nosso site \u00e9: http:\/\/new.labourdaisiere.com. Coment\u00e1rios Texto sugerido: Quando voc\u00ea deixa um coment\u00e1rio em nosso site, os dados inseridos no formul\u00e1rio de coment\u00e1rio, bem como seu endere\u00e7o IP e o agente de usu\u00e1rio do seu navegador, s\u00e3o coletados para nos ajudar a detectar coment\u00e1rios indesej\u00e1veis. Uma cadeia an\u00f4nima [&hellip;]<\/p>\n","protected":false},"author":1,"featured_media":0,"parent":0,"menu_order":0,"comment_status":"closed","ping_status":"closed","template":"","meta":{"footnotes":""},"class_list":["post-6365","page","type-page","status-publish","hentry"],"yoast_head":"<!-- This site is optimized with the Yoast SEO plugin v27.2 - https:\/\/yoast.com\/product\/yoast-seo-wordpress\/ -->\n<title>Pol\u00edtica de privacidade - Ch\u00e2teau de la Bourdaisi\u00e8re \u00b7 H\u00f4tel de charme *** \u00b7 Val de Loire<\/title>\n<meta name=\"robots\" content=\"index, follow, max-snippet:-1, max-image-preview:large, max-video-preview:-1\" \/>\n<link rel=\"canonical\" href=\"https:\/\/www.labourdaisiere.com\/pt-br\/politica-de-privacidade\/\" \/>\n<meta property=\"og:locale\" content=\"pt_BR\" \/>\n<meta property=\"og:type\" content=\"article\" \/>\n<meta property=\"og:title\" content=\"Pol\u00edtica de privacidade - Ch\u00e2teau de la Bourdaisi\u00e8re \u00b7 H\u00f4tel de charme *** \u00b7 Val de Loire\" \/>\n<meta property=\"og:description\" content=\"Quem somos n\u00f3s? Texto sugerido: O endere\u00e7o de nosso site \u00e9: http:\/\/new.labourdaisiere.com. Coment\u00e1rios Texto sugerido: Quando voc\u00ea deixa um coment\u00e1rio em nosso site, os dados inseridos no formul\u00e1rio de coment\u00e1rio, bem como seu endere\u00e7o IP e o agente de usu\u00e1rio do seu navegador, s\u00e3o coletados para nos ajudar a detectar coment\u00e1rios indesej\u00e1veis. Uma cadeia an\u00f4nima [&hellip;]\" \/>\n<meta property=\"og:url\" content=\"https:\/\/www.labourdaisiere.com\/pt-br\/politica-de-privacidade\/\" \/>\n<meta property=\"og:site_name\" content=\"Ch\u00e2teau de la Bourdaisi\u00e8re \u00b7 H\u00f4tel de charme *** \u00b7 Val de Loire\" \/>\n<meta property=\"article:publisher\" content=\"https:\/\/www.facebook.com\/labourdaisiere\/\" \/>\n<meta property=\"article:modified_time\" content=\"2024-07-23T08:44:07+00:00\" \/>\n<meta name=\"twitter:card\" content=\"summary_large_image\" \/>\n<meta name=\"twitter:label1\" content=\"Est. tempo de leitura\" \/>\n\t<meta name=\"twitter:data1\" content=\"3 minutos\" \/>\n<script type=\"application\/ld+json\" class=\"yoast-schema-graph\">{\"@context\":\"https:\/\/schema.org\",\"@graph\":[{\"@type\":\"WebPage\",\"@id\":\"https:\/\/www.labourdaisiere.com\/pt-br\/politica-de-privacidade\/\",\"url\":\"https:\/\/www.labourdaisiere.com\/pt-br\/politica-de-privacidade\/\",\"name\":\"Pol\u00edtica de privacidade - Ch\u00e2teau de la Bourdaisi\u00e8re \u00b7 H\u00f4tel de charme *** \u00b7 Val de Loire\",\"isPartOf\":{\"@id\":\"https:\/\/www.labourdaisiere.com\/pt-br\/#website\"},\"datePublished\":\"2024-06-09T04:35:02+00:00\",\"dateModified\":\"2024-07-23T08:44:07+00:00\",\"breadcrumb\":{\"@id\":\"https:\/\/www.labourdaisiere.com\/pt-br\/politica-de-privacidade\/#breadcrumb\"},\"inLanguage\":\"pt-BR\",\"potentialAction\":[{\"@type\":\"ReadAction\",\"target\":[\"https:\/\/www.labourdaisiere.com\/pt-br\/politica-de-privacidade\/\"]}]},{\"@type\":\"BreadcrumbList\",\"@id\":\"https:\/\/www.labourdaisiere.com\/pt-br\/politica-de-privacidade\/#breadcrumb\",\"itemListElement\":[{\"@type\":\"ListItem\",\"position\":1,\"name\":\"Accueil\",\"item\":\"https:\/\/www.labourdaisiere.com\/pt-br\/inicio\/\"},{\"@type\":\"ListItem\",\"position\":2,\"name\":\"Pol\u00edtica de privacidade\"}]},{\"@type\":\"WebSite\",\"@id\":\"https:\/\/www.labourdaisiere.com\/pt-br\/#website\",\"url\":\"https:\/\/www.labourdaisiere.com\/pt-br\/\",\"name\":\"Ch\u00e2teau de la Bourdaisi\u00e8re \u00b7 H\u00f4tel de charme *** \u00b7 Val de Loire\",\"description\":\"H\u00f4tel 3 \u00e9toiles situ\u00e9 au c\u0153ur des ch\u00e2teaux de la Loire, est l&#039;endroit id\u00e9al pour vous ressourcer en pleine nature.\",\"publisher\":{\"@id\":\"https:\/\/www.labourdaisiere.com\/pt-br\/#organization\"},\"potentialAction\":[{\"@type\":\"SearchAction\",\"target\":{\"@type\":\"EntryPoint\",\"urlTemplate\":\"https:\/\/www.labourdaisiere.com\/pt-br\/?s={search_term_string}\"},\"query-input\":{\"@type\":\"PropertyValueSpecification\",\"valueRequired\":true,\"valueName\":\"search_term_string\"}}],\"inLanguage\":\"pt-BR\"},{\"@type\":\"Organization\",\"@id\":\"https:\/\/www.labourdaisiere.com\/pt-br\/#organization\",\"name\":\"Ch\u00e2teau de la Bourdaisi\u00e8re \u00b7 H\u00f4tel de charme *** \u00b7 Val de Loire\",\"url\":\"https:\/\/www.labourdaisiere.com\/pt-br\/\",\"logo\":{\"@type\":\"ImageObject\",\"inLanguage\":\"pt-BR\",\"@id\":\"https:\/\/www.labourdaisiere.com\/pt-br\/#\/schema\/logo\/image\/\",\"url\":\"https:\/\/www.labourdaisiere.com\/wp-content\/uploads\/2024\/06\/Logo-1.png\",\"contentUrl\":\"https:\/\/www.labourdaisiere.com\/wp-content\/uploads\/2024\/06\/Logo-1.png\",\"width\":706,\"height\":213,\"caption\":\"Ch\u00e2teau de la Bourdaisi\u00e8re \u00b7 H\u00f4tel de charme *** \u00b7 Val de Loire\"},\"image\":{\"@id\":\"https:\/\/www.labourdaisiere.com\/pt-br\/#\/schema\/logo\/image\/\"},\"sameAs\":[\"https:\/\/www.facebook.com\/labourdaisiere\/\",\"https:\/\/www.instagram.com\/chateau_la_bourdaisiere\/\",\"https:\/\/fr.linkedin.com\/company\/deyrolle\"]}]}<\/script>\n<!-- \/ Yoast SEO plugin. -->","yoast_head_json":{"title":"Pol\u00edtica de privacidade - Ch\u00e2teau de la Bourdaisi\u00e8re \u00b7 H\u00f4tel de charme *** \u00b7 Val de Loire","robots":{"index":"index","follow":"follow","max-snippet":"max-snippet:-1","max-image-preview":"max-image-preview:large","max-video-preview":"max-video-preview:-1"},"canonical":"https:\/\/www.labourdaisiere.com\/pt-br\/politica-de-privacidade\/","og_locale":"pt_BR","og_type":"article","og_title":"Pol\u00edtica de privacidade - Ch\u00e2teau de la Bourdaisi\u00e8re \u00b7 H\u00f4tel de charme *** \u00b7 Val de Loire","og_description":"Quem somos n\u00f3s? Texto sugerido: O endere\u00e7o de nosso site \u00e9: http:\/\/new.labourdaisiere.com. Coment\u00e1rios Texto sugerido: Quando voc\u00ea deixa um coment\u00e1rio em nosso site, os dados inseridos no formul\u00e1rio de coment\u00e1rio, bem como seu endere\u00e7o IP e o agente de usu\u00e1rio do seu navegador, s\u00e3o coletados para nos ajudar a detectar coment\u00e1rios indesej\u00e1veis. Uma cadeia an\u00f4nima [&hellip;]","og_url":"https:\/\/www.labourdaisiere.com\/pt-br\/politica-de-privacidade\/","og_site_name":"Ch\u00e2teau de la Bourdaisi\u00e8re \u00b7 H\u00f4tel de charme *** \u00b7 Val de Loire","article_publisher":"https:\/\/www.facebook.com\/labourdaisiere\/","article_modified_time":"2024-07-23T08:44:07+00:00","twitter_card":"summary_large_image","twitter_misc":{"Est. tempo de leitura":"3 minutos"},"schema":{"@context":"https:\/\/schema.org","@graph":[{"@type":"WebPage","@id":"https:\/\/www.labourdaisiere.com\/pt-br\/politica-de-privacidade\/","url":"https:\/\/www.labourdaisiere.com\/pt-br\/politica-de-privacidade\/","name":"Pol\u00edtica de privacidade - Ch\u00e2teau de la Bourdaisi\u00e8re \u00b7 H\u00f4tel de charme *** \u00b7 Val de Loire","isPartOf":{"@id":"https:\/\/www.labourdaisiere.com\/pt-br\/#website"},"datePublished":"2024-06-09T04:35:02+00:00","dateModified":"2024-07-23T08:44:07+00:00","breadcrumb":{"@id":"https:\/\/www.labourdaisiere.com\/pt-br\/politica-de-privacidade\/#breadcrumb"},"inLanguage":"pt-BR","potentialAction":[{"@type":"ReadAction","target":["https:\/\/www.labourdaisiere.com\/pt-br\/politica-de-privacidade\/"]}]},{"@type":"BreadcrumbList","@id":"https:\/\/www.labourdaisiere.com\/pt-br\/politica-de-privacidade\/#breadcrumb","itemListElement":[{"@type":"ListItem","position":1,"name":"Accueil","item":"https:\/\/www.labourdaisiere.com\/pt-br\/inicio\/"},{"@type":"ListItem","position":2,"name":"Pol\u00edtica de privacidade"}]},{"@type":"WebSite","@id":"https:\/\/www.labourdaisiere.com\/pt-br\/#website","url":"https:\/\/www.labourdaisiere.com\/pt-br\/","name":"Ch\u00e2teau de la Bourdaisi\u00e8re \u00b7 H\u00f4tel de charme *** \u00b7 Val de Loire","description":"H\u00f4tel 3 \u00e9toiles situ\u00e9 au c\u0153ur des ch\u00e2teaux de la Loire, est l&#039;endroit id\u00e9al pour vous ressourcer en pleine nature.","publisher":{"@id":"https:\/\/www.labourdaisiere.com\/pt-br\/#organization"},"potentialAction":[{"@type":"SearchAction","target":{"@type":"EntryPoint","urlTemplate":"https:\/\/www.labourdaisiere.com\/pt-br\/?s={search_term_string}"},"query-input":{"@type":"PropertyValueSpecification","valueRequired":true,"valueName":"search_term_string"}}],"inLanguage":"pt-BR"},{"@type":"Organization","@id":"https:\/\/www.labourdaisiere.com\/pt-br\/#organization","name":"Ch\u00e2teau de la Bourdaisi\u00e8re \u00b7 H\u00f4tel de charme *** \u00b7 Val de Loire","url":"https:\/\/www.labourdaisiere.com\/pt-br\/","logo":{"@type":"ImageObject","inLanguage":"pt-BR","@id":"https:\/\/www.labourdaisiere.com\/pt-br\/#\/schema\/logo\/image\/","url":"https:\/\/www.labourdaisiere.com\/wp-content\/uploads\/2024\/06\/Logo-1.png","contentUrl":"https:\/\/www.labourdaisiere.com\/wp-content\/uploads\/2024\/06\/Logo-1.png","width":706,"height":213,"caption":"Ch\u00e2teau de la Bourdaisi\u00e8re \u00b7 H\u00f4tel de charme *** \u00b7 Val de Loire"},"image":{"@id":"https:\/\/www.labourdaisiere.com\/pt-br\/#\/schema\/logo\/image\/"},"sameAs":["https:\/\/www.facebook.com\/labourdaisiere\/","https:\/\/www.instagram.com\/chateau_la_bourdaisiere\/","https:\/\/fr.linkedin.com\/company\/deyrolle"]}]}},"_links":{"self":[{"href":"https:\/\/www.labourdaisiere.com\/pt-br\/wp-json\/wp\/v2\/pages\/6365","targetHints":{"allow":["GET"]}}],"collection":[{"href":"https:\/\/www.labourdaisiere.com\/pt-br\/wp-json\/wp\/v2\/pages"}],"about":[{"href":"https:\/\/www.labourdaisiere.com\/pt-br\/wp-json\/wp\/v2\/types\/page"}],"author":[{"embeddable":true,"href":"https:\/\/www.labourdaisiere.com\/pt-br\/wp-json\/wp\/v2\/users\/1"}],"replies":[{"embeddable":true,"href":"https:\/\/www.labourdaisiere.com\/pt-br\/wp-json\/wp\/v2\/comments?post=6365"}],"version-history":[{"count":1,"href":"https:\/\/www.labourdaisiere.com\/pt-br\/wp-json\/wp\/v2\/pages\/6365\/revisions"}],"predecessor-version":[{"id":6376,"href":"https:\/\/www.labourdaisiere.com\/pt-br\/wp-json\/wp\/v2\/pages\/6365\/revisions\/6376"}],"wp:attachment":[{"href":"https:\/\/www.labourdaisiere.com\/pt-br\/wp-json\/wp\/v2\/media?parent=6365"}],"curies":[{"name":"wp","href":"https:\/\/api.w.org\/{rel}","templated":true}]}}