{"id":6159,"date":"2024-07-08T13:59:15","date_gmt":"2024-07-08T11:59:15","guid":{"rendered":"https:\/\/www.labourdaisiere.com\/informacoes-legais\/"},"modified":"2024-07-23T10:43:43","modified_gmt":"2024-07-23T08:43:43","slug":"informacoes-legais","status":"publish","type":"page","link":"https:\/\/www.labourdaisiere.com\/pt-br\/informacoes-legais\/","title":{"rendered":"Informa\u00e7\u00f5es legais"},"content":{"rendered":"\n<h3 class=\"wp-block-heading\">1. Informa\u00e7\u00f5es legais<\/h3>\n\n<p>O site www.labourdaisi\u00e8re.com \u00e9 gerenciado e publicado pela La Bourdaisi\u00e8re SAS, localizada em 25, rue de La Bourdaisi\u00e8re 37270 Montlouis sur Loire, Fran\u00e7a.<\/p>\n\n<p>Hospedagem do site: Nuxit Groupe magic Online <a href=\"https:\/\/www.nuxit.com\">https:\/\/www.nuxit.com<\/a><\/p>\n\n<h3 class=\"wp-block-heading\">2. Propriedade intelectual<\/h3>\n\n<p>Todo este site \u00e9 coberto pela legisla\u00e7\u00e3o de propriedade intelectual. Todos os direitos de reprodu\u00e7\u00e3o reservados. Todos os elementos visuais, textuais e sonoros do site www.labourdaisi\u00e8re.com s\u00e3o de propriedade exclusiva da La Bourdaisi\u00e8re. As fotografias deste site s\u00e3o de propriedade exclusiva do Grupo Deyrolle. Todos os direitos reservados. Qualquer reprodu\u00e7\u00e3o, distribui\u00e7\u00e3o, modifica\u00e7\u00e3o ou uso n\u00e3o autorizado \u00e9 estritamente proibido.<br\/><br\/>As fotografias usadas neste site s\u00e3o fotografias originais tiradas por xxx xxxx<\/p>\n\n<p>A reprodu\u00e7\u00e3o total ou parcial deste site ou de seus componentes, em qualquer m\u00eddia, por qualquer processo, \u00e9 estritamente proibida sem a autoriza\u00e7\u00e3o expressa e por escrito da DEYROLLE e constituiria uma infra\u00e7\u00e3o pun\u00edvel pelos artigos L 335-2 e seguintes do C\u00f3digo de Propriedade Intelectual franc\u00eas. A marca La Bourdaisi\u00e8re \u00e9 uma marca registrada.<\/p>\n\n<p>Qualquer reprodu\u00e7\u00e3o total ou parcial dessas marcas registradas sem a autoriza\u00e7\u00e3o expressa por escrito de La Bourdaisi\u00e8re \u00e9 proibida nos termos dos artigos L 713-2 e L 713-3 do C\u00f3digo de Propriedade Intelectual franc\u00eas e constituiria uma infra\u00e7\u00e3o.<\/p>\n","protected":false},"excerpt":{"rendered":"<p>1. Informa\u00e7\u00f5es legais O site www.labourdaisi\u00e8re.com \u00e9 gerenciado e publicado pela La Bourdaisi\u00e8re SAS, localizada em 25, rue de La Bourdaisi\u00e8re 37270 Montlouis sur Loire, Fran\u00e7a. Hospedagem do site: Nuxit Groupe magic Online https:\/\/www.nuxit.com 2. Propriedade intelectual Todo este site \u00e9 coberto pela legisla\u00e7\u00e3o de propriedade intelectual. Todos os direitos de reprodu\u00e7\u00e3o reservados. Todos os [&hellip;]<\/p>\n","protected":false},"author":1,"featured_media":0,"parent":0,"menu_order":0,"comment_status":"closed","ping_status":"closed","template":"","meta":{"footnotes":""},"class_list":["post-6159","page","type-page","status-publish","hentry"],"yoast_head":"<!-- This site is optimized with the Yoast SEO plugin v27.2 - https:\/\/yoast.com\/product\/yoast-seo-wordpress\/ -->\n<title>Informa\u00e7\u00f5es legais - Ch\u00e2teau de la Bourdaisi\u00e8re \u00b7 H\u00f4tel de charme *** \u00b7 Val de Loire<\/title>\n<meta name=\"robots\" content=\"index, follow, max-snippet:-1, max-image-preview:large, max-video-preview:-1\" \/>\n<link rel=\"canonical\" href=\"https:\/\/www.labourdaisiere.com\/pt-br\/informacoes-legais\/\" \/>\n<meta property=\"og:locale\" content=\"pt_BR\" \/>\n<meta property=\"og:type\" content=\"article\" \/>\n<meta property=\"og:title\" content=\"Informa\u00e7\u00f5es legais - Ch\u00e2teau de la Bourdaisi\u00e8re \u00b7 H\u00f4tel de charme *** \u00b7 Val de Loire\" \/>\n<meta property=\"og:description\" content=\"1. Informa\u00e7\u00f5es legais O site www.labourdaisi\u00e8re.com \u00e9 gerenciado e publicado pela La Bourdaisi\u00e8re SAS, localizada em 25, rue de La Bourdaisi\u00e8re 37270 Montlouis sur Loire, Fran\u00e7a. Hospedagem do site: Nuxit Groupe magic Online https:\/\/www.nuxit.com 2. Propriedade intelectual Todo este site \u00e9 coberto pela legisla\u00e7\u00e3o de propriedade intelectual. Todos os direitos de reprodu\u00e7\u00e3o reservados. Todos os [&hellip;]\" \/>\n<meta property=\"og:url\" content=\"https:\/\/www.labourdaisiere.com\/pt-br\/informacoes-legais\/\" \/>\n<meta property=\"og:site_name\" content=\"Ch\u00e2teau de la Bourdaisi\u00e8re \u00b7 H\u00f4tel de charme *** \u00b7 Val de Loire\" \/>\n<meta property=\"article:publisher\" content=\"https:\/\/www.facebook.com\/labourdaisiere\/\" \/>\n<meta property=\"article:modified_time\" content=\"2024-07-23T08:43:43+00:00\" \/>\n<meta name=\"twitter:card\" content=\"summary_large_image\" \/>\n<meta name=\"twitter:label1\" content=\"Est. tempo de leitura\" \/>\n\t<meta name=\"twitter:data1\" content=\"1 minuto\" \/>\n<script type=\"application\/ld+json\" class=\"yoast-schema-graph\">{\"@context\":\"https:\/\/schema.org\",\"@graph\":[{\"@type\":\"WebPage\",\"@id\":\"https:\/\/www.labourdaisiere.com\/pt-br\/informacoes-legais\/\",\"url\":\"https:\/\/www.labourdaisiere.com\/pt-br\/informacoes-legais\/\",\"name\":\"Informa\u00e7\u00f5es legais - Ch\u00e2teau de la Bourdaisi\u00e8re \u00b7 H\u00f4tel de charme *** \u00b7 Val de Loire\",\"isPartOf\":{\"@id\":\"https:\/\/www.labourdaisiere.com\/pt-br\/#website\"},\"datePublished\":\"2024-07-08T11:59:15+00:00\",\"dateModified\":\"2024-07-23T08:43:43+00:00\",\"breadcrumb\":{\"@id\":\"https:\/\/www.labourdaisiere.com\/pt-br\/informacoes-legais\/#breadcrumb\"},\"inLanguage\":\"pt-BR\",\"potentialAction\":[{\"@type\":\"ReadAction\",\"target\":[\"https:\/\/www.labourdaisiere.com\/pt-br\/informacoes-legais\/\"]}]},{\"@type\":\"BreadcrumbList\",\"@id\":\"https:\/\/www.labourdaisiere.com\/pt-br\/informacoes-legais\/#breadcrumb\",\"itemListElement\":[{\"@type\":\"ListItem\",\"position\":1,\"name\":\"Accueil\",\"item\":\"https:\/\/www.labourdaisiere.com\/pt-br\/inicio\/\"},{\"@type\":\"ListItem\",\"position\":2,\"name\":\"Informa\u00e7\u00f5es legais\"}]},{\"@type\":\"WebSite\",\"@id\":\"https:\/\/www.labourdaisiere.com\/pt-br\/#website\",\"url\":\"https:\/\/www.labourdaisiere.com\/pt-br\/\",\"name\":\"Ch\u00e2teau de la Bourdaisi\u00e8re \u00b7 H\u00f4tel de charme *** \u00b7 Val de Loire\",\"description\":\"H\u00f4tel 3 \u00e9toiles situ\u00e9 au c\u0153ur des ch\u00e2teaux de la Loire, est l&#039;endroit id\u00e9al pour vous ressourcer en pleine nature.\",\"publisher\":{\"@id\":\"https:\/\/www.labourdaisiere.com\/pt-br\/#organization\"},\"potentialAction\":[{\"@type\":\"SearchAction\",\"target\":{\"@type\":\"EntryPoint\",\"urlTemplate\":\"https:\/\/www.labourdaisiere.com\/pt-br\/?s={search_term_string}\"},\"query-input\":{\"@type\":\"PropertyValueSpecification\",\"valueRequired\":true,\"valueName\":\"search_term_string\"}}],\"inLanguage\":\"pt-BR\"},{\"@type\":\"Organization\",\"@id\":\"https:\/\/www.labourdaisiere.com\/pt-br\/#organization\",\"name\":\"Ch\u00e2teau de la Bourdaisi\u00e8re \u00b7 H\u00f4tel de charme *** \u00b7 Val de Loire\",\"url\":\"https:\/\/www.labourdaisiere.com\/pt-br\/\",\"logo\":{\"@type\":\"ImageObject\",\"inLanguage\":\"pt-BR\",\"@id\":\"https:\/\/www.labourdaisiere.com\/pt-br\/#\/schema\/logo\/image\/\",\"url\":\"https:\/\/www.labourdaisiere.com\/wp-content\/uploads\/2024\/06\/Logo-1.png\",\"contentUrl\":\"https:\/\/www.labourdaisiere.com\/wp-content\/uploads\/2024\/06\/Logo-1.png\",\"width\":706,\"height\":213,\"caption\":\"Ch\u00e2teau de la Bourdaisi\u00e8re \u00b7 H\u00f4tel de charme *** \u00b7 Val de Loire\"},\"image\":{\"@id\":\"https:\/\/www.labourdaisiere.com\/pt-br\/#\/schema\/logo\/image\/\"},\"sameAs\":[\"https:\/\/www.facebook.com\/labourdaisiere\/\",\"https:\/\/www.instagram.com\/chateau_la_bourdaisiere\/\",\"https:\/\/fr.linkedin.com\/company\/deyrolle\"]}]}<\/script>\n<!-- \/ Yoast SEO plugin. -->","yoast_head_json":{"title":"Informa\u00e7\u00f5es legais - Ch\u00e2teau de la Bourdaisi\u00e8re \u00b7 H\u00f4tel de charme *** \u00b7 Val de Loire","robots":{"index":"index","follow":"follow","max-snippet":"max-snippet:-1","max-image-preview":"max-image-preview:large","max-video-preview":"max-video-preview:-1"},"canonical":"https:\/\/www.labourdaisiere.com\/pt-br\/informacoes-legais\/","og_locale":"pt_BR","og_type":"article","og_title":"Informa\u00e7\u00f5es legais - Ch\u00e2teau de la Bourdaisi\u00e8re \u00b7 H\u00f4tel de charme *** \u00b7 Val de Loire","og_description":"1. Informa\u00e7\u00f5es legais O site www.labourdaisi\u00e8re.com \u00e9 gerenciado e publicado pela La Bourdaisi\u00e8re SAS, localizada em 25, rue de La Bourdaisi\u00e8re 37270 Montlouis sur Loire, Fran\u00e7a. Hospedagem do site: Nuxit Groupe magic Online https:\/\/www.nuxit.com 2. Propriedade intelectual Todo este site \u00e9 coberto pela legisla\u00e7\u00e3o de propriedade intelectual. Todos os direitos de reprodu\u00e7\u00e3o reservados. Todos os [&hellip;]","og_url":"https:\/\/www.labourdaisiere.com\/pt-br\/informacoes-legais\/","og_site_name":"Ch\u00e2teau de la Bourdaisi\u00e8re \u00b7 H\u00f4tel de charme *** \u00b7 Val de Loire","article_publisher":"https:\/\/www.facebook.com\/labourdaisiere\/","article_modified_time":"2024-07-23T08:43:43+00:00","twitter_card":"summary_large_image","twitter_misc":{"Est. tempo de leitura":"1 minuto"},"schema":{"@context":"https:\/\/schema.org","@graph":[{"@type":"WebPage","@id":"https:\/\/www.labourdaisiere.com\/pt-br\/informacoes-legais\/","url":"https:\/\/www.labourdaisiere.com\/pt-br\/informacoes-legais\/","name":"Informa\u00e7\u00f5es legais - Ch\u00e2teau de la Bourdaisi\u00e8re \u00b7 H\u00f4tel de charme *** \u00b7 Val de Loire","isPartOf":{"@id":"https:\/\/www.labourdaisiere.com\/pt-br\/#website"},"datePublished":"2024-07-08T11:59:15+00:00","dateModified":"2024-07-23T08:43:43+00:00","breadcrumb":{"@id":"https:\/\/www.labourdaisiere.com\/pt-br\/informacoes-legais\/#breadcrumb"},"inLanguage":"pt-BR","potentialAction":[{"@type":"ReadAction","target":["https:\/\/www.labourdaisiere.com\/pt-br\/informacoes-legais\/"]}]},{"@type":"BreadcrumbList","@id":"https:\/\/www.labourdaisiere.com\/pt-br\/informacoes-legais\/#breadcrumb","itemListElement":[{"@type":"ListItem","position":1,"name":"Accueil","item":"https:\/\/www.labourdaisiere.com\/pt-br\/inicio\/"},{"@type":"ListItem","position":2,"name":"Informa\u00e7\u00f5es legais"}]},{"@type":"WebSite","@id":"https:\/\/www.labourdaisiere.com\/pt-br\/#website","url":"https:\/\/www.labourdaisiere.com\/pt-br\/","name":"Ch\u00e2teau de la Bourdaisi\u00e8re \u00b7 H\u00f4tel de charme *** \u00b7 Val de Loire","description":"H\u00f4tel 3 \u00e9toiles situ\u00e9 au c\u0153ur des ch\u00e2teaux de la Loire, est l&#039;endroit id\u00e9al pour vous ressourcer en pleine nature.","publisher":{"@id":"https:\/\/www.labourdaisiere.com\/pt-br\/#organization"},"potentialAction":[{"@type":"SearchAction","target":{"@type":"EntryPoint","urlTemplate":"https:\/\/www.labourdaisiere.com\/pt-br\/?s={search_term_string}"},"query-input":{"@type":"PropertyValueSpecification","valueRequired":true,"valueName":"search_term_string"}}],"inLanguage":"pt-BR"},{"@type":"Organization","@id":"https:\/\/www.labourdaisiere.com\/pt-br\/#organization","name":"Ch\u00e2teau de la Bourdaisi\u00e8re \u00b7 H\u00f4tel de charme *** \u00b7 Val de Loire","url":"https:\/\/www.labourdaisiere.com\/pt-br\/","logo":{"@type":"ImageObject","inLanguage":"pt-BR","@id":"https:\/\/www.labourdaisiere.com\/pt-br\/#\/schema\/logo\/image\/","url":"https:\/\/www.labourdaisiere.com\/wp-content\/uploads\/2024\/06\/Logo-1.png","contentUrl":"https:\/\/www.labourdaisiere.com\/wp-content\/uploads\/2024\/06\/Logo-1.png","width":706,"height":213,"caption":"Ch\u00e2teau de la Bourdaisi\u00e8re \u00b7 H\u00f4tel de charme *** \u00b7 Val de Loire"},"image":{"@id":"https:\/\/www.labourdaisiere.com\/pt-br\/#\/schema\/logo\/image\/"},"sameAs":["https:\/\/www.facebook.com\/labourdaisiere\/","https:\/\/www.instagram.com\/chateau_la_bourdaisiere\/","https:\/\/fr.linkedin.com\/company\/deyrolle"]}]}},"_links":{"self":[{"href":"https:\/\/www.labourdaisiere.com\/pt-br\/wp-json\/wp\/v2\/pages\/6159","targetHints":{"allow":["GET"]}}],"collection":[{"href":"https:\/\/www.labourdaisiere.com\/pt-br\/wp-json\/wp\/v2\/pages"}],"about":[{"href":"https:\/\/www.labourdaisiere.com\/pt-br\/wp-json\/wp\/v2\/types\/page"}],"author":[{"embeddable":true,"href":"https:\/\/www.labourdaisiere.com\/pt-br\/wp-json\/wp\/v2\/users\/1"}],"replies":[{"embeddable":true,"href":"https:\/\/www.labourdaisiere.com\/pt-br\/wp-json\/wp\/v2\/comments?post=6159"}],"version-history":[{"count":1,"href":"https:\/\/www.labourdaisiere.com\/pt-br\/wp-json\/wp\/v2\/pages\/6159\/revisions"}],"predecessor-version":[{"id":6165,"href":"https:\/\/www.labourdaisiere.com\/pt-br\/wp-json\/wp\/v2\/pages\/6159\/revisions\/6165"}],"wp:attachment":[{"href":"https:\/\/www.labourdaisiere.com\/pt-br\/wp-json\/wp\/v2\/media?parent=6159"}],"curies":[{"name":"wp","href":"https:\/\/api.w.org\/{rel}","templated":true}]}}