{"id":5278,"date":"2024-06-21T06:25:14","date_gmt":"2024-06-21T04:25:14","guid":{"rendered":"https:\/\/www.labourdaisiere.com\/tearoom\/"},"modified":"2024-10-25T15:46:33","modified_gmt":"2024-10-25T13:46:33","slug":"tearoom","status":"publish","type":"page","link":"https:\/\/www.labourdaisiere.com\/es\/tearoom\/","title":{"rendered":"Tearoom"},"content":{"rendered":"<style>.elementor-5278 .elementor-element.elementor-element-2769a609{--display:flex;--min-height:600px;--flex-direction:column;--container-widget-width:100%;--container-widget-height:initial;--container-widget-flex-grow:0;--container-widget-align-self:initial;--flex-wrap-mobile:wrap;--justify-content:center;--overlay-opacity:1;--padding-top:0px;--padding-bottom:0px;--padding-left:20px;--padding-right:20px;}.elementor-5278 .elementor-element.elementor-element-2769a609:not(.elementor-motion-effects-element-type-background), .elementor-5278 .elementor-element.elementor-element-2769a609 > .elementor-motion-effects-container > .elementor-motion-effects-layer{background-image:url(\"https:\/\/www.labourdaisiere.com\/wp-content\/uploads\/2024\/07\/0497_C.BOURDAISIERE-NATALIEBOB-MAY2024-1.jpg\");background-position:center center;background-size:cover;}.elementor-5278 .elementor-element.elementor-element-2769a609::before, .elementor-5278 .elementor-element.elementor-element-2769a609 > .elementor-background-video-container::before, .elementor-5278 .elementor-element.elementor-element-2769a609 > .e-con-inner > .elementor-background-video-container::before, .elementor-5278 .elementor-element.elementor-element-2769a609 > .elementor-background-slideshow::before, .elementor-5278 .elementor-element.elementor-element-2769a609 > .e-con-inner > .elementor-background-slideshow::before, .elementor-5278 .elementor-element.elementor-element-2769a609 > .elementor-motion-effects-container > .elementor-motion-effects-layer::before{--background-overlay:'';background-color:#0F0F0F96;}.elementor-5278 .elementor-element.elementor-element-7e60d772{--display:flex;--gap:0px 0px;--row-gap:0px;--column-gap:0px;--padding-top:45px;--padding-bottom:80px;--padding-left:0px;--padding-right:0px;}.elementor-5278 .elementor-element.elementor-element-513bb6e{--spacer-size:50px;}.elementor-5278 .elementor-element.elementor-element-69a2083d{text-align:center;}.elementor-5278 .elementor-element.elementor-element-69a2083d .elementor-heading-title{font-family:var( --e-global-typography-888c778-font-family ), Sans-serif;font-size:var( --e-global-typography-888c778-font-size );font-weight:var( --e-global-typography-888c778-font-weight );text-transform:var( --e-global-typography-888c778-text-transform );font-style:var( --e-global-typography-888c778-font-style );text-decoration:var( --e-global-typography-888c778-text-decoration );line-height:var( --e-global-typography-888c778-line-height );letter-spacing:var( --e-global-typography-888c778-letter-spacing );word-spacing:var( --e-global-typography-888c778-word-spacing );color:var( --e-global-color-f0e0728 );}.elementor-5278 .elementor-element.elementor-element-69a2083d > .elementor-widget-container{margin:0px 0px 28px 0px;}.elementor-5278 .elementor-element.elementor-element-5193b075{--display:flex;--flex-direction:column;--container-widget-width:100%;--container-widget-height:initial;--container-widget-flex-grow:0;--container-widget-align-self:initial;--flex-wrap-mobile:wrap;--padding-top:0px;--padding-bottom:0px;--padding-left:20px;--padding-right:20px;}.elementor-5278 .elementor-element.elementor-element-5a62f89{--display:flex;--min-height:700px;--justify-content:center;--overlay-opacity:1;border-style:solid;--border-style:solid;border-width:10px 10px 10px 10px;--border-top-width:10px;--border-right-width:10px;--border-bottom-width:10px;--border-left-width:10px;border-color:#FFFFFF;--border-color:#FFFFFF;box-shadow:15px 15px 25px 0px rgba(0,0,0,0.5);--margin-top:-100px;--margin-bottom:0px;--margin-left:0px;--margin-right:0px;}.elementor-5278 .elementor-element.elementor-element-5a62f89::before, .elementor-5278 .elementor-element.elementor-element-5a62f89 > .elementor-background-video-container::before, .elementor-5278 .elementor-element.elementor-element-5a62f89 > .e-con-inner > .elementor-background-video-container::before, .elementor-5278 .elementor-element.elementor-element-5a62f89 > .elementor-background-slideshow::before, .elementor-5278 .elementor-element.elementor-element-5a62f89 > .e-con-inner > .elementor-background-slideshow::before, .elementor-5278 .elementor-element.elementor-element-5a62f89 > .elementor-motion-effects-container > .elementor-motion-effects-layer::before{--background-overlay:'';}.elementor-5278 .elementor-element.elementor-element-2ccfbb0d{--display:flex;--flex-direction:column;--container-widget-width:100%;--container-widget-height:initial;--container-widget-flex-grow:0;--container-widget-align-self:initial;--flex-wrap-mobile:wrap;--gap:0px 0px;--row-gap:0px;--column-gap:0px;--margin-top:90px;--margin-bottom:100px;--margin-left:0px;--margin-right:0px;--padding-top:0px;--padding-bottom:0px;--padding-left:20px;--padding-right:20px;}.elementor-5278 .elementor-element.elementor-element-3f482950{text-align:start;font-family:var( --e-global-typography-8437c3e-font-family ), Sans-serif;font-size:var( --e-global-typography-8437c3e-font-size );font-weight:var( --e-global-typography-8437c3e-font-weight );text-transform:var( --e-global-typography-8437c3e-text-transform );font-style:var( --e-global-typography-8437c3e-font-style );text-decoration:var( --e-global-typography-8437c3e-text-decoration );line-height:var( --e-global-typography-8437c3e-line-height );letter-spacing:var( --e-global-typography-8437c3e-letter-spacing );word-spacing:var( --e-global-typography-8437c3e-word-spacing );color:var( --e-global-color-abac551 );width:var( --container-widget-width, 75% );max-width:75%;--container-widget-width:75%;--container-widget-flex-grow:0;}.elementor-5278 .elementor-element.elementor-element-3f482950.elementor-element{--align-self:center;}:root{--page-title-display:none;}@media(min-width:1001px){.elementor-5278 .elementor-element.elementor-element-2769a609{--content-width:1240px;}.elementor-5278 .elementor-element.elementor-element-5193b075{--content-width:1240px;}.elementor-5278 .elementor-element.elementor-element-5a62f89{--width:100%;}.elementor-5278 .elementor-element.elementor-element-2ccfbb0d{--content-width:1240px;}}@media(max-width:1024px){.elementor-5278 .elementor-element.elementor-element-2769a609{--min-height:500px;--padding-top:0px;--padding-bottom:0px;--padding-left:40px;--padding-right:40px;}.elementor-5278 .elementor-element.elementor-element-7e60d772{--gap:0px 0px;--row-gap:0px;--column-gap:0px;}.elementor-5278 .elementor-element.elementor-element-69a2083d .elementor-heading-title{font-size:var( --e-global-typography-888c778-font-size );line-height:var( --e-global-typography-888c778-line-height );letter-spacing:var( --e-global-typography-888c778-letter-spacing );word-spacing:var( --e-global-typography-888c778-word-spacing );}.elementor-5278 .elementor-element.elementor-element-5193b075{--padding-top:0px;--padding-bottom:0px;--padding-left:40px;--padding-right:40px;}.elementor-5278 .elementor-element.elementor-element-5a62f89{--min-height:550px;}.elementor-5278 .elementor-element.elementor-element-2ccfbb0d{--margin-top:70px;--margin-bottom:75px;--margin-left:0px;--margin-right:0px;--padding-top:0px;--padding-bottom:0px;--padding-left:40px;--padding-right:40px;}.elementor-5278 .elementor-element.elementor-element-3f482950{font-size:var( --e-global-typography-8437c3e-font-size );line-height:var( --e-global-typography-8437c3e-line-height );letter-spacing:var( --e-global-typography-8437c3e-letter-spacing );word-spacing:var( --e-global-typography-8437c3e-word-spacing );--container-widget-width:515px;--container-widget-flex-grow:0;width:var( --container-widget-width, 515px );max-width:515px;}}@media(max-width:1000px){.elementor-5278 .elementor-element.elementor-element-2769a609{--min-height:0px;--padding-top:0px;--padding-bottom:0px;--padding-left:20px;--padding-right:20px;}.elementor-5278 .elementor-element.elementor-element-7e60d772{--padding-top:100px;--padding-bottom:90px;--padding-left:0px;--padding-right:0px;}.elementor-5278 .elementor-element.elementor-element-69a2083d .elementor-heading-title{font-size:var( --e-global-typography-888c778-font-size );line-height:var( --e-global-typography-888c778-line-height );letter-spacing:var( --e-global-typography-888c778-letter-spacing );word-spacing:var( --e-global-typography-888c778-word-spacing );}.elementor-5278 .elementor-element.elementor-element-69a2083d > .elementor-widget-container{padding:0px 0px 0px 0px;}.elementor-5278 .elementor-element.elementor-element-5193b075{--padding-top:0px;--padding-bottom:0px;--padding-left:20px;--padding-right:20px;}.elementor-5278 .elementor-element.elementor-element-5a62f89{--min-height:220px;--margin-top:-50px;--margin-bottom:0px;--margin-left:0px;--margin-right:0px;}.elementor-5278 .elementor-element.elementor-element-2ccfbb0d{--margin-top:45px;--margin-bottom:50px;--margin-left:0px;--margin-right:0px;--padding-top:0px;--padding-bottom:0px;--padding-left:20px;--padding-right:20px;}.elementor-5278 .elementor-element.elementor-element-3f482950{font-size:var( --e-global-typography-8437c3e-font-size );line-height:var( --e-global-typography-8437c3e-line-height );letter-spacing:var( --e-global-typography-8437c3e-letter-spacing );word-spacing:var( --e-global-typography-8437c3e-word-spacing );width:100%;max-width:100%;}.elementor-5278 .elementor-element.elementor-element-3f482950 > .elementor-widget-container{margin:0px 0px 32px 0px;}}<\/style>\t\t<div data-elementor-type=\"wp-page\" data-elementor-id=\"5278\" class=\"elementor elementor-5278 elementor-1354\" data-elementor-post-type=\"page\">\n\t\t\t\t<div class=\"elementor-element elementor-element-2769a609 e-flex e-con-boxed e-con e-parent\" data-id=\"2769a609\" data-element_type=\"container\" data-e-type=\"container\" data-settings=\"{&quot;background_background&quot;:&quot;classic&quot;}\">\n\t\t\t\t\t<div class=\"e-con-inner\">\n\t\t<div class=\"elementor-element elementor-element-7e60d772 e-con-full e-flex e-con e-child\" data-id=\"7e60d772\" data-element_type=\"container\" data-e-type=\"container\">\n\t\t\t\t<div class=\"elementor-element elementor-element-513bb6e elementor-widget elementor-widget-spacer\" data-id=\"513bb6e\" data-element_type=\"widget\" data-e-type=\"widget\" data-widget_type=\"spacer.default\">\n\t\t\t\t<div class=\"elementor-widget-container\">\n\t\t\t\t\t\t\t<div class=\"elementor-spacer\">\n\t\t\t<div class=\"elementor-spacer-inner\"><\/div>\n\t\t<\/div>\n\t\t\t\t\t\t<\/div>\n\t\t\t\t<\/div>\n\t\t\t\t<div class=\"elementor-element elementor-element-69a2083d elementor-invisible elementor-widget elementor-widget-heading\" data-id=\"69a2083d\" data-element_type=\"widget\" data-e-type=\"widget\" data-settings=\"{&quot;_animation&quot;:&quot;fadeIn&quot;}\" data-widget_type=\"heading.default\">\n\t\t\t\t<div class=\"elementor-widget-container\">\n\t\t\t\t\t<h2 class=\"elementor-heading-title elementor-size-default\">Tearoom<\/h2>\t\t\t\t<\/div>\n\t\t\t\t<\/div>\n\t\t\t\t<\/div>\n\t\t\t\t\t<\/div>\n\t\t\t\t<\/div>\n\t\t<div class=\"elementor-element elementor-element-5193b075 e-flex e-con-boxed e-con e-parent\" data-id=\"5193b075\" data-element_type=\"container\" data-e-type=\"container\">\n\t\t\t\t\t<div class=\"e-con-inner\">\n\t\t<div class=\"elementor-element elementor-element-5a62f89 e-con-full e-flex elementor-invisible e-con e-child\" data-id=\"5a62f89\" data-element_type=\"container\" data-e-type=\"container\" data-settings=\"{&quot;background_background&quot;:&quot;slideshow&quot;,&quot;animation&quot;:&quot;fadeIn&quot;,&quot;animation_delay&quot;:&quot;400&quot;,&quot;background_slideshow_gallery&quot;:[{&quot;id&quot;:2287,&quot;url&quot;:&quot;https:\\\/\\\/www.labourdaisiere.com\\\/wp-content\\\/uploads\\\/2024\\\/07\\\/0520_C.BOURDAISIERE-NATALIEBOB-MAY2024.jpg&quot;},{&quot;id&quot;:3093,&quot;url&quot;:&quot;https:\\\/\\\/www.labourdaisiere.com\\\/wp-content\\\/uploads\\\/2024\\\/07\\\/Galerie33-OK-716x1024-2.jpg&quot;},{&quot;id&quot;:2810,&quot;url&quot;:&quot;https:\\\/\\\/www.labourdaisiere.com\\\/wp-content\\\/uploads\\\/2024\\\/07\\\/0703_C.BOURDAISIERE-NATALIEBOB-MAY2024.jpg&quot;},{&quot;id&quot;:3587,&quot;url&quot;:&quot;https:\\\/\\\/www.labourdaisiere.com\\\/wp-content\\\/uploads\\\/2024\\\/07\\\/DSC0303.jpg&quot;}],&quot;background_slideshow_slide_duration&quot;:1000,&quot;background_slideshow_loop&quot;:&quot;yes&quot;,&quot;background_slideshow_slide_transition&quot;:&quot;fade&quot;,&quot;background_slideshow_transition_duration&quot;:500}\">\n\t\t\t\t<\/div>\n\t\t\t\t\t<\/div>\n\t\t\t\t<\/div>\n\t\t<div class=\"elementor-element elementor-element-2ccfbb0d e-flex e-con-boxed e-con e-parent\" data-id=\"2ccfbb0d\" data-element_type=\"container\" data-e-type=\"container\">\n\t\t\t\t\t<div class=\"e-con-inner\">\n\t\t\t\t<div class=\"elementor-element elementor-element-3f482950 elementor-widget__width-initial elementor-widget-mobile__width-inherit elementor-invisible elementor-widget elementor-widget-text-editor\" data-id=\"3f482950\" data-element_type=\"widget\" data-e-type=\"widget\" data-settings=\"{&quot;_animation&quot;:&quot;fadeIn&quot;,&quot;_animation_delay&quot;:&quot;200&quot;}\" data-widget_type=\"text-editor.default\">\n\t\t\t\t<div class=\"elementor-widget-container\">\n\t\t\t\t\t\t\t\t\t<p>En temporada, se ofrece un servicio de t\u00e9, caf\u00e9 y chocolate en los antiguos establos del castillo (o en el Bar \u00e0 Tomate si est\u00e1 abierto).<br \/>Accesible a residentes y visitantes de los jardines.<\/p>\n\t\t\t\t\t\t\t\t<\/div>\n\t\t\t\t<\/div>\n\t\t\t\t\t<\/div>\n\t\t\t\t<\/div>\n\t\t\t\t<\/div>\n\t\t","protected":false},"excerpt":{"rendered":"<p>Tearoom En temporada, se ofrece un servicio de t\u00e9, caf\u00e9 y chocolate en los antiguos establos del castillo (o en el Bar \u00e0 Tomate si est\u00e1 abierto).Accesible a residentes y visitantes de los jardines.<\/p>\n","protected":false},"author":2,"featured_media":0,"parent":0,"menu_order":0,"comment_status":"closed","ping_status":"closed","template":"elementor_header_footer","meta":{"footnotes":""},"class_list":["post-5278","page","type-page","status-publish","hentry"],"yoast_head":"<!-- This site is optimized with the Yoast SEO plugin v27.2 - https:\/\/yoast.com\/product\/yoast-seo-wordpress\/ -->\n<title>Tearoom - Ch\u00e2teau de la Bourdaisi\u00e8re \u00b7 H\u00f4tel de charme *** \u00b7 Val de Loire<\/title>\n<meta name=\"robots\" content=\"index, follow, max-snippet:-1, max-image-preview:large, max-video-preview:-1\" \/>\n<link rel=\"canonical\" href=\"https:\/\/www.labourdaisiere.com\/es\/tearoom\/\" \/>\n<meta property=\"og:locale\" content=\"es_ES\" \/>\n<meta property=\"og:type\" content=\"article\" \/>\n<meta property=\"og:title\" content=\"Tearoom - Ch\u00e2teau de la Bourdaisi\u00e8re \u00b7 H\u00f4tel de charme *** \u00b7 Val de Loire\" \/>\n<meta property=\"og:description\" content=\"Tearoom En temporada, se ofrece un servicio de t\u00e9, caf\u00e9 y chocolate en los antiguos establos del castillo (o en el Bar \u00e0 Tomate si est\u00e1 abierto).Accesible a residentes y visitantes de los jardines.\" \/>\n<meta property=\"og:url\" content=\"https:\/\/www.labourdaisiere.com\/es\/tearoom\/\" \/>\n<meta property=\"og:site_name\" content=\"Ch\u00e2teau de la Bourdaisi\u00e8re \u00b7 H\u00f4tel de charme *** \u00b7 Val de Loire\" \/>\n<meta property=\"article:publisher\" content=\"https:\/\/www.facebook.com\/labourdaisiere\/\" \/>\n<meta property=\"article:modified_time\" content=\"2024-10-25T13:46:33+00:00\" \/>\n<meta name=\"twitter:card\" content=\"summary_large_image\" \/>\n<script type=\"application\/ld+json\" class=\"yoast-schema-graph\">{\"@context\":\"https:\/\/schema.org\",\"@graph\":[{\"@type\":\"WebPage\",\"@id\":\"https:\/\/www.labourdaisiere.com\/es\/tearoom\/\",\"url\":\"https:\/\/www.labourdaisiere.com\/es\/tearoom\/\",\"name\":\"Tearoom - Ch\u00e2teau de la Bourdaisi\u00e8re \u00b7 H\u00f4tel de charme *** \u00b7 Val de Loire\",\"isPartOf\":{\"@id\":\"https:\/\/www.labourdaisiere.com\/es\/#website\"},\"datePublished\":\"2024-06-21T04:25:14+00:00\",\"dateModified\":\"2024-10-25T13:46:33+00:00\",\"breadcrumb\":{\"@id\":\"https:\/\/www.labourdaisiere.com\/es\/tearoom\/#breadcrumb\"},\"inLanguage\":\"es\",\"potentialAction\":[{\"@type\":\"ReadAction\",\"target\":[\"https:\/\/www.labourdaisiere.com\/es\/tearoom\/\"]}]},{\"@type\":\"BreadcrumbList\",\"@id\":\"https:\/\/www.labourdaisiere.com\/es\/tearoom\/#breadcrumb\",\"itemListElement\":[{\"@type\":\"ListItem\",\"position\":1,\"name\":\"Accueil\",\"item\":\"https:\/\/www.labourdaisiere.com\/es\/inicio\/\"},{\"@type\":\"ListItem\",\"position\":2,\"name\":\"Tearoom\"}]},{\"@type\":\"WebSite\",\"@id\":\"https:\/\/www.labourdaisiere.com\/es\/#website\",\"url\":\"https:\/\/www.labourdaisiere.com\/es\/\",\"name\":\"Ch\u00e2teau de la Bourdaisi\u00e8re \u00b7 H\u00f4tel de charme *** \u00b7 Val de Loire\",\"description\":\"H\u00f4tel 3 \u00e9toiles situ\u00e9 au c\u0153ur des ch\u00e2teaux de la Loire, est l&#039;endroit id\u00e9al pour vous ressourcer en pleine nature.\",\"publisher\":{\"@id\":\"https:\/\/www.labourdaisiere.com\/es\/#organization\"},\"potentialAction\":[{\"@type\":\"SearchAction\",\"target\":{\"@type\":\"EntryPoint\",\"urlTemplate\":\"https:\/\/www.labourdaisiere.com\/es\/?s={search_term_string}\"},\"query-input\":{\"@type\":\"PropertyValueSpecification\",\"valueRequired\":true,\"valueName\":\"search_term_string\"}}],\"inLanguage\":\"es\"},{\"@type\":\"Organization\",\"@id\":\"https:\/\/www.labourdaisiere.com\/es\/#organization\",\"name\":\"Ch\u00e2teau de la Bourdaisi\u00e8re \u00b7 H\u00f4tel de charme *** \u00b7 Val de Loire\",\"url\":\"https:\/\/www.labourdaisiere.com\/es\/\",\"logo\":{\"@type\":\"ImageObject\",\"inLanguage\":\"es\",\"@id\":\"https:\/\/www.labourdaisiere.com\/es\/#\/schema\/logo\/image\/\",\"url\":\"https:\/\/www.labourdaisiere.com\/wp-content\/uploads\/2024\/06\/Logo-1.png\",\"contentUrl\":\"https:\/\/www.labourdaisiere.com\/wp-content\/uploads\/2024\/06\/Logo-1.png\",\"width\":706,\"height\":213,\"caption\":\"Ch\u00e2teau de la Bourdaisi\u00e8re \u00b7 H\u00f4tel de charme *** \u00b7 Val de Loire\"},\"image\":{\"@id\":\"https:\/\/www.labourdaisiere.com\/es\/#\/schema\/logo\/image\/\"},\"sameAs\":[\"https:\/\/www.facebook.com\/labourdaisiere\/\",\"https:\/\/www.instagram.com\/chateau_la_bourdaisiere\/\",\"https:\/\/fr.linkedin.com\/company\/deyrolle\"]}]}<\/script>\n<!-- \/ Yoast SEO plugin. -->","yoast_head_json":{"title":"Tearoom - Ch\u00e2teau de la Bourdaisi\u00e8re \u00b7 H\u00f4tel de charme *** \u00b7 Val de Loire","robots":{"index":"index","follow":"follow","max-snippet":"max-snippet:-1","max-image-preview":"max-image-preview:large","max-video-preview":"max-video-preview:-1"},"canonical":"https:\/\/www.labourdaisiere.com\/es\/tearoom\/","og_locale":"es_ES","og_type":"article","og_title":"Tearoom - Ch\u00e2teau de la Bourdaisi\u00e8re \u00b7 H\u00f4tel de charme *** \u00b7 Val de Loire","og_description":"Tearoom En temporada, se ofrece un servicio de t\u00e9, caf\u00e9 y chocolate en los antiguos establos del castillo (o en el Bar \u00e0 Tomate si est\u00e1 abierto).Accesible a residentes y visitantes de los jardines.","og_url":"https:\/\/www.labourdaisiere.com\/es\/tearoom\/","og_site_name":"Ch\u00e2teau de la Bourdaisi\u00e8re \u00b7 H\u00f4tel de charme *** \u00b7 Val de Loire","article_publisher":"https:\/\/www.facebook.com\/labourdaisiere\/","article_modified_time":"2024-10-25T13:46:33+00:00","twitter_card":"summary_large_image","schema":{"@context":"https:\/\/schema.org","@graph":[{"@type":"WebPage","@id":"https:\/\/www.labourdaisiere.com\/es\/tearoom\/","url":"https:\/\/www.labourdaisiere.com\/es\/tearoom\/","name":"Tearoom - Ch\u00e2teau de la Bourdaisi\u00e8re \u00b7 H\u00f4tel de charme *** \u00b7 Val de Loire","isPartOf":{"@id":"https:\/\/www.labourdaisiere.com\/es\/#website"},"datePublished":"2024-06-21T04:25:14+00:00","dateModified":"2024-10-25T13:46:33+00:00","breadcrumb":{"@id":"https:\/\/www.labourdaisiere.com\/es\/tearoom\/#breadcrumb"},"inLanguage":"es","potentialAction":[{"@type":"ReadAction","target":["https:\/\/www.labourdaisiere.com\/es\/tearoom\/"]}]},{"@type":"BreadcrumbList","@id":"https:\/\/www.labourdaisiere.com\/es\/tearoom\/#breadcrumb","itemListElement":[{"@type":"ListItem","position":1,"name":"Accueil","item":"https:\/\/www.labourdaisiere.com\/es\/inicio\/"},{"@type":"ListItem","position":2,"name":"Tearoom"}]},{"@type":"WebSite","@id":"https:\/\/www.labourdaisiere.com\/es\/#website","url":"https:\/\/www.labourdaisiere.com\/es\/","name":"Ch\u00e2teau de la Bourdaisi\u00e8re \u00b7 H\u00f4tel de charme *** \u00b7 Val de Loire","description":"H\u00f4tel 3 \u00e9toiles situ\u00e9 au c\u0153ur des ch\u00e2teaux de la Loire, est l&#039;endroit id\u00e9al pour vous ressourcer en pleine nature.","publisher":{"@id":"https:\/\/www.labourdaisiere.com\/es\/#organization"},"potentialAction":[{"@type":"SearchAction","target":{"@type":"EntryPoint","urlTemplate":"https:\/\/www.labourdaisiere.com\/es\/?s={search_term_string}"},"query-input":{"@type":"PropertyValueSpecification","valueRequired":true,"valueName":"search_term_string"}}],"inLanguage":"es"},{"@type":"Organization","@id":"https:\/\/www.labourdaisiere.com\/es\/#organization","name":"Ch\u00e2teau de la Bourdaisi\u00e8re \u00b7 H\u00f4tel de charme *** \u00b7 Val de Loire","url":"https:\/\/www.labourdaisiere.com\/es\/","logo":{"@type":"ImageObject","inLanguage":"es","@id":"https:\/\/www.labourdaisiere.com\/es\/#\/schema\/logo\/image\/","url":"https:\/\/www.labourdaisiere.com\/wp-content\/uploads\/2024\/06\/Logo-1.png","contentUrl":"https:\/\/www.labourdaisiere.com\/wp-content\/uploads\/2024\/06\/Logo-1.png","width":706,"height":213,"caption":"Ch\u00e2teau de la Bourdaisi\u00e8re \u00b7 H\u00f4tel de charme *** \u00b7 Val de Loire"},"image":{"@id":"https:\/\/www.labourdaisiere.com\/es\/#\/schema\/logo\/image\/"},"sameAs":["https:\/\/www.facebook.com\/labourdaisiere\/","https:\/\/www.instagram.com\/chateau_la_bourdaisiere\/","https:\/\/fr.linkedin.com\/company\/deyrolle"]}]}},"_links":{"self":[{"href":"https:\/\/www.labourdaisiere.com\/es\/wp-json\/wp\/v2\/pages\/5278","targetHints":{"allow":["GET"]}}],"collection":[{"href":"https:\/\/www.labourdaisiere.com\/es\/wp-json\/wp\/v2\/pages"}],"about":[{"href":"https:\/\/www.labourdaisiere.com\/es\/wp-json\/wp\/v2\/types\/page"}],"author":[{"embeddable":true,"href":"https:\/\/www.labourdaisiere.com\/es\/wp-json\/wp\/v2\/users\/2"}],"replies":[{"embeddable":true,"href":"https:\/\/www.labourdaisiere.com\/es\/wp-json\/wp\/v2\/comments?post=5278"}],"version-history":[{"count":2,"href":"https:\/\/www.labourdaisiere.com\/es\/wp-json\/wp\/v2\/pages\/5278\/revisions"}],"predecessor-version":[{"id":6854,"href":"https:\/\/www.labourdaisiere.com\/es\/wp-json\/wp\/v2\/pages\/5278\/revisions\/6854"}],"wp:attachment":[{"href":"https:\/\/www.labourdaisiere.com\/es\/wp-json\/wp\/v2\/media?parent=5278"}],"curies":[{"name":"wp","href":"https:\/\/api.w.org\/{rel}","templated":true}]}}