{"id":5235,"date":"2024-06-21T07:28:30","date_gmt":"2024-06-21T05:28:30","guid":{"rendered":"https:\/\/www.labourdaisiere.com\/recepciones-privadas\/"},"modified":"2024-10-25T16:11:17","modified_gmt":"2024-10-25T14:11:17","slug":"recepciones-privadas","status":"publish","type":"page","link":"https:\/\/www.labourdaisiere.com\/es\/recepciones-privadas\/","title":{"rendered":"Recepciones privadas"},"content":{"rendered":"<style>.elementor-5235 .elementor-element.elementor-element-37a7a9a7{--display:flex;--min-height:600px;--flex-direction:column;--container-widget-width:100%;--container-widget-height:initial;--container-widget-flex-grow:0;--container-widget-align-self:initial;--flex-wrap-mobile:wrap;--justify-content:center;--overlay-opacity:1;--padding-top:0px;--padding-bottom:0px;--padding-left:20px;--padding-right:20px;}.elementor-5235 .elementor-element.elementor-element-37a7a9a7:not(.elementor-motion-effects-element-type-background), .elementor-5235 .elementor-element.elementor-element-37a7a9a7 > .elementor-motion-effects-container > .elementor-motion-effects-layer{background-image:url(\"https:\/\/www.labourdaisiere.com\/wp-content\/uploads\/2024\/07\/\u00a9MarcDantan_5041-775x1024-2.jpg\");background-position:center center;background-size:cover;}.elementor-5235 .elementor-element.elementor-element-37a7a9a7::before, .elementor-5235 .elementor-element.elementor-element-37a7a9a7 > .elementor-background-video-container::before, .elementor-5235 .elementor-element.elementor-element-37a7a9a7 > .e-con-inner > .elementor-background-video-container::before, .elementor-5235 .elementor-element.elementor-element-37a7a9a7 > .elementor-background-slideshow::before, .elementor-5235 .elementor-element.elementor-element-37a7a9a7 > .e-con-inner > .elementor-background-slideshow::before, .elementor-5235 .elementor-element.elementor-element-37a7a9a7 > .elementor-motion-effects-container > .elementor-motion-effects-layer::before{--background-overlay:'';background-color:#0F0F0F96;}.elementor-5235 .elementor-element.elementor-element-6adf7d98{--display:flex;--gap:0px 0px;--row-gap:0px;--column-gap:0px;--padding-top:45px;--padding-bottom:80px;--padding-left:0px;--padding-right:0px;}.elementor-5235 .elementor-element.elementor-element-37f89c6a{text-align:center;}.elementor-5235 .elementor-element.elementor-element-37f89c6a .elementor-heading-title{font-family:var( --e-global-typography-888c778-font-family ), Sans-serif;font-size:var( --e-global-typography-888c778-font-size );font-weight:var( --e-global-typography-888c778-font-weight );text-transform:var( --e-global-typography-888c778-text-transform );font-style:var( --e-global-typography-888c778-font-style );text-decoration:var( --e-global-typography-888c778-text-decoration );line-height:var( --e-global-typography-888c778-line-height );letter-spacing:var( --e-global-typography-888c778-letter-spacing );word-spacing:var( --e-global-typography-888c778-word-spacing );color:var( --e-global-color-f0e0728 );}.elementor-5235 .elementor-element.elementor-element-37f89c6a > .elementor-widget-container{margin:0px 0px 28px 0px;}.elementor-5235 .elementor-element.elementor-element-6a339285{--display:flex;--flex-direction:column;--container-widget-width:100%;--container-widget-height:initial;--container-widget-flex-grow:0;--container-widget-align-self:initial;--flex-wrap-mobile:wrap;--padding-top:0px;--padding-bottom:0px;--padding-left:20px;--padding-right:20px;}.elementor-5235 .elementor-element.elementor-element-20b94245{--display:flex;--min-height:700px;--justify-content:center;--overlay-opacity:1;border-style:solid;--border-style:solid;border-width:10px 10px 10px 10px;--border-top-width:10px;--border-right-width:10px;--border-bottom-width:10px;--border-left-width:10px;border-color:#FFFFFF;--border-color:#FFFFFF;box-shadow:15px 15px 25px 0px rgba(0,0,0,0.5);--margin-top:-100px;--margin-bottom:0px;--margin-left:0px;--margin-right:0px;}.elementor-5235 .elementor-element.elementor-element-20b94245::before, .elementor-5235 .elementor-element.elementor-element-20b94245 > .elementor-background-video-container::before, .elementor-5235 .elementor-element.elementor-element-20b94245 > .e-con-inner > .elementor-background-video-container::before, .elementor-5235 .elementor-element.elementor-element-20b94245 > .elementor-background-slideshow::before, .elementor-5235 .elementor-element.elementor-element-20b94245 > .e-con-inner > .elementor-background-slideshow::before, .elementor-5235 .elementor-element.elementor-element-20b94245 > .elementor-motion-effects-container > .elementor-motion-effects-layer::before{--background-overlay:'';}.elementor-5235 .elementor-element.elementor-element-6e7cf526{--display:flex;--flex-direction:column;--container-widget-width:100%;--container-widget-height:initial;--container-widget-flex-grow:0;--container-widget-align-self:initial;--flex-wrap-mobile:wrap;--gap:0px 0px;--row-gap:0px;--column-gap:0px;--margin-top:90px;--margin-bottom:100px;--margin-left:0px;--margin-right:0px;--padding-top:0px;--padding-bottom:0px;--padding-left:20px;--padding-right:20px;}.elementor-5235 .elementor-element.elementor-element-44e0291c{text-align:center;}.elementor-5235 .elementor-element.elementor-element-44e0291c .elementor-heading-title{font-family:var( --e-global-typography-dbcccba-font-family ), Sans-serif;font-size:var( --e-global-typography-dbcccba-font-size );font-weight:var( --e-global-typography-dbcccba-font-weight );text-transform:var( --e-global-typography-dbcccba-text-transform );font-style:var( --e-global-typography-dbcccba-font-style );text-decoration:var( --e-global-typography-dbcccba-text-decoration );line-height:var( --e-global-typography-dbcccba-line-height );letter-spacing:var( --e-global-typography-dbcccba-letter-spacing );word-spacing:var( --e-global-typography-dbcccba-word-spacing );color:var( --e-global-color-text );}.elementor-5235 .elementor-element.elementor-element-44e0291c > .elementor-widget-container{margin:0px 0px 28px 0px;padding:0px 200px 0px 200px;}.elementor-5235 .elementor-element.elementor-element-4c49957b{text-align:start;font-family:var( --e-global-typography-8437c3e-font-family ), Sans-serif;font-size:var( --e-global-typography-8437c3e-font-size );font-weight:var( --e-global-typography-8437c3e-font-weight );text-transform:var( --e-global-typography-8437c3e-text-transform );font-style:var( --e-global-typography-8437c3e-font-style );text-decoration:var( --e-global-typography-8437c3e-text-decoration );line-height:var( --e-global-typography-8437c3e-line-height );letter-spacing:var( --e-global-typography-8437c3e-letter-spacing );word-spacing:var( --e-global-typography-8437c3e-word-spacing );color:var( --e-global-color-abac551 );width:var( --container-widget-width, 75% );max-width:75%;--container-widget-width:75%;--container-widget-flex-grow:0;}.elementor-5235 .elementor-element.elementor-element-4c49957b.elementor-element{--align-self:center;}:root{--page-title-display:none;}@media(min-width:1001px){.elementor-5235 .elementor-element.elementor-element-37a7a9a7{--content-width:1240px;}.elementor-5235 .elementor-element.elementor-element-6a339285{--content-width:893px;}.elementor-5235 .elementor-element.elementor-element-20b94245{--width:100%;}.elementor-5235 .elementor-element.elementor-element-6e7cf526{--content-width:1240px;}}@media(max-width:1024px){.elementor-5235 .elementor-element.elementor-element-37a7a9a7{--min-height:500px;--padding-top:0px;--padding-bottom:0px;--padding-left:40px;--padding-right:40px;}.elementor-5235 .elementor-element.elementor-element-6adf7d98{--gap:0px 0px;--row-gap:0px;--column-gap:0px;}.elementor-5235 .elementor-element.elementor-element-37f89c6a .elementor-heading-title{font-size:var( --e-global-typography-888c778-font-size );line-height:var( --e-global-typography-888c778-line-height );letter-spacing:var( --e-global-typography-888c778-letter-spacing );word-spacing:var( --e-global-typography-888c778-word-spacing );}.elementor-5235 .elementor-element.elementor-element-6a339285{--padding-top:0px;--padding-bottom:0px;--padding-left:40px;--padding-right:40px;}.elementor-5235 .elementor-element.elementor-element-20b94245{--min-height:550px;}.elementor-5235 .elementor-element.elementor-element-6e7cf526{--margin-top:70px;--margin-bottom:75px;--margin-left:0px;--margin-right:0px;--padding-top:0px;--padding-bottom:0px;--padding-left:40px;--padding-right:40px;}.elementor-5235 .elementor-element.elementor-element-44e0291c .elementor-heading-title{font-size:var( --e-global-typography-dbcccba-font-size );line-height:var( --e-global-typography-dbcccba-line-height );letter-spacing:var( --e-global-typography-dbcccba-letter-spacing );word-spacing:var( --e-global-typography-dbcccba-word-spacing );}.elementor-5235 .elementor-element.elementor-element-44e0291c > .elementor-widget-container{padding:0px 0px 0px 0px;}.elementor-5235 .elementor-element.elementor-element-44e0291c{width:var( --container-widget-width, 650px );max-width:650px;--container-widget-width:650px;--container-widget-flex-grow:0;}.elementor-5235 .elementor-element.elementor-element-44e0291c.elementor-element{--align-self:center;}.elementor-5235 .elementor-element.elementor-element-4c49957b{font-size:var( --e-global-typography-8437c3e-font-size );line-height:var( --e-global-typography-8437c3e-line-height );letter-spacing:var( --e-global-typography-8437c3e-letter-spacing );word-spacing:var( --e-global-typography-8437c3e-word-spacing );--container-widget-width:515px;--container-widget-flex-grow:0;width:var( --container-widget-width, 515px );max-width:515px;}}@media(max-width:1000px){.elementor-5235 .elementor-element.elementor-element-37a7a9a7{--min-height:0px;--padding-top:0px;--padding-bottom:0px;--padding-left:20px;--padding-right:20px;}.elementor-5235 .elementor-element.elementor-element-6adf7d98{--padding-top:100px;--padding-bottom:90px;--padding-left:0px;--padding-right:0px;}.elementor-5235 .elementor-element.elementor-element-37f89c6a .elementor-heading-title{font-size:var( --e-global-typography-888c778-font-size );line-height:var( --e-global-typography-888c778-line-height );letter-spacing:var( --e-global-typography-888c778-letter-spacing );word-spacing:var( --e-global-typography-888c778-word-spacing );}.elementor-5235 .elementor-element.elementor-element-37f89c6a > .elementor-widget-container{padding:0px 0px 0px 0px;}.elementor-5235 .elementor-element.elementor-element-6a339285{--padding-top:0px;--padding-bottom:0px;--padding-left:20px;--padding-right:20px;}.elementor-5235 .elementor-element.elementor-element-20b94245{--min-height:220px;--margin-top:-50px;--margin-bottom:0px;--margin-left:0px;--margin-right:0px;}.elementor-5235 .elementor-element.elementor-element-6e7cf526{--margin-top:45px;--margin-bottom:50px;--margin-left:0px;--margin-right:0px;--padding-top:0px;--padding-bottom:0px;--padding-left:20px;--padding-right:20px;}.elementor-5235 .elementor-element.elementor-element-44e0291c .elementor-heading-title{font-size:var( --e-global-typography-dbcccba-font-size );line-height:var( --e-global-typography-dbcccba-line-height );letter-spacing:var( --e-global-typography-dbcccba-letter-spacing );word-spacing:var( --e-global-typography-dbcccba-word-spacing );}.elementor-5235 .elementor-element.elementor-element-4c49957b{font-size:var( --e-global-typography-8437c3e-font-size );line-height:var( --e-global-typography-8437c3e-line-height );letter-spacing:var( --e-global-typography-8437c3e-letter-spacing );word-spacing:var( --e-global-typography-8437c3e-word-spacing );width:100%;max-width:100%;}.elementor-5235 .elementor-element.elementor-element-4c49957b > .elementor-widget-container{margin:0px 0px 32px 0px;}}<\/style>\t\t<div data-elementor-type=\"wp-page\" data-elementor-id=\"5235\" class=\"elementor elementor-5235 elementor-1377\" data-elementor-post-type=\"page\">\n\t\t\t\t<div class=\"elementor-element elementor-element-37a7a9a7 e-flex e-con-boxed e-con e-parent\" data-id=\"37a7a9a7\" data-element_type=\"container\" data-e-type=\"container\" data-settings=\"{&quot;background_background&quot;:&quot;classic&quot;}\">\n\t\t\t\t\t<div class=\"e-con-inner\">\n\t\t<div class=\"elementor-element elementor-element-6adf7d98 e-con-full e-flex e-con e-child\" data-id=\"6adf7d98\" data-element_type=\"container\" data-e-type=\"container\">\n\t\t\t\t<div class=\"elementor-element elementor-element-37f89c6a elementor-invisible elementor-widget elementor-widget-heading\" data-id=\"37f89c6a\" data-element_type=\"widget\" data-e-type=\"widget\" data-settings=\"{&quot;_animation&quot;:&quot;fadeIn&quot;}\" data-widget_type=\"heading.default\">\n\t\t\t\t<div class=\"elementor-widget-container\">\n\t\t\t\t\t<h2 class=\"elementor-heading-title elementor-size-default\">Recepciones privadas<\/h2>\t\t\t\t<\/div>\n\t\t\t\t<\/div>\n\t\t\t\t<\/div>\n\t\t\t\t\t<\/div>\n\t\t\t\t<\/div>\n\t\t<div class=\"elementor-element elementor-element-6a339285 e-flex e-con-boxed e-con e-parent\" data-id=\"6a339285\" data-element_type=\"container\" data-e-type=\"container\">\n\t\t\t\t\t<div class=\"e-con-inner\">\n\t\t<div class=\"elementor-element elementor-element-20b94245 e-con-full e-flex elementor-invisible e-con e-child\" data-id=\"20b94245\" data-element_type=\"container\" data-e-type=\"container\" data-settings=\"{&quot;background_background&quot;:&quot;slideshow&quot;,&quot;animation&quot;:&quot;fadeIn&quot;,&quot;animation_delay&quot;:&quot;400&quot;,&quot;background_slideshow_gallery&quot;:[{&quot;id&quot;:2889,&quot;url&quot;:&quot;https:\\\/\\\/www.labourdaisiere.com\\\/wp-content\\\/uploads\\\/2024\\\/07\\\/0674_C.BOURDAISIERE-NATALIEBOB-MAY2024.jpg&quot;},{&quot;id&quot;:2288,&quot;url&quot;:&quot;https:\\\/\\\/www.labourdaisiere.com\\\/wp-content\\\/uploads\\\/2024\\\/07\\\/0676_C.BOURDAISIERE-NATALIEBOB-MAY2024.jpg&quot;},{&quot;id&quot;:2888,&quot;url&quot;:&quot;https:\\\/\\\/www.labourdaisiere.com\\\/wp-content\\\/uploads\\\/2024\\\/07\\\/0673_C.BOURDAISIERE-NATALIEBOB-MAY2024.jpg&quot;},{&quot;id&quot;:2893,&quot;url&quot;:&quot;https:\\\/\\\/www.labourdaisiere.com\\\/wp-content\\\/uploads\\\/2024\\\/07\\\/0678_C.BOURDAISIERE-NATALIEBOB-MAY2024.jpg&quot;},{&quot;id&quot;:2892,&quot;url&quot;:&quot;https:\\\/\\\/www.labourdaisiere.com\\\/wp-content\\\/uploads\\\/2024\\\/07\\\/0677_C.BOURDAISIERE-NATALIEBOB-MAY2024.jpg&quot;},{&quot;id&quot;:3129,&quot;url&quot;:&quot;https:\\\/\\\/www.labourdaisiere.com\\\/wp-content\\\/uploads\\\/2024\\\/06\\\/0665_C.BOURDAISIERE-NATALIEBOB-MAY2024.jpg&quot;},{&quot;id&quot;:1557,&quot;url&quot;:&quot;https:\\\/\\\/www.labourdaisiere.com\\\/wp-content\\\/uploads\\\/2024\\\/06\\\/0759_C.BOURDAISIERE-NATALIEBOB-MAY2024.jpg&quot;}],&quot;background_slideshow_slide_duration&quot;:2000,&quot;background_slideshow_loop&quot;:&quot;yes&quot;,&quot;background_slideshow_slide_transition&quot;:&quot;fade&quot;,&quot;background_slideshow_transition_duration&quot;:500}\">\n\t\t\t\t<\/div>\n\t\t\t\t\t<\/div>\n\t\t\t\t<\/div>\n\t\t<div class=\"elementor-element elementor-element-6e7cf526 e-flex e-con-boxed e-con e-parent\" data-id=\"6e7cf526\" data-element_type=\"container\" data-e-type=\"container\">\n\t\t\t\t\t<div class=\"e-con-inner\">\n\t\t\t\t<div class=\"elementor-element elementor-element-44e0291c elementor-widget-tablet__width-initial elementor-invisible elementor-widget elementor-widget-heading\" data-id=\"44e0291c\" data-element_type=\"widget\" data-e-type=\"widget\" data-settings=\"{&quot;_animation&quot;:&quot;fadeIn&quot;}\" data-widget_type=\"heading.default\">\n\t\t\t\t<div class=\"elementor-widget-container\">\n\t\t\t\t\t<h2 class=\"elementor-heading-title elementor-size-default\">Espacios interiores y exteriores \u00fanicos  <\/h2>\t\t\t\t<\/div>\n\t\t\t\t<\/div>\n\t\t\t\t<div class=\"elementor-element elementor-element-4c49957b elementor-widget__width-initial elementor-widget-mobile__width-inherit elementor-invisible elementor-widget elementor-widget-text-editor\" data-id=\"4c49957b\" data-element_type=\"widget\" data-e-type=\"widget\" data-settings=\"{&quot;_animation&quot;:&quot;fadeIn&quot;,&quot;_animation_delay&quot;:&quot;200&quot;}\" data-widget_type=\"text-editor.default\">\n\t\t\t\t<div class=\"elementor-widget-container\">\n\t\t\t\t\t\t\t\t\t<p>El castillo de La Bourdaisi\u00e8re est\u00e1 abierto todo el a\u00f1o para tus eventos privados.<\/p>\n<p>El sal\u00f3n abovedado de piedra de 320 m2 acoger\u00e1 a tus invitados en un ambiente acogedor y prestigioso.<\/p>\n<p>Las salas m\u00e1s peque\u00f1as pueden alojar a grupos de 14 a 30 personas.<\/p>\n<p>Una magn\u00edfica sala en las bodegas trogloditas de la finca puede albergar hasta 199 personas.<\/p>\n<p>El castillo de La Bourdaisi\u00e8re es un marco id\u00edlico para una boda.<\/p>\n<p>Nuestros equipos est\u00e1n a tu disposici\u00f3n para ayudarte a descubrir la magia de la zona.<\/p>\n\t\t\t\t\t\t\t\t<\/div>\n\t\t\t\t<\/div>\n\t\t\t\t\t<\/div>\n\t\t\t\t<\/div>\n\t\t\t\t<\/div>\n\t\t","protected":false},"excerpt":{"rendered":"<p>Recepciones privadas Espacios interiores y exteriores \u00fanicos El castillo de La Bourdaisi\u00e8re est\u00e1 abierto todo el a\u00f1o para tus eventos privados. El sal\u00f3n abovedado de piedra de 320 m2 acoger\u00e1 a tus invitados en un ambiente acogedor y prestigioso. Las salas m\u00e1s peque\u00f1as pueden alojar a grupos de 14 a 30 personas. Una magn\u00edfica sala [&hellip;]<\/p>\n","protected":false},"author":2,"featured_media":0,"parent":0,"menu_order":0,"comment_status":"closed","ping_status":"closed","template":"elementor_header_footer","meta":{"footnotes":""},"class_list":["post-5235","page","type-page","status-publish","hentry"],"yoast_head":"<!-- This site is optimized with the Yoast SEO plugin v27.2 - https:\/\/yoast.com\/product\/yoast-seo-wordpress\/ -->\n<title>Recepciones privadas - Ch\u00e2teau de la Bourdaisi\u00e8re \u00b7 H\u00f4tel de charme *** \u00b7 Val de Loire<\/title>\n<meta name=\"robots\" content=\"index, follow, max-snippet:-1, max-image-preview:large, max-video-preview:-1\" \/>\n<link rel=\"canonical\" href=\"https:\/\/www.labourdaisiere.com\/es\/recepciones-privadas\/\" \/>\n<meta property=\"og:locale\" content=\"es_ES\" \/>\n<meta property=\"og:type\" content=\"article\" \/>\n<meta property=\"og:title\" content=\"Recepciones privadas - Ch\u00e2teau de la Bourdaisi\u00e8re \u00b7 H\u00f4tel de charme *** \u00b7 Val de Loire\" \/>\n<meta property=\"og:description\" content=\"Recepciones privadas Espacios interiores y exteriores \u00fanicos El castillo de La Bourdaisi\u00e8re est\u00e1 abierto todo el a\u00f1o para tus eventos privados. El sal\u00f3n abovedado de piedra de 320 m2 acoger\u00e1 a tus invitados en un ambiente acogedor y prestigioso. Las salas m\u00e1s peque\u00f1as pueden alojar a grupos de 14 a 30 personas. Una magn\u00edfica sala [&hellip;]\" \/>\n<meta property=\"og:url\" content=\"https:\/\/www.labourdaisiere.com\/es\/recepciones-privadas\/\" \/>\n<meta property=\"og:site_name\" content=\"Ch\u00e2teau de la Bourdaisi\u00e8re \u00b7 H\u00f4tel de charme *** \u00b7 Val de Loire\" \/>\n<meta property=\"article:publisher\" content=\"https:\/\/www.facebook.com\/labourdaisiere\/\" \/>\n<meta property=\"article:modified_time\" content=\"2024-10-25T14:11:17+00:00\" \/>\n<meta name=\"twitter:card\" content=\"summary_large_image\" \/>\n<meta name=\"twitter:label1\" content=\"Tiempo de lectura\" \/>\n\t<meta name=\"twitter:data1\" content=\"1 minuto\" \/>\n<script type=\"application\/ld+json\" class=\"yoast-schema-graph\">{\"@context\":\"https:\/\/schema.org\",\"@graph\":[{\"@type\":\"WebPage\",\"@id\":\"https:\/\/www.labourdaisiere.com\/es\/recepciones-privadas\/\",\"url\":\"https:\/\/www.labourdaisiere.com\/es\/recepciones-privadas\/\",\"name\":\"Recepciones privadas - Ch\u00e2teau de la Bourdaisi\u00e8re \u00b7 H\u00f4tel de charme *** \u00b7 Val de Loire\",\"isPartOf\":{\"@id\":\"https:\/\/www.labourdaisiere.com\/es\/#website\"},\"datePublished\":\"2024-06-21T05:28:30+00:00\",\"dateModified\":\"2024-10-25T14:11:17+00:00\",\"breadcrumb\":{\"@id\":\"https:\/\/www.labourdaisiere.com\/es\/recepciones-privadas\/#breadcrumb\"},\"inLanguage\":\"es\",\"potentialAction\":[{\"@type\":\"ReadAction\",\"target\":[\"https:\/\/www.labourdaisiere.com\/es\/recepciones-privadas\/\"]}]},{\"@type\":\"BreadcrumbList\",\"@id\":\"https:\/\/www.labourdaisiere.com\/es\/recepciones-privadas\/#breadcrumb\",\"itemListElement\":[{\"@type\":\"ListItem\",\"position\":1,\"name\":\"Accueil\",\"item\":\"https:\/\/www.labourdaisiere.com\/es\/inicio\/\"},{\"@type\":\"ListItem\",\"position\":2,\"name\":\"Recepciones privadas\"}]},{\"@type\":\"WebSite\",\"@id\":\"https:\/\/www.labourdaisiere.com\/es\/#website\",\"url\":\"https:\/\/www.labourdaisiere.com\/es\/\",\"name\":\"Ch\u00e2teau de la Bourdaisi\u00e8re \u00b7 H\u00f4tel de charme *** \u00b7 Val de Loire\",\"description\":\"H\u00f4tel 3 \u00e9toiles situ\u00e9 au c\u0153ur des ch\u00e2teaux de la Loire, est l&#039;endroit id\u00e9al pour vous ressourcer en pleine nature.\",\"publisher\":{\"@id\":\"https:\/\/www.labourdaisiere.com\/es\/#organization\"},\"potentialAction\":[{\"@type\":\"SearchAction\",\"target\":{\"@type\":\"EntryPoint\",\"urlTemplate\":\"https:\/\/www.labourdaisiere.com\/es\/?s={search_term_string}\"},\"query-input\":{\"@type\":\"PropertyValueSpecification\",\"valueRequired\":true,\"valueName\":\"search_term_string\"}}],\"inLanguage\":\"es\"},{\"@type\":\"Organization\",\"@id\":\"https:\/\/www.labourdaisiere.com\/es\/#organization\",\"name\":\"Ch\u00e2teau de la Bourdaisi\u00e8re \u00b7 H\u00f4tel de charme *** \u00b7 Val de Loire\",\"url\":\"https:\/\/www.labourdaisiere.com\/es\/\",\"logo\":{\"@type\":\"ImageObject\",\"inLanguage\":\"es\",\"@id\":\"https:\/\/www.labourdaisiere.com\/es\/#\/schema\/logo\/image\/\",\"url\":\"https:\/\/www.labourdaisiere.com\/wp-content\/uploads\/2024\/06\/Logo-1.png\",\"contentUrl\":\"https:\/\/www.labourdaisiere.com\/wp-content\/uploads\/2024\/06\/Logo-1.png\",\"width\":706,\"height\":213,\"caption\":\"Ch\u00e2teau de la Bourdaisi\u00e8re \u00b7 H\u00f4tel de charme *** \u00b7 Val de Loire\"},\"image\":{\"@id\":\"https:\/\/www.labourdaisiere.com\/es\/#\/schema\/logo\/image\/\"},\"sameAs\":[\"https:\/\/www.facebook.com\/labourdaisiere\/\",\"https:\/\/www.instagram.com\/chateau_la_bourdaisiere\/\",\"https:\/\/fr.linkedin.com\/company\/deyrolle\"]}]}<\/script>\n<!-- \/ Yoast SEO plugin. -->","yoast_head_json":{"title":"Recepciones privadas - Ch\u00e2teau de la Bourdaisi\u00e8re \u00b7 H\u00f4tel de charme *** \u00b7 Val de Loire","robots":{"index":"index","follow":"follow","max-snippet":"max-snippet:-1","max-image-preview":"max-image-preview:large","max-video-preview":"max-video-preview:-1"},"canonical":"https:\/\/www.labourdaisiere.com\/es\/recepciones-privadas\/","og_locale":"es_ES","og_type":"article","og_title":"Recepciones privadas - Ch\u00e2teau de la Bourdaisi\u00e8re \u00b7 H\u00f4tel de charme *** \u00b7 Val de Loire","og_description":"Recepciones privadas Espacios interiores y exteriores \u00fanicos El castillo de La Bourdaisi\u00e8re est\u00e1 abierto todo el a\u00f1o para tus eventos privados. El sal\u00f3n abovedado de piedra de 320 m2 acoger\u00e1 a tus invitados en un ambiente acogedor y prestigioso. Las salas m\u00e1s peque\u00f1as pueden alojar a grupos de 14 a 30 personas. Una magn\u00edfica sala [&hellip;]","og_url":"https:\/\/www.labourdaisiere.com\/es\/recepciones-privadas\/","og_site_name":"Ch\u00e2teau de la Bourdaisi\u00e8re \u00b7 H\u00f4tel de charme *** \u00b7 Val de Loire","article_publisher":"https:\/\/www.facebook.com\/labourdaisiere\/","article_modified_time":"2024-10-25T14:11:17+00:00","twitter_card":"summary_large_image","twitter_misc":{"Tiempo de lectura":"1 minuto"},"schema":{"@context":"https:\/\/schema.org","@graph":[{"@type":"WebPage","@id":"https:\/\/www.labourdaisiere.com\/es\/recepciones-privadas\/","url":"https:\/\/www.labourdaisiere.com\/es\/recepciones-privadas\/","name":"Recepciones privadas - Ch\u00e2teau de la Bourdaisi\u00e8re \u00b7 H\u00f4tel de charme *** \u00b7 Val de Loire","isPartOf":{"@id":"https:\/\/www.labourdaisiere.com\/es\/#website"},"datePublished":"2024-06-21T05:28:30+00:00","dateModified":"2024-10-25T14:11:17+00:00","breadcrumb":{"@id":"https:\/\/www.labourdaisiere.com\/es\/recepciones-privadas\/#breadcrumb"},"inLanguage":"es","potentialAction":[{"@type":"ReadAction","target":["https:\/\/www.labourdaisiere.com\/es\/recepciones-privadas\/"]}]},{"@type":"BreadcrumbList","@id":"https:\/\/www.labourdaisiere.com\/es\/recepciones-privadas\/#breadcrumb","itemListElement":[{"@type":"ListItem","position":1,"name":"Accueil","item":"https:\/\/www.labourdaisiere.com\/es\/inicio\/"},{"@type":"ListItem","position":2,"name":"Recepciones privadas"}]},{"@type":"WebSite","@id":"https:\/\/www.labourdaisiere.com\/es\/#website","url":"https:\/\/www.labourdaisiere.com\/es\/","name":"Ch\u00e2teau de la Bourdaisi\u00e8re \u00b7 H\u00f4tel de charme *** \u00b7 Val de Loire","description":"H\u00f4tel 3 \u00e9toiles situ\u00e9 au c\u0153ur des ch\u00e2teaux de la Loire, est l&#039;endroit id\u00e9al pour vous ressourcer en pleine nature.","publisher":{"@id":"https:\/\/www.labourdaisiere.com\/es\/#organization"},"potentialAction":[{"@type":"SearchAction","target":{"@type":"EntryPoint","urlTemplate":"https:\/\/www.labourdaisiere.com\/es\/?s={search_term_string}"},"query-input":{"@type":"PropertyValueSpecification","valueRequired":true,"valueName":"search_term_string"}}],"inLanguage":"es"},{"@type":"Organization","@id":"https:\/\/www.labourdaisiere.com\/es\/#organization","name":"Ch\u00e2teau de la Bourdaisi\u00e8re \u00b7 H\u00f4tel de charme *** \u00b7 Val de Loire","url":"https:\/\/www.labourdaisiere.com\/es\/","logo":{"@type":"ImageObject","inLanguage":"es","@id":"https:\/\/www.labourdaisiere.com\/es\/#\/schema\/logo\/image\/","url":"https:\/\/www.labourdaisiere.com\/wp-content\/uploads\/2024\/06\/Logo-1.png","contentUrl":"https:\/\/www.labourdaisiere.com\/wp-content\/uploads\/2024\/06\/Logo-1.png","width":706,"height":213,"caption":"Ch\u00e2teau de la Bourdaisi\u00e8re \u00b7 H\u00f4tel de charme *** \u00b7 Val de Loire"},"image":{"@id":"https:\/\/www.labourdaisiere.com\/es\/#\/schema\/logo\/image\/"},"sameAs":["https:\/\/www.facebook.com\/labourdaisiere\/","https:\/\/www.instagram.com\/chateau_la_bourdaisiere\/","https:\/\/fr.linkedin.com\/company\/deyrolle"]}]}},"_links":{"self":[{"href":"https:\/\/www.labourdaisiere.com\/es\/wp-json\/wp\/v2\/pages\/5235","targetHints":{"allow":["GET"]}}],"collection":[{"href":"https:\/\/www.labourdaisiere.com\/es\/wp-json\/wp\/v2\/pages"}],"about":[{"href":"https:\/\/www.labourdaisiere.com\/es\/wp-json\/wp\/v2\/types\/page"}],"author":[{"embeddable":true,"href":"https:\/\/www.labourdaisiere.com\/es\/wp-json\/wp\/v2\/users\/2"}],"replies":[{"embeddable":true,"href":"https:\/\/www.labourdaisiere.com\/es\/wp-json\/wp\/v2\/comments?post=5235"}],"version-history":[{"count":3,"href":"https:\/\/www.labourdaisiere.com\/es\/wp-json\/wp\/v2\/pages\/5235\/revisions"}],"predecessor-version":[{"id":6893,"href":"https:\/\/www.labourdaisiere.com\/es\/wp-json\/wp\/v2\/pages\/5235\/revisions\/6893"}],"wp:attachment":[{"href":"https:\/\/www.labourdaisiere.com\/es\/wp-json\/wp\/v2\/media?parent=5235"}],"curies":[{"name":"wp","href":"https:\/\/api.w.org\/{rel}","templated":true}]}}