{"id":5104,"date":"2024-07-08T13:59:15","date_gmt":"2024-07-08T11:59:15","guid":{"rendered":"https:\/\/www.labourdaisiere.com\/informacion-legal\/"},"modified":"2024-07-19T09:50:29","modified_gmt":"2024-07-19T07:50:29","slug":"informacion-legal","status":"publish","type":"page","link":"https:\/\/www.labourdaisiere.com\/es\/informacion-legal\/","title":{"rendered":"Informaci\u00f3n legal"},"content":{"rendered":"\n<h3 class=\"wp-block-heading\">1. Informaci\u00f3n legal<\/h3>\n\n<p>El sitio web www.labourdaisi\u00e8re.com est\u00e1 gestionado y publicado por La Bourdaisi\u00e8re SAS, con sede en 25, rue de La Bourdaisi\u00e8re 37270 Montlouis sur Loire, Francia.<\/p>\n\n<p>Alojamiento web: Nuxit Groupe magic Online <a href=\"https:\/\/www.nuxit.com\">https:\/\/www.nuxit.com<\/a><\/p>\n\n<h3 class=\"wp-block-heading\">2. Propiedad intelectual<\/h3>\n\n<p>Todo este sitio est\u00e1 amparado por la legislaci\u00f3n sobre propiedad intelectual. Reservados todos los derechos de reproducci\u00f3n. Todos los elementos visuales, textuales y sonoros del sitio web www.labourdaisi\u00e8re.com son propiedad exclusiva de La Bourdaisi\u00e8re. Las fotograf\u00edas de este sitio son propiedad exclusiva del Grupo Deyrolle. Todos los derechos reservados. Cualquier reproducci\u00f3n, distribuci\u00f3n, modificaci\u00f3n o uso no autorizados est\u00e1n estrictamente prohibidos.<br\/><br\/>Las fotograf\u00edas utilizadas en este sitio son fotograf\u00edas originales tomadas por xxx xxxx<\/p>\n\n<p>La reproducci\u00f3n total o parcial de este sitio o de sus componentes, en cualquier soporte y por cualquier procedimiento, est\u00e1 estrictamente prohibida sin la autorizaci\u00f3n expresa y por escrito de DEYROLLE, y constituir\u00eda una infracci\u00f3n sancionada por los art\u00edculos L 335-2 y siguientes del C\u00f3digo franc\u00e9s de la Propiedad Intelectual. La marca La Bourdaisi\u00e8re es una marca registrada.<\/p>\n\n<p>Cualquier reproducci\u00f3n total o parcial de estas marcas sin la autorizaci\u00f3n expresa y por escrito de La Bourdaisi\u00e8re est\u00e1 prohibida en virtud de los art\u00edculos L 713-2 y L 713-3 del C\u00f3digo franc\u00e9s de la Propiedad Intelectual y constituir\u00eda una infracci\u00f3n.<\/p>\n","protected":false},"excerpt":{"rendered":"<p>1. Informaci\u00f3n legal El sitio web www.labourdaisi\u00e8re.com est\u00e1 gestionado y publicado por La Bourdaisi\u00e8re SAS, con sede en 25, rue de La Bourdaisi\u00e8re 37270 Montlouis sur Loire, Francia. Alojamiento web: Nuxit Groupe magic Online https:\/\/www.nuxit.com 2. Propiedad intelectual Todo este sitio est\u00e1 amparado por la legislaci\u00f3n sobre propiedad intelectual. Reservados todos los derechos de reproducci\u00f3n. [&hellip;]<\/p>\n","protected":false},"author":1,"featured_media":0,"parent":0,"menu_order":0,"comment_status":"closed","ping_status":"closed","template":"","meta":{"footnotes":""},"class_list":["post-5104","page","type-page","status-publish","hentry"],"yoast_head":"<!-- This site is optimized with the Yoast SEO plugin v27.2 - https:\/\/yoast.com\/product\/yoast-seo-wordpress\/ -->\n<title>Informaci\u00f3n legal - Ch\u00e2teau de la Bourdaisi\u00e8re \u00b7 H\u00f4tel de charme *** \u00b7 Val de Loire<\/title>\n<meta name=\"robots\" content=\"index, follow, max-snippet:-1, max-image-preview:large, max-video-preview:-1\" \/>\n<link rel=\"canonical\" href=\"https:\/\/www.labourdaisiere.com\/es\/informacion-legal\/\" \/>\n<meta property=\"og:locale\" content=\"es_ES\" \/>\n<meta property=\"og:type\" content=\"article\" \/>\n<meta property=\"og:title\" content=\"Informaci\u00f3n legal - Ch\u00e2teau de la Bourdaisi\u00e8re \u00b7 H\u00f4tel de charme *** \u00b7 Val de Loire\" \/>\n<meta property=\"og:description\" content=\"1. Informaci\u00f3n legal El sitio web www.labourdaisi\u00e8re.com est\u00e1 gestionado y publicado por La Bourdaisi\u00e8re SAS, con sede en 25, rue de La Bourdaisi\u00e8re 37270 Montlouis sur Loire, Francia. Alojamiento web: Nuxit Groupe magic Online https:\/\/www.nuxit.com 2. Propiedad intelectual Todo este sitio est\u00e1 amparado por la legislaci\u00f3n sobre propiedad intelectual. Reservados todos los derechos de reproducci\u00f3n. [&hellip;]\" \/>\n<meta property=\"og:url\" content=\"https:\/\/www.labourdaisiere.com\/es\/informacion-legal\/\" \/>\n<meta property=\"og:site_name\" content=\"Ch\u00e2teau de la Bourdaisi\u00e8re \u00b7 H\u00f4tel de charme *** \u00b7 Val de Loire\" \/>\n<meta property=\"article:publisher\" content=\"https:\/\/www.facebook.com\/labourdaisiere\/\" \/>\n<meta property=\"article:modified_time\" content=\"2024-07-19T07:50:29+00:00\" \/>\n<meta name=\"twitter:card\" content=\"summary_large_image\" \/>\n<meta name=\"twitter:label1\" content=\"Tiempo de lectura\" \/>\n\t<meta name=\"twitter:data1\" content=\"1 minuto\" \/>\n<script type=\"application\/ld+json\" class=\"yoast-schema-graph\">{\"@context\":\"https:\/\/schema.org\",\"@graph\":[{\"@type\":\"WebPage\",\"@id\":\"https:\/\/www.labourdaisiere.com\/es\/informacion-legal\/\",\"url\":\"https:\/\/www.labourdaisiere.com\/es\/informacion-legal\/\",\"name\":\"Informaci\u00f3n legal - Ch\u00e2teau de la Bourdaisi\u00e8re \u00b7 H\u00f4tel de charme *** \u00b7 Val de Loire\",\"isPartOf\":{\"@id\":\"https:\/\/www.labourdaisiere.com\/es\/#website\"},\"datePublished\":\"2024-07-08T11:59:15+00:00\",\"dateModified\":\"2024-07-19T07:50:29+00:00\",\"breadcrumb\":{\"@id\":\"https:\/\/www.labourdaisiere.com\/es\/informacion-legal\/#breadcrumb\"},\"inLanguage\":\"es\",\"potentialAction\":[{\"@type\":\"ReadAction\",\"target\":[\"https:\/\/www.labourdaisiere.com\/es\/informacion-legal\/\"]}]},{\"@type\":\"BreadcrumbList\",\"@id\":\"https:\/\/www.labourdaisiere.com\/es\/informacion-legal\/#breadcrumb\",\"itemListElement\":[{\"@type\":\"ListItem\",\"position\":1,\"name\":\"Accueil\",\"item\":\"https:\/\/www.labourdaisiere.com\/es\/inicio\/\"},{\"@type\":\"ListItem\",\"position\":2,\"name\":\"Informaci\u00f3n legal\"}]},{\"@type\":\"WebSite\",\"@id\":\"https:\/\/www.labourdaisiere.com\/es\/#website\",\"url\":\"https:\/\/www.labourdaisiere.com\/es\/\",\"name\":\"Ch\u00e2teau de la Bourdaisi\u00e8re \u00b7 H\u00f4tel de charme *** \u00b7 Val de Loire\",\"description\":\"H\u00f4tel 3 \u00e9toiles situ\u00e9 au c\u0153ur des ch\u00e2teaux de la Loire, est l&#039;endroit id\u00e9al pour vous ressourcer en pleine nature.\",\"publisher\":{\"@id\":\"https:\/\/www.labourdaisiere.com\/es\/#organization\"},\"potentialAction\":[{\"@type\":\"SearchAction\",\"target\":{\"@type\":\"EntryPoint\",\"urlTemplate\":\"https:\/\/www.labourdaisiere.com\/es\/?s={search_term_string}\"},\"query-input\":{\"@type\":\"PropertyValueSpecification\",\"valueRequired\":true,\"valueName\":\"search_term_string\"}}],\"inLanguage\":\"es\"},{\"@type\":\"Organization\",\"@id\":\"https:\/\/www.labourdaisiere.com\/es\/#organization\",\"name\":\"Ch\u00e2teau de la Bourdaisi\u00e8re \u00b7 H\u00f4tel de charme *** \u00b7 Val de Loire\",\"url\":\"https:\/\/www.labourdaisiere.com\/es\/\",\"logo\":{\"@type\":\"ImageObject\",\"inLanguage\":\"es\",\"@id\":\"https:\/\/www.labourdaisiere.com\/es\/#\/schema\/logo\/image\/\",\"url\":\"https:\/\/www.labourdaisiere.com\/wp-content\/uploads\/2024\/06\/Logo-1.png\",\"contentUrl\":\"https:\/\/www.labourdaisiere.com\/wp-content\/uploads\/2024\/06\/Logo-1.png\",\"width\":706,\"height\":213,\"caption\":\"Ch\u00e2teau de la Bourdaisi\u00e8re \u00b7 H\u00f4tel de charme *** \u00b7 Val de Loire\"},\"image\":{\"@id\":\"https:\/\/www.labourdaisiere.com\/es\/#\/schema\/logo\/image\/\"},\"sameAs\":[\"https:\/\/www.facebook.com\/labourdaisiere\/\",\"https:\/\/www.instagram.com\/chateau_la_bourdaisiere\/\",\"https:\/\/fr.linkedin.com\/company\/deyrolle\"]}]}<\/script>\n<!-- \/ Yoast SEO plugin. -->","yoast_head_json":{"title":"Informaci\u00f3n legal - Ch\u00e2teau de la Bourdaisi\u00e8re \u00b7 H\u00f4tel de charme *** \u00b7 Val de Loire","robots":{"index":"index","follow":"follow","max-snippet":"max-snippet:-1","max-image-preview":"max-image-preview:large","max-video-preview":"max-video-preview:-1"},"canonical":"https:\/\/www.labourdaisiere.com\/es\/informacion-legal\/","og_locale":"es_ES","og_type":"article","og_title":"Informaci\u00f3n legal - Ch\u00e2teau de la Bourdaisi\u00e8re \u00b7 H\u00f4tel de charme *** \u00b7 Val de Loire","og_description":"1. Informaci\u00f3n legal El sitio web www.labourdaisi\u00e8re.com est\u00e1 gestionado y publicado por La Bourdaisi\u00e8re SAS, con sede en 25, rue de La Bourdaisi\u00e8re 37270 Montlouis sur Loire, Francia. Alojamiento web: Nuxit Groupe magic Online https:\/\/www.nuxit.com 2. Propiedad intelectual Todo este sitio est\u00e1 amparado por la legislaci\u00f3n sobre propiedad intelectual. Reservados todos los derechos de reproducci\u00f3n. [&hellip;]","og_url":"https:\/\/www.labourdaisiere.com\/es\/informacion-legal\/","og_site_name":"Ch\u00e2teau de la Bourdaisi\u00e8re \u00b7 H\u00f4tel de charme *** \u00b7 Val de Loire","article_publisher":"https:\/\/www.facebook.com\/labourdaisiere\/","article_modified_time":"2024-07-19T07:50:29+00:00","twitter_card":"summary_large_image","twitter_misc":{"Tiempo de lectura":"1 minuto"},"schema":{"@context":"https:\/\/schema.org","@graph":[{"@type":"WebPage","@id":"https:\/\/www.labourdaisiere.com\/es\/informacion-legal\/","url":"https:\/\/www.labourdaisiere.com\/es\/informacion-legal\/","name":"Informaci\u00f3n legal - Ch\u00e2teau de la Bourdaisi\u00e8re \u00b7 H\u00f4tel de charme *** \u00b7 Val de Loire","isPartOf":{"@id":"https:\/\/www.labourdaisiere.com\/es\/#website"},"datePublished":"2024-07-08T11:59:15+00:00","dateModified":"2024-07-19T07:50:29+00:00","breadcrumb":{"@id":"https:\/\/www.labourdaisiere.com\/es\/informacion-legal\/#breadcrumb"},"inLanguage":"es","potentialAction":[{"@type":"ReadAction","target":["https:\/\/www.labourdaisiere.com\/es\/informacion-legal\/"]}]},{"@type":"BreadcrumbList","@id":"https:\/\/www.labourdaisiere.com\/es\/informacion-legal\/#breadcrumb","itemListElement":[{"@type":"ListItem","position":1,"name":"Accueil","item":"https:\/\/www.labourdaisiere.com\/es\/inicio\/"},{"@type":"ListItem","position":2,"name":"Informaci\u00f3n legal"}]},{"@type":"WebSite","@id":"https:\/\/www.labourdaisiere.com\/es\/#website","url":"https:\/\/www.labourdaisiere.com\/es\/","name":"Ch\u00e2teau de la Bourdaisi\u00e8re \u00b7 H\u00f4tel de charme *** \u00b7 Val de Loire","description":"H\u00f4tel 3 \u00e9toiles situ\u00e9 au c\u0153ur des ch\u00e2teaux de la Loire, est l&#039;endroit id\u00e9al pour vous ressourcer en pleine nature.","publisher":{"@id":"https:\/\/www.labourdaisiere.com\/es\/#organization"},"potentialAction":[{"@type":"SearchAction","target":{"@type":"EntryPoint","urlTemplate":"https:\/\/www.labourdaisiere.com\/es\/?s={search_term_string}"},"query-input":{"@type":"PropertyValueSpecification","valueRequired":true,"valueName":"search_term_string"}}],"inLanguage":"es"},{"@type":"Organization","@id":"https:\/\/www.labourdaisiere.com\/es\/#organization","name":"Ch\u00e2teau de la Bourdaisi\u00e8re \u00b7 H\u00f4tel de charme *** \u00b7 Val de Loire","url":"https:\/\/www.labourdaisiere.com\/es\/","logo":{"@type":"ImageObject","inLanguage":"es","@id":"https:\/\/www.labourdaisiere.com\/es\/#\/schema\/logo\/image\/","url":"https:\/\/www.labourdaisiere.com\/wp-content\/uploads\/2024\/06\/Logo-1.png","contentUrl":"https:\/\/www.labourdaisiere.com\/wp-content\/uploads\/2024\/06\/Logo-1.png","width":706,"height":213,"caption":"Ch\u00e2teau de la Bourdaisi\u00e8re \u00b7 H\u00f4tel de charme *** \u00b7 Val de Loire"},"image":{"@id":"https:\/\/www.labourdaisiere.com\/es\/#\/schema\/logo\/image\/"},"sameAs":["https:\/\/www.facebook.com\/labourdaisiere\/","https:\/\/www.instagram.com\/chateau_la_bourdaisiere\/","https:\/\/fr.linkedin.com\/company\/deyrolle"]}]}},"_links":{"self":[{"href":"https:\/\/www.labourdaisiere.com\/es\/wp-json\/wp\/v2\/pages\/5104","targetHints":{"allow":["GET"]}}],"collection":[{"href":"https:\/\/www.labourdaisiere.com\/es\/wp-json\/wp\/v2\/pages"}],"about":[{"href":"https:\/\/www.labourdaisiere.com\/es\/wp-json\/wp\/v2\/types\/page"}],"author":[{"embeddable":true,"href":"https:\/\/www.labourdaisiere.com\/es\/wp-json\/wp\/v2\/users\/1"}],"replies":[{"embeddable":true,"href":"https:\/\/www.labourdaisiere.com\/es\/wp-json\/wp\/v2\/comments?post=5104"}],"version-history":[{"count":1,"href":"https:\/\/www.labourdaisiere.com\/es\/wp-json\/wp\/v2\/pages\/5104\/revisions"}],"predecessor-version":[{"id":5108,"href":"https:\/\/www.labourdaisiere.com\/es\/wp-json\/wp\/v2\/pages\/5104\/revisions\/5108"}],"wp:attachment":[{"href":"https:\/\/www.labourdaisiere.com\/es\/wp-json\/wp\/v2\/media?parent=5104"}],"curies":[{"name":"wp","href":"https:\/\/api.w.org\/{rel}","templated":true}]}}