{"id":5099,"date":"2024-07-04T11:17:39","date_gmt":"2024-07-04T09:17:39","guid":{"rendered":"https:\/\/www.labourdaisiere.com\/catering\/"},"modified":"2024-07-19T09:50:28","modified_gmt":"2024-07-19T07:50:28","slug":"catering","status":"publish","type":"page","link":"https:\/\/www.labourdaisiere.com\/es\/catering\/","title":{"rendered":"Catering"},"content":{"rendered":"<style>.elementor-5099 .elementor-element.elementor-element-69891e15{--display:flex;--min-height:600px;--flex-direction:column;--container-widget-width:100%;--container-widget-height:initial;--container-widget-flex-grow:0;--container-widget-align-self:initial;--flex-wrap-mobile:wrap;--justify-content:center;--overlay-opacity:1;--padding-top:0px;--padding-bottom:0px;--padding-left:20px;--padding-right:20px;}.elementor-5099 .elementor-element.elementor-element-69891e15:not(.elementor-motion-effects-element-type-background), .elementor-5099 .elementor-element.elementor-element-69891e15 > .elementor-motion-effects-container > .elementor-motion-effects-layer{background-image:url(\"https:\/\/www.labourdaisiere.com\/wp-content\/uploads\/2024\/06\/0204_C.BOURDAISIERE-NATALIEBOB-MAY2024.jpg\");background-position:center center;background-repeat:no-repeat;background-size:cover;}.elementor-5099 .elementor-element.elementor-element-69891e15::before, .elementor-5099 .elementor-element.elementor-element-69891e15 > .elementor-background-video-container::before, .elementor-5099 .elementor-element.elementor-element-69891e15 > .e-con-inner > .elementor-background-video-container::before, .elementor-5099 .elementor-element.elementor-element-69891e15 > .elementor-background-slideshow::before, .elementor-5099 .elementor-element.elementor-element-69891e15 > .e-con-inner > .elementor-background-slideshow::before, .elementor-5099 .elementor-element.elementor-element-69891e15 > .elementor-motion-effects-container > .elementor-motion-effects-layer::before{--background-overlay:'';background-color:#0F0F0F54;}.elementor-5099 .elementor-element.elementor-element-49cf19f3{--display:flex;--gap:0px 0px;--row-gap:0px;--column-gap:0px;--padding-top:45px;--padding-bottom:80px;--padding-left:0px;--padding-right:0px;}.elementor-5099 .elementor-element.elementor-element-769ae2d9{text-align:center;}.elementor-5099 .elementor-element.elementor-element-769ae2d9 .elementor-heading-title{font-family:\"Playfair Display\", Sans-serif;font-size:80px;font-weight:500;text-transform:none;font-style:normal;text-decoration:none;line-height:1.15em;letter-spacing:-0.02em;color:var( --e-global-color-f0e0728 );}.elementor-5099 .elementor-element.elementor-element-769ae2d9 > .elementor-widget-container{margin:0px 0px 28px 0px;}.elementor-5099 .elementor-element.elementor-element-8ae0662{--spacer-size:50px;}.elementor-5099 .elementor-element.elementor-element-7b5430b8{--display:flex;--flex-direction:row;--container-widget-width:initial;--container-widget-height:100%;--container-widget-flex-grow:1;--container-widget-align-self:stretch;--flex-wrap-mobile:wrap;--gap:0px 0px;--row-gap:0px;--column-gap:0px;--flex-wrap:wrap;--margin-top:-140px;--margin-bottom:80px;--margin-left:0px;--margin-right:0px;}.elementor-5099 .elementor-element.elementor-element-76ec468b{--display:flex;--flex-direction:column;--container-widget-width:100%;--container-widget-height:initial;--container-widget-flex-grow:0;--container-widget-align-self:initial;--flex-wrap-mobile:wrap;}.elementor-5099 .elementor-element.elementor-element-1ff9ad07 .elementor-cta__content{text-align:center;}.elementor-5099 .elementor-element.elementor-element-1ff9ad07 .elementor-cta__title{font-size:32px;}.elementor-5099 .elementor-element.elementor-element-1ff9ad07 .elementor-cta__button{font-size:12px;border-width:1px;border-radius:0px;}.elementor-5099 .elementor-element.elementor-element-1ff9ad07 .elementor-cta__bg{filter:brightness( 100% ) contrast( 100% ) saturate( 100% ) blur( 0px ) hue-rotate( 0deg );}.elementor-5099 .elementor-element.elementor-element-1ff9ad07 .elementor-cta:hover .elementor-cta__bg-overlay{background-color:#02010100;}.elementor-5099 .elementor-element.elementor-element-1ff9ad07 .elementor-cta:hover .elementor-cta__bg{filter:brightness( 100% ) contrast( 100% ) saturate( 100% ) blur( 0px ) hue-rotate( 0deg );}.elementor-5099 .elementor-element.elementor-element-1ff9ad07 .elementor-cta .elementor-cta__bg, .elementor-5099 .elementor-element.elementor-element-1ff9ad07 .elementor-cta .elementor-cta__bg-overlay{transition-duration:1500ms;}.elementor-5099 .elementor-element.elementor-element-1ff9ad07 > .elementor-widget-container{border-style:none;box-shadow:5px 5px 10px 0px rgba(0, 0, 0, 0.22);}.elementor-5099 .elementor-element.elementor-element-c763a90{--display:flex;--flex-direction:column;--container-widget-width:100%;--container-widget-height:initial;--container-widget-flex-grow:0;--container-widget-align-self:initial;--flex-wrap-mobile:wrap;}.elementor-5099 .elementor-element.elementor-element-1489c8ce .elementor-cta__content{text-align:center;}.elementor-5099 .elementor-element.elementor-element-1489c8ce .elementor-cta__title{font-size:32px;}.elementor-5099 .elementor-element.elementor-element-1489c8ce .elementor-cta__button{font-size:12px;border-width:1px;border-radius:0px;}.elementor-5099 .elementor-element.elementor-element-1489c8ce .elementor-cta__bg{filter:brightness( 100% ) contrast( 100% ) saturate( 100% ) blur( 0px ) hue-rotate( 0deg );}.elementor-5099 .elementor-element.elementor-element-1489c8ce .elementor-cta:hover .elementor-cta__bg-overlay{background-color:#02010100;}.elementor-5099 .elementor-element.elementor-element-1489c8ce .elementor-cta:hover .elementor-cta__bg{filter:brightness( 100% ) contrast( 100% ) saturate( 100% ) blur( 0px ) hue-rotate( 0deg );}.elementor-5099 .elementor-element.elementor-element-1489c8ce .elementor-cta .elementor-cta__bg, .elementor-5099 .elementor-element.elementor-element-1489c8ce .elementor-cta .elementor-cta__bg-overlay{transition-duration:1500ms;}.elementor-5099 .elementor-element.elementor-element-1489c8ce > .elementor-widget-container{border-style:none;box-shadow:5px 5px 10px 0px rgba(0, 0, 0, 0.22);}.elementor-5099 .elementor-element.elementor-element-2d357ec4{--display:flex;--flex-direction:column;--container-widget-width:100%;--container-widget-height:initial;--container-widget-flex-grow:0;--container-widget-align-self:initial;--flex-wrap-mobile:wrap;}.elementor-5099 .elementor-element.elementor-element-1b6d2146 .elementor-cta__content{text-align:center;}.elementor-5099 .elementor-element.elementor-element-1b6d2146 .elementor-cta__title{font-size:32px;}.elementor-5099 .elementor-element.elementor-element-1b6d2146 .elementor-cta__button{font-size:12px;border-width:1px;border-radius:0px;}.elementor-5099 .elementor-element.elementor-element-1b6d2146 .elementor-cta__bg{filter:brightness( 100% ) contrast( 100% ) saturate( 100% ) blur( 0px ) hue-rotate( 0deg );}.elementor-5099 .elementor-element.elementor-element-1b6d2146 .elementor-cta:hover .elementor-cta__bg-overlay{background-color:#02010100;}.elementor-5099 .elementor-element.elementor-element-1b6d2146 .elementor-cta:hover .elementor-cta__bg{filter:brightness( 100% ) contrast( 100% ) saturate( 100% ) blur( 0px ) hue-rotate( 0deg );}.elementor-5099 .elementor-element.elementor-element-1b6d2146 .elementor-cta .elementor-cta__bg, .elementor-5099 .elementor-element.elementor-element-1b6d2146 .elementor-cta .elementor-cta__bg-overlay{transition-duration:1500ms;}.elementor-5099 .elementor-element.elementor-element-1b6d2146 > .elementor-widget-container{border-style:none;box-shadow:5px 5px 10px 0px rgba(0, 0, 0, 0.22);}:root{--page-title-display:none;}@media(min-width:1001px){.elementor-5099 .elementor-element.elementor-element-69891e15{--content-width:1240px;}.elementor-5099 .elementor-element.elementor-element-76ec468b{--width:33.3333%;}.elementor-5099 .elementor-element.elementor-element-c763a90{--width:33.3333%;}.elementor-5099 .elementor-element.elementor-element-2d357ec4{--width:33.3333%;}}@media(max-width:1024px){.elementor-5099 .elementor-element.elementor-element-69891e15{--min-height:500px;--padding-top:0px;--padding-bottom:0px;--padding-left:40px;--padding-right:40px;}.elementor-5099 .elementor-element.elementor-element-49cf19f3{--gap:0px 0px;--row-gap:0px;--column-gap:0px;}.elementor-5099 .elementor-element.elementor-element-769ae2d9 .elementor-heading-title{font-size:72px;line-height:1.15em;letter-spacing:-0.02em;}}@media(max-width:1000px){.elementor-5099 .elementor-element.elementor-element-69891e15{--min-height:0px;--padding-top:0px;--padding-bottom:0px;--padding-left:20px;--padding-right:20px;}.elementor-5099 .elementor-element.elementor-element-49cf19f3{--padding-top:100px;--padding-bottom:90px;--padding-left:0px;--padding-right:0px;}.elementor-5099 .elementor-element.elementor-element-769ae2d9 .elementor-heading-title{font-size:32px;line-height:1.15em;letter-spacing:-0.02em;}.elementor-5099 .elementor-element.elementor-element-769ae2d9 > .elementor-widget-container{padding:0px 0px 0px 0px;}.elementor-5099 .elementor-element.elementor-element-8ae0662{--spacer-size:40px;}.elementor-5099 .elementor-element.elementor-element-1ff9ad07 .elementor-cta__title{line-height:1em;}.elementor-5099 .elementor-element.elementor-element-1ff9ad07 .elementor-cta__title:not(:last-child){margin-bottom:20px;}.elementor-5099 .elementor-element.elementor-element-1ff9ad07 .elementor-cta__description:not(:last-child){margin-bottom:15px;}.elementor-5099 .elementor-element.elementor-element-1ff9ad07 .elementor-cta__button{letter-spacing:2px;padding:12px 12px 12px 12px;}.elementor-5099 .elementor-element.elementor-element-1489c8ce .elementor-cta__title{line-height:1em;}.elementor-5099 .elementor-element.elementor-element-1489c8ce .elementor-cta__title:not(:last-child){margin-bottom:20px;}.elementor-5099 .elementor-element.elementor-element-1489c8ce .elementor-cta__description:not(:last-child){margin-bottom:15px;}.elementor-5099 .elementor-element.elementor-element-1489c8ce .elementor-cta__button{letter-spacing:2px;padding:12px 12px 12px 12px;}.elementor-5099 .elementor-element.elementor-element-1b6d2146 .elementor-cta__title{line-height:1em;}.elementor-5099 .elementor-element.elementor-element-1b6d2146 .elementor-cta__title:not(:last-child){margin-bottom:20px;}.elementor-5099 .elementor-element.elementor-element-1b6d2146 .elementor-cta__description:not(:last-child){margin-bottom:15px;}.elementor-5099 .elementor-element.elementor-element-1b6d2146 .elementor-cta__button{letter-spacing:2px;padding:12px 12px 12px 12px;}}<\/style>\t\t<div data-elementor-type=\"wp-page\" data-elementor-id=\"5099\" class=\"elementor elementor-5099 elementor-2457\" data-elementor-post-type=\"page\">\n\t\t\t\t<div class=\"elementor-element elementor-element-69891e15 e-flex e-con-boxed e-con e-parent\" data-id=\"69891e15\" data-element_type=\"container\" data-e-type=\"container\" data-settings=\"{&quot;background_background&quot;:&quot;classic&quot;}\">\n\t\t\t\t\t<div class=\"e-con-inner\">\n\t\t<div class=\"elementor-element elementor-element-49cf19f3 e-con-full e-flex e-con e-child\" data-id=\"49cf19f3\" data-element_type=\"container\" data-e-type=\"container\">\n\t\t\t\t<div class=\"elementor-element elementor-element-769ae2d9 elementor-invisible elementor-widget elementor-widget-heading\" data-id=\"769ae2d9\" data-element_type=\"widget\" data-e-type=\"widget\" data-settings=\"{&quot;_animation&quot;:&quot;fadeIn&quot;}\" data-widget_type=\"heading.default\">\n\t\t\t\t<div class=\"elementor-widget-container\">\n\t\t\t\t\t<h2 class=\"elementor-heading-title elementor-size-default\">Catering<\/h2>\t\t\t\t<\/div>\n\t\t\t\t<\/div>\n\t\t\t\t<div class=\"elementor-element elementor-element-8ae0662 elementor-widget elementor-widget-spacer\" data-id=\"8ae0662\" data-element_type=\"widget\" data-e-type=\"widget\" data-widget_type=\"spacer.default\">\n\t\t\t\t<div class=\"elementor-widget-container\">\n\t\t\t\t\t\t\t<div class=\"elementor-spacer\">\n\t\t\t<div class=\"elementor-spacer-inner\"><\/div>\n\t\t<\/div>\n\t\t\t\t\t\t<\/div>\n\t\t\t\t<\/div>\n\t\t\t\t<\/div>\n\t\t\t\t\t<\/div>\n\t\t\t\t<\/div>\n\t\t<div class=\"elementor-element elementor-element-7b5430b8 e-flex e-con-boxed e-con e-parent\" data-id=\"7b5430b8\" data-element_type=\"container\" data-e-type=\"container\" data-settings=\"{&quot;background_background&quot;:&quot;classic&quot;}\">\n\t\t\t\t\t<div class=\"e-con-inner\">\n\t\t<div class=\"elementor-element elementor-element-76ec468b e-con-full e-flex e-con e-child\" data-id=\"76ec468b\" data-element_type=\"container\" data-e-type=\"container\">\n\t\t\t\t<div class=\"elementor-element elementor-element-1ff9ad07 elementor-cta--skin-classic elementor-animated-content elementor-bg-transform elementor-bg-transform-zoom-in elementor-widget elementor-widget-call-to-action\" data-id=\"1ff9ad07\" data-element_type=\"widget\" data-e-type=\"widget\" data-widget_type=\"call-to-action.default\">\n\t\t\t\t<div class=\"elementor-widget-container\">\n\t\t\t\t\t\t\t<a class=\"elementor-cta\" href=\"https:\/\/www.labourdaisiere.com\/petits-dejeuners-diners\/\">\n\t\t\t\t\t<div class=\"elementor-cta__bg-wrapper\">\n\t\t\t\t<div class=\"elementor-cta__bg elementor-bg\" style=\"background-image: url(https:\/\/www.labourdaisiere.com\/wp-content\/uploads\/2024\/06\/058-1024x682.jpg);\" role=\"img\" aria-label=\"058\"><\/div>\n\t\t\t\t<div class=\"elementor-cta__bg-overlay\"><\/div>\n\t\t\t<\/div>\n\t\t\t\t\t\t\t<div class=\"elementor-cta__content\">\n\t\t\t\t\n\t\t\t\t\t\t\t\t\t<h2 class=\"elementor-cta__title elementor-cta__content-item elementor-content-item\">\n\t\t\t\t\t\tDesayuno  <br>y cenas\t\t\t\t\t<\/h2>\n\t\t\t\t\n\t\t\t\t\t\t\t\t\t<div class=\"elementor-cta__description elementor-cta__content-item elementor-content-item\">\n\t\t\t\t\t\t<p>Productos frescos de nuestro huerto<\/p>\n\t\t\t\t\t<\/div>\n\t\t\t\t\n\t\t\t\t\t\t\t\t\t<div class=\"elementor-cta__button-wrapper elementor-cta__content-item elementor-content-item \">\n\t\t\t\t\t<span class=\"elementor-cta__button elementor-button elementor-size-\">\n\t\t\t\t\t\tM\u00c1S INFORMACI\u00d3N\t\t\t\t\t<\/span>\n\t\t\t\t\t<\/div>\n\t\t\t\t\t\t\t<\/div>\n\t\t\t\t\t\t<\/a>\n\t\t\t\t\t\t<\/div>\n\t\t\t\t<\/div>\n\t\t\t\t<\/div>\n\t\t<div class=\"elementor-element elementor-element-c763a90 e-con-full e-flex e-con e-child\" data-id=\"c763a90\" data-element_type=\"container\" data-e-type=\"container\">\n\t\t\t\t<div class=\"elementor-element elementor-element-1489c8ce elementor-cta--skin-classic elementor-animated-content elementor-bg-transform elementor-bg-transform-zoom-in elementor-widget elementor-widget-call-to-action\" data-id=\"1489c8ce\" data-element_type=\"widget\" data-e-type=\"widget\" data-widget_type=\"call-to-action.default\">\n\t\t\t\t<div class=\"elementor-widget-container\">\n\t\t\t\t\t\t\t<a class=\"elementor-cta\" href=\"https:\/\/www.labourdaisiere.com\/bar-a-tomates\/\">\n\t\t\t\t\t<div class=\"elementor-cta__bg-wrapper\">\n\t\t\t\t<div class=\"elementor-cta__bg elementor-bg\" style=\"background-image: url(https:\/\/www.labourdaisiere.com\/wp-content\/uploads\/2024\/06\/DSC1326-1612x1073-1-1024x682.jpg);\" role=\"img\" aria-label=\"DSC1326-1612x1073\"><\/div>\n\t\t\t\t<div class=\"elementor-cta__bg-overlay\"><\/div>\n\t\t\t<\/div>\n\t\t\t\t\t\t\t<div class=\"elementor-cta__content\">\n\t\t\t\t\n\t\t\t\t\t\t\t\t\t<h2 class=\"elementor-cta__title elementor-cta__content-item elementor-content-item\">\n\t\t\t\t\t\tBar  <br>con tomates\t\t\t\t\t<\/h2>\n\t\t\t\t\n\t\t\t\t\t\t\t\t\t<div class=\"elementor-cta__description elementor-cta__content-item elementor-content-item\">\n\t\t\t\t\t\t<p>Abierto de junio a septiembre<\/p>\n\t\t\t\t\t<\/div>\n\t\t\t\t\n\t\t\t\t\t\t\t\t\t<div class=\"elementor-cta__button-wrapper elementor-cta__content-item elementor-content-item \">\n\t\t\t\t\t<span class=\"elementor-cta__button elementor-button elementor-size-\">\n\t\t\t\t\t\tM\u00c1S INFORMACI\u00d3N\t\t\t\t\t<\/span>\n\t\t\t\t\t<\/div>\n\t\t\t\t\t\t\t<\/div>\n\t\t\t\t\t\t<\/a>\n\t\t\t\t\t\t<\/div>\n\t\t\t\t<\/div>\n\t\t\t\t<\/div>\n\t\t<div class=\"elementor-element elementor-element-2d357ec4 e-con-full e-flex e-con e-child\" data-id=\"2d357ec4\" data-element_type=\"container\" data-e-type=\"container\">\n\t\t\t\t<div class=\"elementor-element elementor-element-1b6d2146 elementor-cta--skin-classic elementor-animated-content elementor-bg-transform elementor-bg-transform-zoom-in elementor-widget elementor-widget-call-to-action\" data-id=\"1b6d2146\" data-element_type=\"widget\" data-e-type=\"widget\" data-widget_type=\"call-to-action.default\">\n\t\t\t\t<div class=\"elementor-widget-container\">\n\t\t\t\t\t\t\t<a class=\"elementor-cta\" href=\"https:\/\/www.labourdaisiere.com\/salon-de-the\/\">\n\t\t\t\t\t<div class=\"elementor-cta__bg-wrapper\">\n\t\t\t\t<div class=\"elementor-cta__bg elementor-bg\" style=\"background-image: url(https:\/\/www.labourdaisiere.com\/wp-content\/uploads\/2024\/07\/0520_C.BOURDAISIERE-NATALIEBOB-MAY2024-1-1024x683.jpg);\" role=\"img\" aria-label=\"0520_C.BOURDAISIERE NATALIE&amp;BOB MAY2024\"><\/div>\n\t\t\t\t<div class=\"elementor-cta__bg-overlay\"><\/div>\n\t\t\t<\/div>\n\t\t\t\t\t\t\t<div class=\"elementor-cta__content\">\n\t\t\t\t\n\t\t\t\t\t\t\t\t\t<h2 class=\"elementor-cta__title elementor-cta__content-item elementor-content-item\">\n\t\t\t\t\t\tSal\u00f3n  <br>t\u00e9\t\t\t\t\t<\/h2>\n\t\t\t\t\n\t\t\t\t\t\t\t\t\t<div class=\"elementor-cta__description elementor-cta__content-item elementor-content-item\">\n\t\t\t\t\t\t<p>Accesible a los residentes y visitantes de los jardines<\/p>\n\t\t\t\t\t<\/div>\n\t\t\t\t\n\t\t\t\t\t\t\t\t\t<div class=\"elementor-cta__button-wrapper elementor-cta__content-item elementor-content-item \">\n\t\t\t\t\t<span class=\"elementor-cta__button elementor-button elementor-size-\">\n\t\t\t\t\t\tM\u00c1S INFORMACI\u00d3N\t\t\t\t\t<\/span>\n\t\t\t\t\t<\/div>\n\t\t\t\t\t\t\t<\/div>\n\t\t\t\t\t\t<\/a>\n\t\t\t\t\t\t<\/div>\n\t\t\t\t<\/div>\n\t\t\t\t<\/div>\n\t\t\t\t\t<\/div>\n\t\t\t\t<\/div>\n\t\t\t\t<\/div>\n\t\t","protected":false},"excerpt":{"rendered":"<p>Catering Desayuno y cenas Productos frescos de nuestro huerto M\u00c1S INFORMACI\u00d3N Bar con tomates Abierto de junio a septiembre M\u00c1S INFORMACI\u00d3N Sal\u00f3n t\u00e9 Accesible a los residentes y visitantes de los jardines M\u00c1S INFORMACI\u00d3N<\/p>\n","protected":false},"author":2,"featured_media":0,"parent":0,"menu_order":0,"comment_status":"closed","ping_status":"closed","template":"elementor_header_footer","meta":{"footnotes":""},"class_list":["post-5099","page","type-page","status-publish","hentry"],"yoast_head":"<!-- This site is optimized with the Yoast SEO plugin v27.2 - https:\/\/yoast.com\/product\/yoast-seo-wordpress\/ -->\n<title>Catering - Ch\u00e2teau de la Bourdaisi\u00e8re \u00b7 H\u00f4tel de charme *** \u00b7 Val de Loire<\/title>\n<meta name=\"robots\" content=\"index, follow, max-snippet:-1, max-image-preview:large, max-video-preview:-1\" \/>\n<link rel=\"canonical\" href=\"https:\/\/www.labourdaisiere.com\/es\/catering\/\" \/>\n<meta property=\"og:locale\" content=\"es_ES\" \/>\n<meta property=\"og:type\" content=\"article\" \/>\n<meta property=\"og:title\" content=\"Catering - Ch\u00e2teau de la Bourdaisi\u00e8re \u00b7 H\u00f4tel de charme *** \u00b7 Val de Loire\" \/>\n<meta property=\"og:description\" content=\"Catering Desayuno y cenas Productos frescos de nuestro huerto M\u00c1S INFORMACI\u00d3N Bar con tomates Abierto de junio a septiembre M\u00c1S INFORMACI\u00d3N Sal\u00f3n t\u00e9 Accesible a los residentes y visitantes de los jardines M\u00c1S INFORMACI\u00d3N\" \/>\n<meta property=\"og:url\" content=\"https:\/\/www.labourdaisiere.com\/es\/catering\/\" \/>\n<meta property=\"og:site_name\" content=\"Ch\u00e2teau de la Bourdaisi\u00e8re \u00b7 H\u00f4tel de charme *** \u00b7 Val de Loire\" \/>\n<meta property=\"article:publisher\" content=\"https:\/\/www.facebook.com\/labourdaisiere\/\" \/>\n<meta property=\"article:modified_time\" content=\"2024-07-19T07:50:28+00:00\" \/>\n<meta name=\"twitter:card\" content=\"summary_large_image\" \/>\n<script type=\"application\/ld+json\" class=\"yoast-schema-graph\">{\"@context\":\"https:\/\/schema.org\",\"@graph\":[{\"@type\":\"WebPage\",\"@id\":\"https:\/\/www.labourdaisiere.com\/es\/catering\/\",\"url\":\"https:\/\/www.labourdaisiere.com\/es\/catering\/\",\"name\":\"Catering - Ch\u00e2teau de la Bourdaisi\u00e8re \u00b7 H\u00f4tel de charme *** \u00b7 Val de Loire\",\"isPartOf\":{\"@id\":\"https:\/\/www.labourdaisiere.com\/es\/#website\"},\"datePublished\":\"2024-07-04T09:17:39+00:00\",\"dateModified\":\"2024-07-19T07:50:28+00:00\",\"breadcrumb\":{\"@id\":\"https:\/\/www.labourdaisiere.com\/es\/catering\/#breadcrumb\"},\"inLanguage\":\"es\",\"potentialAction\":[{\"@type\":\"ReadAction\",\"target\":[\"https:\/\/www.labourdaisiere.com\/es\/catering\/\"]}]},{\"@type\":\"BreadcrumbList\",\"@id\":\"https:\/\/www.labourdaisiere.com\/es\/catering\/#breadcrumb\",\"itemListElement\":[{\"@type\":\"ListItem\",\"position\":1,\"name\":\"Accueil\",\"item\":\"https:\/\/www.labourdaisiere.com\/es\/inicio\/\"},{\"@type\":\"ListItem\",\"position\":2,\"name\":\"Catering\"}]},{\"@type\":\"WebSite\",\"@id\":\"https:\/\/www.labourdaisiere.com\/es\/#website\",\"url\":\"https:\/\/www.labourdaisiere.com\/es\/\",\"name\":\"Ch\u00e2teau de la Bourdaisi\u00e8re \u00b7 H\u00f4tel de charme *** \u00b7 Val de Loire\",\"description\":\"H\u00f4tel 3 \u00e9toiles situ\u00e9 au c\u0153ur des ch\u00e2teaux de la Loire, est l&#039;endroit id\u00e9al pour vous ressourcer en pleine nature.\",\"publisher\":{\"@id\":\"https:\/\/www.labourdaisiere.com\/es\/#organization\"},\"potentialAction\":[{\"@type\":\"SearchAction\",\"target\":{\"@type\":\"EntryPoint\",\"urlTemplate\":\"https:\/\/www.labourdaisiere.com\/es\/?s={search_term_string}\"},\"query-input\":{\"@type\":\"PropertyValueSpecification\",\"valueRequired\":true,\"valueName\":\"search_term_string\"}}],\"inLanguage\":\"es\"},{\"@type\":\"Organization\",\"@id\":\"https:\/\/www.labourdaisiere.com\/es\/#organization\",\"name\":\"Ch\u00e2teau de la Bourdaisi\u00e8re \u00b7 H\u00f4tel de charme *** \u00b7 Val de Loire\",\"url\":\"https:\/\/www.labourdaisiere.com\/es\/\",\"logo\":{\"@type\":\"ImageObject\",\"inLanguage\":\"es\",\"@id\":\"https:\/\/www.labourdaisiere.com\/es\/#\/schema\/logo\/image\/\",\"url\":\"https:\/\/www.labourdaisiere.com\/wp-content\/uploads\/2024\/06\/Logo-1.png\",\"contentUrl\":\"https:\/\/www.labourdaisiere.com\/wp-content\/uploads\/2024\/06\/Logo-1.png\",\"width\":706,\"height\":213,\"caption\":\"Ch\u00e2teau de la Bourdaisi\u00e8re \u00b7 H\u00f4tel de charme *** \u00b7 Val de Loire\"},\"image\":{\"@id\":\"https:\/\/www.labourdaisiere.com\/es\/#\/schema\/logo\/image\/\"},\"sameAs\":[\"https:\/\/www.facebook.com\/labourdaisiere\/\",\"https:\/\/www.instagram.com\/chateau_la_bourdaisiere\/\",\"https:\/\/fr.linkedin.com\/company\/deyrolle\"]}]}<\/script>\n<!-- \/ Yoast SEO plugin. -->","yoast_head_json":{"title":"Catering - Ch\u00e2teau de la Bourdaisi\u00e8re \u00b7 H\u00f4tel de charme *** \u00b7 Val de Loire","robots":{"index":"index","follow":"follow","max-snippet":"max-snippet:-1","max-image-preview":"max-image-preview:large","max-video-preview":"max-video-preview:-1"},"canonical":"https:\/\/www.labourdaisiere.com\/es\/catering\/","og_locale":"es_ES","og_type":"article","og_title":"Catering - Ch\u00e2teau de la Bourdaisi\u00e8re \u00b7 H\u00f4tel de charme *** \u00b7 Val de Loire","og_description":"Catering Desayuno y cenas Productos frescos de nuestro huerto M\u00c1S INFORMACI\u00d3N Bar con tomates Abierto de junio a septiembre M\u00c1S INFORMACI\u00d3N Sal\u00f3n t\u00e9 Accesible a los residentes y visitantes de los jardines M\u00c1S INFORMACI\u00d3N","og_url":"https:\/\/www.labourdaisiere.com\/es\/catering\/","og_site_name":"Ch\u00e2teau de la Bourdaisi\u00e8re \u00b7 H\u00f4tel de charme *** \u00b7 Val de Loire","article_publisher":"https:\/\/www.facebook.com\/labourdaisiere\/","article_modified_time":"2024-07-19T07:50:28+00:00","twitter_card":"summary_large_image","schema":{"@context":"https:\/\/schema.org","@graph":[{"@type":"WebPage","@id":"https:\/\/www.labourdaisiere.com\/es\/catering\/","url":"https:\/\/www.labourdaisiere.com\/es\/catering\/","name":"Catering - Ch\u00e2teau de la Bourdaisi\u00e8re \u00b7 H\u00f4tel de charme *** \u00b7 Val de Loire","isPartOf":{"@id":"https:\/\/www.labourdaisiere.com\/es\/#website"},"datePublished":"2024-07-04T09:17:39+00:00","dateModified":"2024-07-19T07:50:28+00:00","breadcrumb":{"@id":"https:\/\/www.labourdaisiere.com\/es\/catering\/#breadcrumb"},"inLanguage":"es","potentialAction":[{"@type":"ReadAction","target":["https:\/\/www.labourdaisiere.com\/es\/catering\/"]}]},{"@type":"BreadcrumbList","@id":"https:\/\/www.labourdaisiere.com\/es\/catering\/#breadcrumb","itemListElement":[{"@type":"ListItem","position":1,"name":"Accueil","item":"https:\/\/www.labourdaisiere.com\/es\/inicio\/"},{"@type":"ListItem","position":2,"name":"Catering"}]},{"@type":"WebSite","@id":"https:\/\/www.labourdaisiere.com\/es\/#website","url":"https:\/\/www.labourdaisiere.com\/es\/","name":"Ch\u00e2teau de la Bourdaisi\u00e8re \u00b7 H\u00f4tel de charme *** \u00b7 Val de Loire","description":"H\u00f4tel 3 \u00e9toiles situ\u00e9 au c\u0153ur des ch\u00e2teaux de la Loire, est l&#039;endroit id\u00e9al pour vous ressourcer en pleine nature.","publisher":{"@id":"https:\/\/www.labourdaisiere.com\/es\/#organization"},"potentialAction":[{"@type":"SearchAction","target":{"@type":"EntryPoint","urlTemplate":"https:\/\/www.labourdaisiere.com\/es\/?s={search_term_string}"},"query-input":{"@type":"PropertyValueSpecification","valueRequired":true,"valueName":"search_term_string"}}],"inLanguage":"es"},{"@type":"Organization","@id":"https:\/\/www.labourdaisiere.com\/es\/#organization","name":"Ch\u00e2teau de la Bourdaisi\u00e8re \u00b7 H\u00f4tel de charme *** \u00b7 Val de Loire","url":"https:\/\/www.labourdaisiere.com\/es\/","logo":{"@type":"ImageObject","inLanguage":"es","@id":"https:\/\/www.labourdaisiere.com\/es\/#\/schema\/logo\/image\/","url":"https:\/\/www.labourdaisiere.com\/wp-content\/uploads\/2024\/06\/Logo-1.png","contentUrl":"https:\/\/www.labourdaisiere.com\/wp-content\/uploads\/2024\/06\/Logo-1.png","width":706,"height":213,"caption":"Ch\u00e2teau de la Bourdaisi\u00e8re \u00b7 H\u00f4tel de charme *** \u00b7 Val de Loire"},"image":{"@id":"https:\/\/www.labourdaisiere.com\/es\/#\/schema\/logo\/image\/"},"sameAs":["https:\/\/www.facebook.com\/labourdaisiere\/","https:\/\/www.instagram.com\/chateau_la_bourdaisiere\/","https:\/\/fr.linkedin.com\/company\/deyrolle"]}]}},"_links":{"self":[{"href":"https:\/\/www.labourdaisiere.com\/es\/wp-json\/wp\/v2\/pages\/5099","targetHints":{"allow":["GET"]}}],"collection":[{"href":"https:\/\/www.labourdaisiere.com\/es\/wp-json\/wp\/v2\/pages"}],"about":[{"href":"https:\/\/www.labourdaisiere.com\/es\/wp-json\/wp\/v2\/types\/page"}],"author":[{"embeddable":true,"href":"https:\/\/www.labourdaisiere.com\/es\/wp-json\/wp\/v2\/users\/2"}],"replies":[{"embeddable":true,"href":"https:\/\/www.labourdaisiere.com\/es\/wp-json\/wp\/v2\/comments?post=5099"}],"version-history":[{"count":2,"href":"https:\/\/www.labourdaisiere.com\/es\/wp-json\/wp\/v2\/pages\/5099\/revisions"}],"predecessor-version":[{"id":5107,"href":"https:\/\/www.labourdaisiere.com\/es\/wp-json\/wp\/v2\/pages\/5099\/revisions\/5107"}],"wp:attachment":[{"href":"https:\/\/www.labourdaisiere.com\/es\/wp-json\/wp\/v2\/media?parent=5099"}],"curies":[{"name":"wp","href":"https:\/\/api.w.org\/{rel}","templated":true}]}}