{"id":4913,"date":"2024-06-18T08:13:41","date_gmt":"2024-06-18T06:13:41","guid":{"rendered":"https:\/\/www.labourdaisiere.com\/the-cellars\/"},"modified":"2024-10-25T16:14:17","modified_gmt":"2024-10-25T14:14:17","slug":"the-cellars","status":"publish","type":"page","link":"https:\/\/www.labourdaisiere.com\/en\/the-cellars\/","title":{"rendered":"The cellars"},"content":{"rendered":"<style>.elementor-4913 .elementor-element.elementor-element-1e41792c{--display:flex;--min-height:600px;--flex-direction:column;--container-widget-width:100%;--container-widget-height:initial;--container-widget-flex-grow:0;--container-widget-align-self:initial;--flex-wrap-mobile:wrap;--justify-content:center;--overlay-opacity:0.57;--padding-top:0px;--padding-bottom:0px;--padding-left:20px;--padding-right:20px;}.elementor-4913 .elementor-element.elementor-element-1e41792c:not(.elementor-motion-effects-element-type-background), .elementor-4913 .elementor-element.elementor-element-1e41792c > .elementor-motion-effects-container > .elementor-motion-effects-layer{background-image:url(\"https:\/\/www.labourdaisiere.com\/wp-content\/uploads\/2024\/07\/0743_C.BOURDAISIERE-NATALIEBOB-MAY2024.jpg\");background-position:center center;background-size:cover;}.elementor-4913 .elementor-element.elementor-element-1e41792c::before, .elementor-4913 .elementor-element.elementor-element-1e41792c > .elementor-background-video-container::before, .elementor-4913 .elementor-element.elementor-element-1e41792c > .e-con-inner > .elementor-background-video-container::before, .elementor-4913 .elementor-element.elementor-element-1e41792c > .elementor-background-slideshow::before, .elementor-4913 .elementor-element.elementor-element-1e41792c > .e-con-inner > .elementor-background-slideshow::before, .elementor-4913 .elementor-element.elementor-element-1e41792c > .elementor-motion-effects-container > .elementor-motion-effects-layer::before{--background-overlay:'';background-color:#0F0F0F96;}.elementor-4913 .elementor-element.elementor-element-71259430{--display:flex;--gap:0px 0px;--row-gap:0px;--column-gap:0px;--padding-top:45px;--padding-bottom:80px;--padding-left:0px;--padding-right:0px;}.elementor-4913 .elementor-element.elementor-element-561efd15{text-align:center;}.elementor-4913 .elementor-element.elementor-element-561efd15 .elementor-heading-title{font-family:var( --e-global-typography-888c778-font-family ), Sans-serif;font-size:var( --e-global-typography-888c778-font-size );font-weight:var( --e-global-typography-888c778-font-weight );text-transform:var( --e-global-typography-888c778-text-transform );font-style:var( --e-global-typography-888c778-font-style );text-decoration:var( --e-global-typography-888c778-text-decoration );line-height:var( --e-global-typography-888c778-line-height );letter-spacing:var( --e-global-typography-888c778-letter-spacing );word-spacing:var( --e-global-typography-888c778-word-spacing );color:var( --e-global-color-f0e0728 );}.elementor-4913 .elementor-element.elementor-element-561efd15 > .elementor-widget-container{margin:0px 0px 28px 0px;}.elementor-4913 .elementor-element.elementor-element-2b8738c0{--display:flex;--flex-direction:column;--container-widget-width:100%;--container-widget-height:initial;--container-widget-flex-grow:0;--container-widget-align-self:initial;--flex-wrap-mobile:wrap;--padding-top:0px;--padding-bottom:0px;--padding-left:20px;--padding-right:20px;}.elementor-4913 .elementor-element.elementor-element-57744498{--display:flex;--min-height:700px;--justify-content:center;--overlay-opacity:1;border-style:solid;--border-style:solid;border-width:10px 10px 10px 10px;--border-top-width:10px;--border-right-width:10px;--border-bottom-width:10px;--border-left-width:10px;border-color:#FFFFFF;--border-color:#FFFFFF;box-shadow:15px 15px 25px 0px rgba(0,0,0,0.5);--margin-top:-100px;--margin-bottom:0px;--margin-left:0px;--margin-right:0px;}.elementor-4913 .elementor-element.elementor-element-57744498::before, .elementor-4913 .elementor-element.elementor-element-57744498 > .elementor-background-video-container::before, .elementor-4913 .elementor-element.elementor-element-57744498 > .e-con-inner > .elementor-background-video-container::before, .elementor-4913 .elementor-element.elementor-element-57744498 > .elementor-background-slideshow::before, .elementor-4913 .elementor-element.elementor-element-57744498 > .e-con-inner > .elementor-background-slideshow::before, .elementor-4913 .elementor-element.elementor-element-57744498 > .elementor-motion-effects-container > .elementor-motion-effects-layer::before{--background-overlay:'';}.elementor-4913 .elementor-element.elementor-element-3c0c1181{--display:flex;--flex-direction:column;--container-widget-width:100%;--container-widget-height:initial;--container-widget-flex-grow:0;--container-widget-align-self:initial;--flex-wrap-mobile:wrap;--gap:0px 0px;--row-gap:0px;--column-gap:0px;--margin-top:90px;--margin-bottom:100px;--margin-left:0px;--margin-right:0px;--padding-top:0px;--padding-bottom:0px;--padding-left:20px;--padding-right:20px;}.elementor-4913 .elementor-element.elementor-element-275e11b1{text-align:center;}.elementor-4913 .elementor-element.elementor-element-275e11b1 .elementor-heading-title{font-family:var( --e-global-typography-dbcccba-font-family ), Sans-serif;font-size:var( --e-global-typography-dbcccba-font-size );font-weight:var( --e-global-typography-dbcccba-font-weight );text-transform:var( --e-global-typography-dbcccba-text-transform );font-style:var( --e-global-typography-dbcccba-font-style );text-decoration:var( --e-global-typography-dbcccba-text-decoration );line-height:var( --e-global-typography-dbcccba-line-height );letter-spacing:var( --e-global-typography-dbcccba-letter-spacing );word-spacing:var( --e-global-typography-dbcccba-word-spacing );color:var( --e-global-color-text );}.elementor-4913 .elementor-element.elementor-element-275e11b1 > .elementor-widget-container{margin:0px 0px 28px 0px;padding:0px 200px 0px 200px;}.elementor-4913 .elementor-element.elementor-element-5c60c4f7{text-align:start;font-family:var( --e-global-typography-8437c3e-font-family ), Sans-serif;font-size:var( --e-global-typography-8437c3e-font-size );font-weight:var( --e-global-typography-8437c3e-font-weight );text-transform:var( --e-global-typography-8437c3e-text-transform );font-style:var( --e-global-typography-8437c3e-font-style );text-decoration:var( --e-global-typography-8437c3e-text-decoration );line-height:var( --e-global-typography-8437c3e-line-height );letter-spacing:var( --e-global-typography-8437c3e-letter-spacing );word-spacing:var( --e-global-typography-8437c3e-word-spacing );color:var( --e-global-color-abac551 );width:var( --container-widget-width, 75% );max-width:75%;--container-widget-width:75%;--container-widget-flex-grow:0;}.elementor-4913 .elementor-element.elementor-element-5c60c4f7.elementor-element{--align-self:center;}:root{--page-title-display:none;}@media(min-width:1001px){.elementor-4913 .elementor-element.elementor-element-1e41792c{--content-width:1240px;}.elementor-4913 .elementor-element.elementor-element-2b8738c0{--content-width:1240px;}.elementor-4913 .elementor-element.elementor-element-57744498{--width:100%;}.elementor-4913 .elementor-element.elementor-element-3c0c1181{--content-width:1240px;}}@media(max-width:1024px){.elementor-4913 .elementor-element.elementor-element-1e41792c{--min-height:500px;--padding-top:0px;--padding-bottom:0px;--padding-left:40px;--padding-right:40px;}.elementor-4913 .elementor-element.elementor-element-71259430{--gap:0px 0px;--row-gap:0px;--column-gap:0px;}.elementor-4913 .elementor-element.elementor-element-561efd15 .elementor-heading-title{font-size:var( --e-global-typography-888c778-font-size );line-height:var( --e-global-typography-888c778-line-height );letter-spacing:var( --e-global-typography-888c778-letter-spacing );word-spacing:var( --e-global-typography-888c778-word-spacing );}.elementor-4913 .elementor-element.elementor-element-2b8738c0{--padding-top:0px;--padding-bottom:0px;--padding-left:40px;--padding-right:40px;}.elementor-4913 .elementor-element.elementor-element-57744498{--min-height:550px;}.elementor-4913 .elementor-element.elementor-element-3c0c1181{--margin-top:70px;--margin-bottom:75px;--margin-left:0px;--margin-right:0px;--padding-top:0px;--padding-bottom:0px;--padding-left:40px;--padding-right:40px;}.elementor-4913 .elementor-element.elementor-element-275e11b1 .elementor-heading-title{font-size:var( --e-global-typography-dbcccba-font-size );line-height:var( --e-global-typography-dbcccba-line-height );letter-spacing:var( --e-global-typography-dbcccba-letter-spacing );word-spacing:var( --e-global-typography-dbcccba-word-spacing );}.elementor-4913 .elementor-element.elementor-element-275e11b1 > .elementor-widget-container{padding:0px 0px 0px 0px;}.elementor-4913 .elementor-element.elementor-element-275e11b1{width:var( --container-widget-width, 650px );max-width:650px;--container-widget-width:650px;--container-widget-flex-grow:0;}.elementor-4913 .elementor-element.elementor-element-275e11b1.elementor-element{--align-self:center;}.elementor-4913 .elementor-element.elementor-element-5c60c4f7{font-size:var( --e-global-typography-8437c3e-font-size );line-height:var( --e-global-typography-8437c3e-line-height );letter-spacing:var( --e-global-typography-8437c3e-letter-spacing );word-spacing:var( --e-global-typography-8437c3e-word-spacing );--container-widget-width:515px;--container-widget-flex-grow:0;width:var( --container-widget-width, 515px );max-width:515px;}}@media(max-width:1000px){.elementor-4913 .elementor-element.elementor-element-1e41792c{--min-height:0px;--padding-top:0px;--padding-bottom:0px;--padding-left:20px;--padding-right:20px;}.elementor-4913 .elementor-element.elementor-element-71259430{--padding-top:100px;--padding-bottom:90px;--padding-left:0px;--padding-right:0px;}.elementor-4913 .elementor-element.elementor-element-561efd15 .elementor-heading-title{font-size:var( --e-global-typography-888c778-font-size );line-height:var( --e-global-typography-888c778-line-height );letter-spacing:var( --e-global-typography-888c778-letter-spacing );word-spacing:var( --e-global-typography-888c778-word-spacing );}.elementor-4913 .elementor-element.elementor-element-561efd15 > .elementor-widget-container{padding:0px 0px 0px 0px;}.elementor-4913 .elementor-element.elementor-element-2b8738c0{--padding-top:0px;--padding-bottom:0px;--padding-left:20px;--padding-right:20px;}.elementor-4913 .elementor-element.elementor-element-57744498{--min-height:220px;--margin-top:-50px;--margin-bottom:0px;--margin-left:0px;--margin-right:0px;}.elementor-4913 .elementor-element.elementor-element-3c0c1181{--margin-top:45px;--margin-bottom:50px;--margin-left:0px;--margin-right:0px;--padding-top:0px;--padding-bottom:0px;--padding-left:20px;--padding-right:20px;}.elementor-4913 .elementor-element.elementor-element-275e11b1 .elementor-heading-title{font-size:var( --e-global-typography-dbcccba-font-size );line-height:var( --e-global-typography-dbcccba-line-height );letter-spacing:var( --e-global-typography-dbcccba-letter-spacing );word-spacing:var( --e-global-typography-dbcccba-word-spacing );}.elementor-4913 .elementor-element.elementor-element-5c60c4f7{font-size:var( --e-global-typography-8437c3e-font-size );line-height:var( --e-global-typography-8437c3e-line-height );letter-spacing:var( --e-global-typography-8437c3e-letter-spacing );word-spacing:var( --e-global-typography-8437c3e-word-spacing );width:100%;max-width:100%;}.elementor-4913 .elementor-element.elementor-element-5c60c4f7 > .elementor-widget-container{margin:0px 0px 32px 0px;}}<\/style>\t\t<div data-elementor-type=\"wp-page\" data-elementor-id=\"4913\" class=\"elementor elementor-4913 elementor-992\" data-elementor-post-type=\"page\">\n\t\t\t\t<div class=\"elementor-element elementor-element-1e41792c e-flex e-con-boxed e-con e-parent\" data-id=\"1e41792c\" data-element_type=\"container\" data-e-type=\"container\" data-settings=\"{&quot;background_background&quot;:&quot;classic&quot;}\">\n\t\t\t\t\t<div class=\"e-con-inner\">\n\t\t<div class=\"elementor-element elementor-element-71259430 e-con-full e-flex e-con e-child\" data-id=\"71259430\" data-element_type=\"container\" data-e-type=\"container\">\n\t\t\t\t<div class=\"elementor-element elementor-element-561efd15 elementor-invisible elementor-widget elementor-widget-heading\" data-id=\"561efd15\" data-element_type=\"widget\" data-e-type=\"widget\" data-settings=\"{&quot;_animation&quot;:&quot;fadeIn&quot;}\" data-widget_type=\"heading.default\">\n\t\t\t\t<div class=\"elementor-widget-container\">\n\t\t\t\t\t<h2 class=\"elementor-heading-title elementor-size-default\">The cellars <br>of the Ch\u00e2teau<\/h2>\t\t\t\t<\/div>\n\t\t\t\t<\/div>\n\t\t\t\t<\/div>\n\t\t\t\t\t<\/div>\n\t\t\t\t<\/div>\n\t\t<div class=\"elementor-element elementor-element-2b8738c0 e-flex e-con-boxed e-con e-parent\" data-id=\"2b8738c0\" data-element_type=\"container\" data-e-type=\"container\">\n\t\t\t\t\t<div class=\"e-con-inner\">\n\t\t<div class=\"elementor-element elementor-element-57744498 e-con-full e-flex elementor-invisible e-con e-child\" data-id=\"57744498\" data-element_type=\"container\" data-e-type=\"container\" data-settings=\"{&quot;background_background&quot;:&quot;slideshow&quot;,&quot;animation&quot;:&quot;fadeIn&quot;,&quot;animation_delay&quot;:&quot;400&quot;,&quot;background_slideshow_gallery&quot;:[{&quot;id&quot;:2944,&quot;url&quot;:&quot;https:\\\/\\\/www.labourdaisiere.com\\\/wp-content\\\/uploads\\\/2024\\\/07\\\/Anniv-Arielle-et-Louis-Albert_397-scaled.jpg&quot;},{&quot;id&quot;:3494,&quot;url&quot;:&quot;https:\\\/\\\/www.labourdaisiere.com\\\/wp-content\\\/uploads\\\/2024\\\/07\\\/0797_C.BOURDAISIERE-NATALIEBOB-MAY2024.jpg&quot;},{&quot;id&quot;:2947,&quot;url&quot;:&quot;https:\\\/\\\/www.labourdaisiere.com\\\/wp-content\\\/uploads\\\/2024\\\/07\\\/Anniv-Arielle-et-Louis-Albert_299-scaled.jpg&quot;},{&quot;id&quot;:3489,&quot;url&quot;:&quot;https:\\\/\\\/www.labourdaisiere.com\\\/wp-content\\\/uploads\\\/2024\\\/07\\\/0768_C.BOURDAISIERE-NATALIEBOB-MAY2024-1.jpg&quot;},{&quot;id&quot;:2948,&quot;url&quot;:&quot;https:\\\/\\\/www.labourdaisiere.com\\\/wp-content\\\/uploads\\\/2024\\\/07\\\/Anniv-Arielle-et-Louis-Albert_281-scaled.jpg&quot;},{&quot;id&quot;:3491,&quot;url&quot;:&quot;https:\\\/\\\/www.labourdaisiere.com\\\/wp-content\\\/uploads\\\/2024\\\/07\\\/0774_C.BOURDAISIERE-NATALIEBOB-MAY2024.jpg&quot;},{&quot;id&quot;:3495,&quot;url&quot;:&quot;https:\\\/\\\/www.labourdaisiere.com\\\/wp-content\\\/uploads\\\/2024\\\/07\\\/0799_C.BOURDAISIERE-NATALIEBOB-MAY2024-1.jpg&quot;},{&quot;id&quot;:3496,&quot;url&quot;:&quot;https:\\\/\\\/www.labourdaisiere.com\\\/wp-content\\\/uploads\\\/2024\\\/07\\\/0802_C.BOURDAISIERE-NATALIEBOB-MAY2024.jpg&quot;}],&quot;background_slideshow_slide_duration&quot;:2000,&quot;background_slideshow_loop&quot;:&quot;yes&quot;,&quot;background_slideshow_slide_transition&quot;:&quot;fade&quot;,&quot;background_slideshow_transition_duration&quot;:500}\">\n\t\t\t\t<\/div>\n\t\t\t\t\t<\/div>\n\t\t\t\t<\/div>\n\t\t<div class=\"elementor-element elementor-element-3c0c1181 e-flex e-con-boxed e-con e-parent\" data-id=\"3c0c1181\" data-element_type=\"container\" data-e-type=\"container\">\n\t\t\t\t\t<div class=\"e-con-inner\">\n\t\t\t\t<div class=\"elementor-element elementor-element-275e11b1 elementor-widget-tablet__width-initial elementor-invisible elementor-widget elementor-widget-heading\" data-id=\"275e11b1\" data-element_type=\"widget\" data-e-type=\"widget\" data-settings=\"{&quot;_animation&quot;:&quot;fadeIn&quot;}\" data-widget_type=\"heading.default\">\n\t\t\t\t<div class=\"elementor-widget-container\">\n\t\t\t\t\t<h2 class=\"elementor-heading-title elementor-size-default\">A unique place among the ch\u00e2teaux of Touraine<\/h2>\t\t\t\t<\/div>\n\t\t\t\t<\/div>\n\t\t\t\t<div class=\"elementor-element elementor-element-5c60c4f7 elementor-widget__width-initial elementor-widget-mobile__width-inherit elementor-invisible elementor-widget elementor-widget-text-editor\" data-id=\"5c60c4f7\" data-element_type=\"widget\" data-e-type=\"widget\" data-settings=\"{&quot;_animation&quot;:&quot;fadeIn&quot;,&quot;_animation_delay&quot;:&quot;200&quot;}\" data-widget_type=\"text-editor.default\">\n\t\t\t\t<div class=\"elementor-widget-container\">\n\t\t\t\t\t\t\t\t\t<p>Inaugurated on June 6, 2017, in the heart of the Domaine de la Bourdaisi\u00e8re, this new 700 m2 reception hall can accommodate up to 199 people and offers a setting as unusual as it is exceptional.<\/p>\n<p>With subdued lighting highlighting the beauty of the tufa stone and multiple candles creating a warm, mysterious atmosphere, this atypical venue is ideal for family or business events.<\/p>\n<p>At selected times of the year, the hall will also be the setting for gastronomic evenings featuring local producers and actors showcasing local produce from the Centre-Val de Loire region.<\/p>\n\t\t\t\t\t\t\t\t<\/div>\n\t\t\t\t<\/div>\n\t\t\t\t\t<\/div>\n\t\t\t\t<\/div>\n\t\t\t\t<\/div>\n\t\t","protected":false},"excerpt":{"rendered":"<p>The cellars of the Ch\u00e2teau A unique place among the ch\u00e2teaux of Touraine Inaugurated on June 6, 2017, in the heart of the Domaine de la Bourdaisi\u00e8re, this new 700 m2 reception hall can accommodate up to 199 people and offers a setting as unusual as it is exceptional. With subdued lighting highlighting the beauty [&hellip;]<\/p>\n","protected":false},"author":2,"featured_media":0,"parent":0,"menu_order":0,"comment_status":"closed","ping_status":"closed","template":"elementor_header_footer","meta":{"footnotes":""},"class_list":["post-4913","page","type-page","status-publish","hentry"],"yoast_head":"<!-- This site is optimized with the Yoast SEO plugin v27.2 - https:\/\/yoast.com\/product\/yoast-seo-wordpress\/ -->\n<title>The cellars - Ch\u00e2teau de la Bourdaisi\u00e8re \u00b7 H\u00f4tel de charme *** \u00b7 Val de Loire<\/title>\n<meta name=\"robots\" content=\"index, follow, max-snippet:-1, max-image-preview:large, max-video-preview:-1\" \/>\n<link rel=\"canonical\" href=\"https:\/\/www.labourdaisiere.com\/en\/the-cellars\/\" \/>\n<meta property=\"og:locale\" content=\"en_US\" \/>\n<meta property=\"og:type\" content=\"article\" \/>\n<meta property=\"og:title\" content=\"The cellars - Ch\u00e2teau de la Bourdaisi\u00e8re \u00b7 H\u00f4tel de charme *** \u00b7 Val de Loire\" \/>\n<meta property=\"og:description\" content=\"The cellars of the Ch\u00e2teau A unique place among the ch\u00e2teaux of Touraine Inaugurated on June 6, 2017, in the heart of the Domaine de la Bourdaisi\u00e8re, this new 700 m2 reception hall can accommodate up to 199 people and offers a setting as unusual as it is exceptional. With subdued lighting highlighting the beauty [&hellip;]\" \/>\n<meta property=\"og:url\" content=\"https:\/\/www.labourdaisiere.com\/en\/the-cellars\/\" \/>\n<meta property=\"og:site_name\" content=\"Ch\u00e2teau de la Bourdaisi\u00e8re \u00b7 H\u00f4tel de charme *** \u00b7 Val de Loire\" \/>\n<meta property=\"article:publisher\" content=\"https:\/\/www.facebook.com\/labourdaisiere\/\" \/>\n<meta property=\"article:modified_time\" content=\"2024-10-25T14:14:17+00:00\" \/>\n<meta name=\"twitter:card\" content=\"summary_large_image\" \/>\n<meta name=\"twitter:label1\" content=\"Est. reading time\" \/>\n\t<meta name=\"twitter:data1\" content=\"1 minute\" \/>\n<script type=\"application\/ld+json\" class=\"yoast-schema-graph\">{\"@context\":\"https:\/\/schema.org\",\"@graph\":[{\"@type\":\"WebPage\",\"@id\":\"https:\/\/www.labourdaisiere.com\/en\/the-cellars\/\",\"url\":\"https:\/\/www.labourdaisiere.com\/en\/the-cellars\/\",\"name\":\"The cellars - Ch\u00e2teau de la Bourdaisi\u00e8re \u00b7 H\u00f4tel de charme *** \u00b7 Val de Loire\",\"isPartOf\":{\"@id\":\"https:\/\/www.labourdaisiere.com\/en\/#website\"},\"datePublished\":\"2024-06-18T06:13:41+00:00\",\"dateModified\":\"2024-10-25T14:14:17+00:00\",\"breadcrumb\":{\"@id\":\"https:\/\/www.labourdaisiere.com\/en\/the-cellars\/#breadcrumb\"},\"inLanguage\":\"en-US\",\"potentialAction\":[{\"@type\":\"ReadAction\",\"target\":[\"https:\/\/www.labourdaisiere.com\/en\/the-cellars\/\"]}]},{\"@type\":\"BreadcrumbList\",\"@id\":\"https:\/\/www.labourdaisiere.com\/en\/the-cellars\/#breadcrumb\",\"itemListElement\":[{\"@type\":\"ListItem\",\"position\":1,\"name\":\"Accueil\",\"item\":\"https:\/\/www.labourdaisiere.com\/en\/home\/\"},{\"@type\":\"ListItem\",\"position\":2,\"name\":\"The cellars\"}]},{\"@type\":\"WebSite\",\"@id\":\"https:\/\/www.labourdaisiere.com\/en\/#website\",\"url\":\"https:\/\/www.labourdaisiere.com\/en\/\",\"name\":\"Ch\u00e2teau de la Bourdaisi\u00e8re \u00b7 H\u00f4tel de charme *** \u00b7 Val de Loire\",\"description\":\"H\u00f4tel 3 \u00e9toiles situ\u00e9 au c\u0153ur des ch\u00e2teaux de la Loire, est l&#039;endroit id\u00e9al pour vous ressourcer en pleine nature.\",\"publisher\":{\"@id\":\"https:\/\/www.labourdaisiere.com\/en\/#organization\"},\"potentialAction\":[{\"@type\":\"SearchAction\",\"target\":{\"@type\":\"EntryPoint\",\"urlTemplate\":\"https:\/\/www.labourdaisiere.com\/en\/?s={search_term_string}\"},\"query-input\":{\"@type\":\"PropertyValueSpecification\",\"valueRequired\":true,\"valueName\":\"search_term_string\"}}],\"inLanguage\":\"en-US\"},{\"@type\":\"Organization\",\"@id\":\"https:\/\/www.labourdaisiere.com\/en\/#organization\",\"name\":\"Ch\u00e2teau de la Bourdaisi\u00e8re \u00b7 H\u00f4tel de charme *** \u00b7 Val de Loire\",\"url\":\"https:\/\/www.labourdaisiere.com\/en\/\",\"logo\":{\"@type\":\"ImageObject\",\"inLanguage\":\"en-US\",\"@id\":\"https:\/\/www.labourdaisiere.com\/en\/#\/schema\/logo\/image\/\",\"url\":\"https:\/\/www.labourdaisiere.com\/wp-content\/uploads\/2024\/06\/Logo-1.png\",\"contentUrl\":\"https:\/\/www.labourdaisiere.com\/wp-content\/uploads\/2024\/06\/Logo-1.png\",\"width\":706,\"height\":213,\"caption\":\"Ch\u00e2teau de la Bourdaisi\u00e8re \u00b7 H\u00f4tel de charme *** \u00b7 Val de Loire\"},\"image\":{\"@id\":\"https:\/\/www.labourdaisiere.com\/en\/#\/schema\/logo\/image\/\"},\"sameAs\":[\"https:\/\/www.facebook.com\/labourdaisiere\/\",\"https:\/\/www.instagram.com\/chateau_la_bourdaisiere\/\",\"https:\/\/fr.linkedin.com\/company\/deyrolle\"]}]}<\/script>\n<!-- \/ Yoast SEO plugin. -->","yoast_head_json":{"title":"The cellars - Ch\u00e2teau de la Bourdaisi\u00e8re \u00b7 H\u00f4tel de charme *** \u00b7 Val de Loire","robots":{"index":"index","follow":"follow","max-snippet":"max-snippet:-1","max-image-preview":"max-image-preview:large","max-video-preview":"max-video-preview:-1"},"canonical":"https:\/\/www.labourdaisiere.com\/en\/the-cellars\/","og_locale":"en_US","og_type":"article","og_title":"The cellars - Ch\u00e2teau de la Bourdaisi\u00e8re \u00b7 H\u00f4tel de charme *** \u00b7 Val de Loire","og_description":"The cellars of the Ch\u00e2teau A unique place among the ch\u00e2teaux of Touraine Inaugurated on June 6, 2017, in the heart of the Domaine de la Bourdaisi\u00e8re, this new 700 m2 reception hall can accommodate up to 199 people and offers a setting as unusual as it is exceptional. With subdued lighting highlighting the beauty [&hellip;]","og_url":"https:\/\/www.labourdaisiere.com\/en\/the-cellars\/","og_site_name":"Ch\u00e2teau de la Bourdaisi\u00e8re \u00b7 H\u00f4tel de charme *** \u00b7 Val de Loire","article_publisher":"https:\/\/www.facebook.com\/labourdaisiere\/","article_modified_time":"2024-10-25T14:14:17+00:00","twitter_card":"summary_large_image","twitter_misc":{"Est. reading time":"1 minute"},"schema":{"@context":"https:\/\/schema.org","@graph":[{"@type":"WebPage","@id":"https:\/\/www.labourdaisiere.com\/en\/the-cellars\/","url":"https:\/\/www.labourdaisiere.com\/en\/the-cellars\/","name":"The cellars - Ch\u00e2teau de la Bourdaisi\u00e8re \u00b7 H\u00f4tel de charme *** \u00b7 Val de Loire","isPartOf":{"@id":"https:\/\/www.labourdaisiere.com\/en\/#website"},"datePublished":"2024-06-18T06:13:41+00:00","dateModified":"2024-10-25T14:14:17+00:00","breadcrumb":{"@id":"https:\/\/www.labourdaisiere.com\/en\/the-cellars\/#breadcrumb"},"inLanguage":"en-US","potentialAction":[{"@type":"ReadAction","target":["https:\/\/www.labourdaisiere.com\/en\/the-cellars\/"]}]},{"@type":"BreadcrumbList","@id":"https:\/\/www.labourdaisiere.com\/en\/the-cellars\/#breadcrumb","itemListElement":[{"@type":"ListItem","position":1,"name":"Accueil","item":"https:\/\/www.labourdaisiere.com\/en\/home\/"},{"@type":"ListItem","position":2,"name":"The cellars"}]},{"@type":"WebSite","@id":"https:\/\/www.labourdaisiere.com\/en\/#website","url":"https:\/\/www.labourdaisiere.com\/en\/","name":"Ch\u00e2teau de la Bourdaisi\u00e8re \u00b7 H\u00f4tel de charme *** \u00b7 Val de Loire","description":"H\u00f4tel 3 \u00e9toiles situ\u00e9 au c\u0153ur des ch\u00e2teaux de la Loire, est l&#039;endroit id\u00e9al pour vous ressourcer en pleine nature.","publisher":{"@id":"https:\/\/www.labourdaisiere.com\/en\/#organization"},"potentialAction":[{"@type":"SearchAction","target":{"@type":"EntryPoint","urlTemplate":"https:\/\/www.labourdaisiere.com\/en\/?s={search_term_string}"},"query-input":{"@type":"PropertyValueSpecification","valueRequired":true,"valueName":"search_term_string"}}],"inLanguage":"en-US"},{"@type":"Organization","@id":"https:\/\/www.labourdaisiere.com\/en\/#organization","name":"Ch\u00e2teau de la Bourdaisi\u00e8re \u00b7 H\u00f4tel de charme *** \u00b7 Val de Loire","url":"https:\/\/www.labourdaisiere.com\/en\/","logo":{"@type":"ImageObject","inLanguage":"en-US","@id":"https:\/\/www.labourdaisiere.com\/en\/#\/schema\/logo\/image\/","url":"https:\/\/www.labourdaisiere.com\/wp-content\/uploads\/2024\/06\/Logo-1.png","contentUrl":"https:\/\/www.labourdaisiere.com\/wp-content\/uploads\/2024\/06\/Logo-1.png","width":706,"height":213,"caption":"Ch\u00e2teau de la Bourdaisi\u00e8re \u00b7 H\u00f4tel de charme *** \u00b7 Val de Loire"},"image":{"@id":"https:\/\/www.labourdaisiere.com\/en\/#\/schema\/logo\/image\/"},"sameAs":["https:\/\/www.facebook.com\/labourdaisiere\/","https:\/\/www.instagram.com\/chateau_la_bourdaisiere\/","https:\/\/fr.linkedin.com\/company\/deyrolle"]}]}},"_links":{"self":[{"href":"https:\/\/www.labourdaisiere.com\/en\/wp-json\/wp\/v2\/pages\/4913","targetHints":{"allow":["GET"]}}],"collection":[{"href":"https:\/\/www.labourdaisiere.com\/en\/wp-json\/wp\/v2\/pages"}],"about":[{"href":"https:\/\/www.labourdaisiere.com\/en\/wp-json\/wp\/v2\/types\/page"}],"author":[{"embeddable":true,"href":"https:\/\/www.labourdaisiere.com\/en\/wp-json\/wp\/v2\/users\/2"}],"replies":[{"embeddable":true,"href":"https:\/\/www.labourdaisiere.com\/en\/wp-json\/wp\/v2\/comments?post=4913"}],"version-history":[{"count":3,"href":"https:\/\/www.labourdaisiere.com\/en\/wp-json\/wp\/v2\/pages\/4913\/revisions"}],"predecessor-version":[{"id":6897,"href":"https:\/\/www.labourdaisiere.com\/en\/wp-json\/wp\/v2\/pages\/4913\/revisions\/6897"}],"wp:attachment":[{"href":"https:\/\/www.labourdaisiere.com\/en\/wp-json\/wp\/v2\/media?parent=4913"}],"curies":[{"name":"wp","href":"https:\/\/api.w.org\/{rel}","templated":true}]}}