{"id":4865,"date":"2024-07-16T11:51:54","date_gmt":"2024-07-16T09:51:54","guid":{"rendered":"https:\/\/www.labourdaisiere.com\/download-brochures\/"},"modified":"2026-03-30T07:49:01","modified_gmt":"2026-03-30T05:49:01","slug":"download-brochures","status":"publish","type":"page","link":"https:\/\/www.labourdaisiere.com\/en\/download-brochures\/","title":{"rendered":"Download brochures"},"content":{"rendered":"<style>.elementor-4865 .elementor-element.elementor-element-3d1adb9e{--display:flex;--min-height:600px;--flex-direction:column;--container-widget-width:100%;--container-widget-height:initial;--container-widget-flex-grow:0;--container-widget-align-self:initial;--flex-wrap-mobile:wrap;--justify-content:center;--overlay-opacity:0.37;--padding-top:0px;--padding-bottom:0px;--padding-left:20px;--padding-right:20px;}.elementor-4865 .elementor-element.elementor-element-3d1adb9e:not(.elementor-motion-effects-element-type-background), .elementor-4865 .elementor-element.elementor-element-3d1adb9e > .elementor-motion-effects-container > .elementor-motion-effects-layer{background-image:url(\"https:\/\/www.labourdaisiere.com\/wp-content\/uploads\/2024\/07\/C.-BURDAISIERE-JUNIO-2024-DEYROLLE-LECONS-DANATOMIE_415-1.jpg\");background-position:center center;background-size:cover;}.elementor-4865 .elementor-element.elementor-element-3d1adb9e::before, .elementor-4865 .elementor-element.elementor-element-3d1adb9e > .elementor-background-video-container::before, .elementor-4865 .elementor-element.elementor-element-3d1adb9e > .e-con-inner > .elementor-background-video-container::before, .elementor-4865 .elementor-element.elementor-element-3d1adb9e > .elementor-background-slideshow::before, .elementor-4865 .elementor-element.elementor-element-3d1adb9e > .e-con-inner > .elementor-background-slideshow::before, .elementor-4865 .elementor-element.elementor-element-3d1adb9e > .elementor-motion-effects-container > .elementor-motion-effects-layer::before{--background-overlay:'';background-color:#0F0F0F96;}.elementor-4865 .elementor-element.elementor-element-2437cf6a{--display:flex;--gap:0px 0px;--row-gap:0px;--column-gap:0px;--padding-top:45px;--padding-bottom:80px;--padding-left:0px;--padding-right:0px;}.elementor-4865 .elementor-element.elementor-element-35e7c416{text-align:center;}.elementor-4865 .elementor-element.elementor-element-35e7c416 .elementor-heading-title{font-family:var( --e-global-typography-888c778-font-family ), Sans-serif;font-size:var( --e-global-typography-888c778-font-size );font-weight:var( --e-global-typography-888c778-font-weight );text-transform:var( --e-global-typography-888c778-text-transform );font-style:var( --e-global-typography-888c778-font-style );text-decoration:var( --e-global-typography-888c778-text-decoration );line-height:var( --e-global-typography-888c778-line-height );letter-spacing:var( --e-global-typography-888c778-letter-spacing );word-spacing:var( --e-global-typography-888c778-word-spacing );color:var( --e-global-color-f0e0728 );}.elementor-4865 .elementor-element.elementor-element-35e7c416 > .elementor-widget-container{margin:0px 0px 28px 0px;}.elementor-4865 .elementor-element.elementor-element-7b8202e4{--display:flex;--flex-direction:column;--container-widget-width:100%;--container-widget-height:initial;--container-widget-flex-grow:0;--container-widget-align-self:initial;--flex-wrap-mobile:wrap;--gap:0px 0px;--row-gap:0px;--column-gap:0px;--margin-top:90px;--margin-bottom:100px;--margin-left:0px;--margin-right:0px;--padding-top:0px;--padding-bottom:0px;--padding-left:20px;--padding-right:20px;}.elementor-4865 .elementor-element.elementor-element-6b87c74d{text-align:center;font-family:var( --e-global-typography-8437c3e-font-family ), Sans-serif;font-size:var( --e-global-typography-8437c3e-font-size );font-weight:var( --e-global-typography-8437c3e-font-weight );text-transform:var( --e-global-typography-8437c3e-text-transform );font-style:var( --e-global-typography-8437c3e-font-style );text-decoration:var( --e-global-typography-8437c3e-text-decoration );line-height:var( --e-global-typography-8437c3e-line-height );letter-spacing:var( --e-global-typography-8437c3e-letter-spacing );word-spacing:var( --e-global-typography-8437c3e-word-spacing );color:var( --e-global-color-abac551 );width:var( --container-widget-width, 75% );max-width:75%;--container-widget-width:75%;--container-widget-flex-grow:0;}.elementor-4865 .elementor-element.elementor-element-6b87c74d.elementor-element{--align-self:center;}.elementor-4865 .elementor-element.elementor-element-9d55db2{--display:flex;}:root{--page-title-display:none;}@media(min-width:1001px){.elementor-4865 .elementor-element.elementor-element-3d1adb9e{--content-width:1240px;}.elementor-4865 .elementor-element.elementor-element-7b8202e4{--content-width:1240px;}}@media(max-width:1024px){.elementor-4865 .elementor-element.elementor-element-3d1adb9e{--min-height:500px;--padding-top:0px;--padding-bottom:0px;--padding-left:40px;--padding-right:40px;}.elementor-4865 .elementor-element.elementor-element-2437cf6a{--gap:0px 0px;--row-gap:0px;--column-gap:0px;}.elementor-4865 .elementor-element.elementor-element-35e7c416 .elementor-heading-title{font-size:var( --e-global-typography-888c778-font-size );line-height:var( --e-global-typography-888c778-line-height );letter-spacing:var( --e-global-typography-888c778-letter-spacing );word-spacing:var( --e-global-typography-888c778-word-spacing );}.elementor-4865 .elementor-element.elementor-element-7b8202e4{--margin-top:70px;--margin-bottom:75px;--margin-left:0px;--margin-right:0px;--padding-top:0px;--padding-bottom:0px;--padding-left:40px;--padding-right:40px;}.elementor-4865 .elementor-element.elementor-element-6b87c74d{font-size:var( --e-global-typography-8437c3e-font-size );line-height:var( --e-global-typography-8437c3e-line-height );letter-spacing:var( --e-global-typography-8437c3e-letter-spacing );word-spacing:var( --e-global-typography-8437c3e-word-spacing );--container-widget-width:515px;--container-widget-flex-grow:0;width:var( --container-widget-width, 515px );max-width:515px;}}@media(max-width:1000px){.elementor-4865 .elementor-element.elementor-element-3d1adb9e{--min-height:0px;--padding-top:0px;--padding-bottom:0px;--padding-left:20px;--padding-right:20px;}.elementor-4865 .elementor-element.elementor-element-2437cf6a{--padding-top:100px;--padding-bottom:90px;--padding-left:0px;--padding-right:0px;}.elementor-4865 .elementor-element.elementor-element-35e7c416 .elementor-heading-title{font-size:var( --e-global-typography-888c778-font-size );line-height:var( --e-global-typography-888c778-line-height );letter-spacing:var( --e-global-typography-888c778-letter-spacing );word-spacing:var( --e-global-typography-888c778-word-spacing );}.elementor-4865 .elementor-element.elementor-element-35e7c416 > .elementor-widget-container{padding:0px 0px 0px 0px;}.elementor-4865 .elementor-element.elementor-element-7b8202e4{--margin-top:45px;--margin-bottom:50px;--margin-left:0px;--margin-right:0px;--padding-top:0px;--padding-bottom:0px;--padding-left:20px;--padding-right:20px;}.elementor-4865 .elementor-element.elementor-element-6b87c74d{font-size:var( --e-global-typography-8437c3e-font-size );line-height:var( --e-global-typography-8437c3e-line-height );letter-spacing:var( --e-global-typography-8437c3e-letter-spacing );word-spacing:var( --e-global-typography-8437c3e-word-spacing );width:100%;max-width:100%;}.elementor-4865 .elementor-element.elementor-element-6b87c74d > .elementor-widget-container{margin:0px 0px 32px 0px;}}<\/style>\t\t<div data-elementor-type=\"wp-page\" data-elementor-id=\"4865\" class=\"elementor elementor-4865 elementor-3785\" data-elementor-post-type=\"page\">\n\t\t\t\t<div class=\"elementor-element elementor-element-3d1adb9e e-flex e-con-boxed e-con e-parent\" data-id=\"3d1adb9e\" data-element_type=\"container\" data-e-type=\"container\" data-settings=\"{&quot;background_background&quot;:&quot;classic&quot;}\">\n\t\t\t\t\t<div class=\"e-con-inner\">\n\t\t<div class=\"elementor-element elementor-element-2437cf6a e-con-full e-flex e-con e-child\" data-id=\"2437cf6a\" data-element_type=\"container\" data-e-type=\"container\">\n\t\t\t\t<div class=\"elementor-element elementor-element-35e7c416 elementor-invisible elementor-widget elementor-widget-heading\" data-id=\"35e7c416\" data-element_type=\"widget\" data-e-type=\"widget\" data-settings=\"{&quot;_animation&quot;:&quot;fadeIn&quot;}\" data-widget_type=\"heading.default\">\n\t\t\t\t<div class=\"elementor-widget-container\">\n\t\t\t\t\t<h2 class=\"elementor-heading-title elementor-size-default\">Download <br>brochures<\/h2>\t\t\t\t<\/div>\n\t\t\t\t<\/div>\n\t\t\t\t<\/div>\n\t\t\t\t\t<\/div>\n\t\t\t\t<\/div>\n\t\t<div class=\"elementor-element elementor-element-7b8202e4 e-flex e-con-boxed e-con e-parent\" data-id=\"7b8202e4\" data-element_type=\"container\" data-e-type=\"container\">\n\t\t\t\t\t<div class=\"e-con-inner\">\n\t\t\t\t<div class=\"elementor-element elementor-element-6b87c74d elementor-widget__width-initial elementor-widget-mobile__width-inherit elementor-invisible elementor-widget elementor-widget-text-editor\" data-id=\"6b87c74d\" data-element_type=\"widget\" data-e-type=\"widget\" data-settings=\"{&quot;_animation&quot;:&quot;fadeIn&quot;,&quot;_animation_delay&quot;:&quot;200&quot;}\" data-widget_type=\"text-editor.default\">\n\t\t\t\t<div class=\"elementor-widget-container\">\n\t\t\t\t\t\t\t\t\t<h3><strong><a class=\"\" href=\"https:\/\/www.labourdaisiere.com\/wp-content\/uploads\/2024\/07\/Brochure-Hebergement.pdf\" target=\"_blank\" rel=\"noopener\">Lodging brochure<\/a><\/strong><\/h3><h3><strong><a href=\"https:\/\/www.labourdaisiere.com\/wp-content\/uploads\/2026\/03\/BROCHURE-MARIAGE-UK.pdf\">Wedding brochure<\/a><\/strong><\/h3><h3><a class=\"\" href=\"https:\/\/www.labourdaisiere.com\/wp-content\/uploads\/2026\/03\/BROCHURE-MARIAGE-UK.pdf\" target=\"_blank\" rel=\"noopener\"><strong>Wedding packages<\/strong><\/a><\/h3><h3><strong><a class=\"link-hover\" href=\"https:\/\/www.labourdaisiere.com\/wp-content\/uploads\/2026\/03\/forfait-mariage-2027-GB.pdf\" target=\"_blank\" rel=\"noopener\">Service providers<\/a><\/strong><\/h3><h3><strong><a class=\"link-hover\" href=\"https:\/\/www.labourdaisiere.com\/wp-content\/uploads\/2024\/07\/Locations-professionnelles.pdf\" target=\"_blank\" rel=\"noopener\">Professional rentals<\/a><\/strong><\/h3><p>&#8211;<\/p><p>Click here to download the brochures!<\/p>\t\t\t\t\t\t\t\t<\/div>\n\t\t\t\t<\/div>\n\t\t\t\t\t<\/div>\n\t\t\t\t<\/div>\n\t\t<div class=\"elementor-element elementor-element-9d55db2 e-flex e-con-boxed e-con e-parent\" data-id=\"9d55db2\" data-element_type=\"container\" data-e-type=\"container\">\n\t\t\t\t\t<div class=\"e-con-inner\">\n\t\t\t\t\t<\/div>\n\t\t\t\t<\/div>\n\t\t\t\t<\/div>\n\t\t","protected":false},"excerpt":{"rendered":"<p>Download brochures Lodging brochure Wedding brochure Wedding packages Service providers Professional rentals &#8211; Click here to download the brochures!<\/p>\n","protected":false},"author":2,"featured_media":0,"parent":0,"menu_order":0,"comment_status":"closed","ping_status":"closed","template":"elementor_header_footer","meta":{"footnotes":""},"class_list":["post-4865","page","type-page","status-publish","hentry"],"yoast_head":"<!-- This site is optimized with the Yoast SEO plugin v27.2 - https:\/\/yoast.com\/product\/yoast-seo-wordpress\/ -->\n<title>Download brochures - Ch\u00e2teau de la Bourdaisi\u00e8re \u00b7 H\u00f4tel de charme *** \u00b7 Val de Loire<\/title>\n<meta name=\"robots\" content=\"index, follow, max-snippet:-1, max-image-preview:large, max-video-preview:-1\" \/>\n<link rel=\"canonical\" href=\"https:\/\/www.labourdaisiere.com\/en\/download-brochures\/\" \/>\n<meta property=\"og:locale\" content=\"en_US\" \/>\n<meta property=\"og:type\" content=\"article\" \/>\n<meta property=\"og:title\" content=\"Download brochures - Ch\u00e2teau de la Bourdaisi\u00e8re \u00b7 H\u00f4tel de charme *** \u00b7 Val de Loire\" \/>\n<meta property=\"og:description\" content=\"Download brochures Lodging brochure Wedding brochure Wedding packages Service providers Professional rentals &#8211; Click here to download the brochures!\" \/>\n<meta property=\"og:url\" content=\"https:\/\/www.labourdaisiere.com\/en\/download-brochures\/\" \/>\n<meta property=\"og:site_name\" content=\"Ch\u00e2teau de la Bourdaisi\u00e8re \u00b7 H\u00f4tel de charme *** \u00b7 Val de Loire\" \/>\n<meta property=\"article:publisher\" content=\"https:\/\/www.facebook.com\/labourdaisiere\/\" \/>\n<meta property=\"article:modified_time\" content=\"2026-03-30T05:49:01+00:00\" \/>\n<meta name=\"twitter:card\" content=\"summary_large_image\" \/>\n<meta name=\"twitter:label1\" content=\"Est. reading time\" \/>\n\t<meta name=\"twitter:data1\" content=\"1 minute\" \/>\n<script type=\"application\/ld+json\" class=\"yoast-schema-graph\">{\"@context\":\"https:\/\/schema.org\",\"@graph\":[{\"@type\":\"WebPage\",\"@id\":\"https:\/\/www.labourdaisiere.com\/en\/download-brochures\/\",\"url\":\"https:\/\/www.labourdaisiere.com\/en\/download-brochures\/\",\"name\":\"Download brochures - Ch\u00e2teau de la Bourdaisi\u00e8re \u00b7 H\u00f4tel de charme *** \u00b7 Val de Loire\",\"isPartOf\":{\"@id\":\"https:\/\/www.labourdaisiere.com\/en\/#website\"},\"datePublished\":\"2024-07-16T09:51:54+00:00\",\"dateModified\":\"2026-03-30T05:49:01+00:00\",\"breadcrumb\":{\"@id\":\"https:\/\/www.labourdaisiere.com\/en\/download-brochures\/#breadcrumb\"},\"inLanguage\":\"en-US\",\"potentialAction\":[{\"@type\":\"ReadAction\",\"target\":[\"https:\/\/www.labourdaisiere.com\/en\/download-brochures\/\"]}]},{\"@type\":\"BreadcrumbList\",\"@id\":\"https:\/\/www.labourdaisiere.com\/en\/download-brochures\/#breadcrumb\",\"itemListElement\":[{\"@type\":\"ListItem\",\"position\":1,\"name\":\"Accueil\",\"item\":\"https:\/\/www.labourdaisiere.com\/en\/home\/\"},{\"@type\":\"ListItem\",\"position\":2,\"name\":\"Download brochures\"}]},{\"@type\":\"WebSite\",\"@id\":\"https:\/\/www.labourdaisiere.com\/en\/#website\",\"url\":\"https:\/\/www.labourdaisiere.com\/en\/\",\"name\":\"Ch\u00e2teau de la Bourdaisi\u00e8re \u00b7 H\u00f4tel de charme *** \u00b7 Val de Loire\",\"description\":\"H\u00f4tel 3 \u00e9toiles situ\u00e9 au c\u0153ur des ch\u00e2teaux de la Loire, est l&#039;endroit id\u00e9al pour vous ressourcer en pleine nature.\",\"publisher\":{\"@id\":\"https:\/\/www.labourdaisiere.com\/en\/#organization\"},\"potentialAction\":[{\"@type\":\"SearchAction\",\"target\":{\"@type\":\"EntryPoint\",\"urlTemplate\":\"https:\/\/www.labourdaisiere.com\/en\/?s={search_term_string}\"},\"query-input\":{\"@type\":\"PropertyValueSpecification\",\"valueRequired\":true,\"valueName\":\"search_term_string\"}}],\"inLanguage\":\"en-US\"},{\"@type\":\"Organization\",\"@id\":\"https:\/\/www.labourdaisiere.com\/en\/#organization\",\"name\":\"Ch\u00e2teau de la Bourdaisi\u00e8re \u00b7 H\u00f4tel de charme *** \u00b7 Val de Loire\",\"url\":\"https:\/\/www.labourdaisiere.com\/en\/\",\"logo\":{\"@type\":\"ImageObject\",\"inLanguage\":\"en-US\",\"@id\":\"https:\/\/www.labourdaisiere.com\/en\/#\/schema\/logo\/image\/\",\"url\":\"https:\/\/www.labourdaisiere.com\/wp-content\/uploads\/2024\/06\/Logo-1.png\",\"contentUrl\":\"https:\/\/www.labourdaisiere.com\/wp-content\/uploads\/2024\/06\/Logo-1.png\",\"width\":706,\"height\":213,\"caption\":\"Ch\u00e2teau de la Bourdaisi\u00e8re \u00b7 H\u00f4tel de charme *** \u00b7 Val de Loire\"},\"image\":{\"@id\":\"https:\/\/www.labourdaisiere.com\/en\/#\/schema\/logo\/image\/\"},\"sameAs\":[\"https:\/\/www.facebook.com\/labourdaisiere\/\",\"https:\/\/www.instagram.com\/chateau_la_bourdaisiere\/\",\"https:\/\/fr.linkedin.com\/company\/deyrolle\"]}]}<\/script>\n<!-- \/ Yoast SEO plugin. -->","yoast_head_json":{"title":"Download brochures - Ch\u00e2teau de la Bourdaisi\u00e8re \u00b7 H\u00f4tel de charme *** \u00b7 Val de Loire","robots":{"index":"index","follow":"follow","max-snippet":"max-snippet:-1","max-image-preview":"max-image-preview:large","max-video-preview":"max-video-preview:-1"},"canonical":"https:\/\/www.labourdaisiere.com\/en\/download-brochures\/","og_locale":"en_US","og_type":"article","og_title":"Download brochures - Ch\u00e2teau de la Bourdaisi\u00e8re \u00b7 H\u00f4tel de charme *** \u00b7 Val de Loire","og_description":"Download brochures Lodging brochure Wedding brochure Wedding packages Service providers Professional rentals &#8211; Click here to download the brochures!","og_url":"https:\/\/www.labourdaisiere.com\/en\/download-brochures\/","og_site_name":"Ch\u00e2teau de la Bourdaisi\u00e8re \u00b7 H\u00f4tel de charme *** \u00b7 Val de Loire","article_publisher":"https:\/\/www.facebook.com\/labourdaisiere\/","article_modified_time":"2026-03-30T05:49:01+00:00","twitter_card":"summary_large_image","twitter_misc":{"Est. reading time":"1 minute"},"schema":{"@context":"https:\/\/schema.org","@graph":[{"@type":"WebPage","@id":"https:\/\/www.labourdaisiere.com\/en\/download-brochures\/","url":"https:\/\/www.labourdaisiere.com\/en\/download-brochures\/","name":"Download brochures - Ch\u00e2teau de la Bourdaisi\u00e8re \u00b7 H\u00f4tel de charme *** \u00b7 Val de Loire","isPartOf":{"@id":"https:\/\/www.labourdaisiere.com\/en\/#website"},"datePublished":"2024-07-16T09:51:54+00:00","dateModified":"2026-03-30T05:49:01+00:00","breadcrumb":{"@id":"https:\/\/www.labourdaisiere.com\/en\/download-brochures\/#breadcrumb"},"inLanguage":"en-US","potentialAction":[{"@type":"ReadAction","target":["https:\/\/www.labourdaisiere.com\/en\/download-brochures\/"]}]},{"@type":"BreadcrumbList","@id":"https:\/\/www.labourdaisiere.com\/en\/download-brochures\/#breadcrumb","itemListElement":[{"@type":"ListItem","position":1,"name":"Accueil","item":"https:\/\/www.labourdaisiere.com\/en\/home\/"},{"@type":"ListItem","position":2,"name":"Download brochures"}]},{"@type":"WebSite","@id":"https:\/\/www.labourdaisiere.com\/en\/#website","url":"https:\/\/www.labourdaisiere.com\/en\/","name":"Ch\u00e2teau de la Bourdaisi\u00e8re \u00b7 H\u00f4tel de charme *** \u00b7 Val de Loire","description":"H\u00f4tel 3 \u00e9toiles situ\u00e9 au c\u0153ur des ch\u00e2teaux de la Loire, est l&#039;endroit id\u00e9al pour vous ressourcer en pleine nature.","publisher":{"@id":"https:\/\/www.labourdaisiere.com\/en\/#organization"},"potentialAction":[{"@type":"SearchAction","target":{"@type":"EntryPoint","urlTemplate":"https:\/\/www.labourdaisiere.com\/en\/?s={search_term_string}"},"query-input":{"@type":"PropertyValueSpecification","valueRequired":true,"valueName":"search_term_string"}}],"inLanguage":"en-US"},{"@type":"Organization","@id":"https:\/\/www.labourdaisiere.com\/en\/#organization","name":"Ch\u00e2teau de la Bourdaisi\u00e8re \u00b7 H\u00f4tel de charme *** \u00b7 Val de Loire","url":"https:\/\/www.labourdaisiere.com\/en\/","logo":{"@type":"ImageObject","inLanguage":"en-US","@id":"https:\/\/www.labourdaisiere.com\/en\/#\/schema\/logo\/image\/","url":"https:\/\/www.labourdaisiere.com\/wp-content\/uploads\/2024\/06\/Logo-1.png","contentUrl":"https:\/\/www.labourdaisiere.com\/wp-content\/uploads\/2024\/06\/Logo-1.png","width":706,"height":213,"caption":"Ch\u00e2teau de la Bourdaisi\u00e8re \u00b7 H\u00f4tel de charme *** \u00b7 Val de Loire"},"image":{"@id":"https:\/\/www.labourdaisiere.com\/en\/#\/schema\/logo\/image\/"},"sameAs":["https:\/\/www.facebook.com\/labourdaisiere\/","https:\/\/www.instagram.com\/chateau_la_bourdaisiere\/","https:\/\/fr.linkedin.com\/company\/deyrolle"]}]}},"_links":{"self":[{"href":"https:\/\/www.labourdaisiere.com\/en\/wp-json\/wp\/v2\/pages\/4865","targetHints":{"allow":["GET"]}}],"collection":[{"href":"https:\/\/www.labourdaisiere.com\/en\/wp-json\/wp\/v2\/pages"}],"about":[{"href":"https:\/\/www.labourdaisiere.com\/en\/wp-json\/wp\/v2\/types\/page"}],"author":[{"embeddable":true,"href":"https:\/\/www.labourdaisiere.com\/en\/wp-json\/wp\/v2\/users\/2"}],"replies":[{"embeddable":true,"href":"https:\/\/www.labourdaisiere.com\/en\/wp-json\/wp\/v2\/comments?post=4865"}],"version-history":[{"count":23,"href":"https:\/\/www.labourdaisiere.com\/en\/wp-json\/wp\/v2\/pages\/4865\/revisions"}],"predecessor-version":[{"id":8043,"href":"https:\/\/www.labourdaisiere.com\/en\/wp-json\/wp\/v2\/pages\/4865\/revisions\/8043"}],"wp:attachment":[{"href":"https:\/\/www.labourdaisiere.com\/en\/wp-json\/wp\/v2\/media?parent=4865"}],"curies":[{"name":"wp","href":"https:\/\/api.w.org\/{rel}","templated":true}]}}